{"id":107070,"date":"2021-06-21T12:12:30","date_gmt":"2021-06-21T10:12:30","guid":{"rendered":"https:\/\/www.vmimixing.com\/?page_id=107070"},"modified":"2024-01-19T10:39:40","modified_gmt":"2024-01-19T09:39:40","slug":"grupo-empresarial","status":"publish","type":"page","link":"https:\/\/www.vmimixing.com\/es\/grupo-empresarial\/","title":{"rendered":"Hillenbrand: Empresa industrial mundial que suministra equipos y soluciones de procesamiento de alta ingenier\u00eda"},"content":{"rendered":"\n<p>Hillenbrand es una empresa industrial global que suministra equipos y soluciones de procesamiento de alta ingenier\u00eda a clientes de m\u00e1s de 100 pa\u00edses de todo el mundo. Su cartera se compone de marcas industriales l\u00edderes que sirven a mercados finales diversos, incluyendo<strong> pl\u00e1sticos duraderos, alimentos y reciclaje<\/strong>. Guiados por su Objectivo- Shape What Matters For Tomorrow\u2122 &#8211; buscan la<strong> excelencia, la colaboraci\u00f3n y la innovaci\u00f3n<\/strong> para dar forma consistentemente a las soluciones que mejor sirven a nuestros asociados, clientes, comunidades y otros colaboradores.<\/p>\n\n\n\n<p>En 2022, <strong>Hillenbrand <\/strong>adquiri\u00f3 <strong>Linxis Group<\/strong>, l\u00edderes en equipos especializados para las industrias alimentaria, farmac\u00e9utica y cosm\u00e9tica. Linxis Group tiene siete marcas l\u00edderes en la industria, incluida VMI. Linxis Group forma parte ahora de la <strong>Coperion Food, Health &amp; Nutrition Division. (FHN).<\/strong><\/p>\n\n\n\n<div class=\"wp-container-5 wp-block-columns\">\n<div class=\"wp-container-2 wp-block-column\">\n<div class=\"wp-container-1 wp-block-buttons\">\n<div class=\"wp-block-button aligncenter\"><a class=\"wp-block-button__link has-main-blue-background-color has-background\" href=\"https:\/\/ir.hillenbrand.com\/\" target=\"_blank\" rel=\"noreferrer noopener\">M\u00e0s sobre Hillenbrand<\/a><\/div>\n<\/div>\n<\/div>\n\n\n\n<div class=\"wp-container-4 wp-block-column\">\n<div class=\"wp-container-3 wp-block-buttons\">\n<div class=\"wp-block-button aligncenter\"><a class=\"wp-block-button__link has-main-blue-background-color has-background\" href=\"https:\/\/www.coperion.com\/en\" target=\"_blank\" rel=\"noreferrer noopener\">M\u00e0s sobre Coperion <\/a><\/div>\n<\/div>\n<\/div>\n<\/div>\n\n\n\n<p class=\"has-white-color has-main-blue-background-color has-text-color has-background has-normal-font-size\"><strong>Coperion y Linxis Group :<\/strong> Ambas empresas combinar\u00e1n sus puntos fuertes y capacidades como proveedores globales de las industrias alimentaria y de la salud. Los equipos altamente especializados de Linxis Group y su s\u00f3lida reputaci\u00f3n como proveedor l\u00edder de soluciones de mezcla, automatizaci\u00f3n de ingredientes y dosificaci\u00f3n se alinean directamente con la estrategia de crecimiento de Coperion para aplicaciones alimentarias. Juntos, Coperion y Linxis Group pueden aprovechar su experiencia respectiva y su presencia mundial combinada para ofrecer soluciones mejoradas a los clientes.<\/p>\n\n\n\n<p>Las empresas<mark style=\"background-color:rgba(0, 0, 0, 0)\" class=\"has-inline-color has-black-color\"> <\/mark>federa a empresas l\u00edderes y mundialmente reconocidas en sus \u00e1mbitos. El crecimiento del Grupo se basa en la innovaci\u00f3n, el compromiso y la satisfacci\u00f3n del cliente para responder a los retos de los mercados de la salud y de la industria agroalimentaria.<\/p>\n\n\n\n<div class=\"wp-container-8 wp-block-columns\">\n<div class=\"wp-container-6 wp-block-column\">\n<h2 id=\"ambitos-de-actividad\">\u00c1mbitos de actividad<\/h2>\n\n\n\n<p>En el centro de los desaf\u00edos estrat\u00e9gicos de nuestras empresas, los mercados en los que operan las empresas de LINXIS Group son:<\/p>\n\n\n\n<ul><li>La alimentaci\u00f3n humana y animal, en particular la panader\u00eda y los productos de restauraci\u00f3n<\/li><li>La Farmacia<\/li><li>La Cosm\u00e9tica<\/li><li>La Qu\u00edmica de especialidades<\/li><\/ul>\n\n\n\n<p>Las empresas del Grupo <strong>dise\u00f1an<\/strong>, <strong>fabrican<\/strong> e <strong>instalan<\/strong> procesos y <strong>equipos<\/strong> con un alto nivel de pericia.<\/p>\n\n\n\n<p><a href=\"https:\/\/linxisgroup.com\/LINXIS_GROUP_WEB\/uk\/SOCIETES.awp\" target=\"_blank\" rel=\"noreferrer noopener\"><\/a><a href=\"https:\/\/www.coperion.com\/en\/coperion-food-health-nutrition-division-stronger-together\" target=\"_blank\" rel=\"noreferrer noopener\">DESCUBRIR LAS EMPRESAS DEL GRUPO<\/a><\/p>\n<\/div>\n\n\n\n<div class=\"wp-container-7 wp-block-column\">\n<h2 id=\"presencia-mundial\">Presencia mundial<\/h2>\n\n\n\n<p>Las empresas del grupo est\u00e1n situadas en Francia, Alemania, Holanda, Estados Unidos y Canad\u00e1. A trav\u00e9s de la actividad altamente exportadora de sus filiales y de sus redes de representaci\u00f3n, la division FHN propone un soporte al conjunto de sus clientes en todo el mundo.<\/p>\n<\/div>\n<\/div>\n\n\n<div class=\"wp-block-image\">\n<figure class=\"aligncenter size-large is-resized\"><img loading=\"lazy\" src=\"https:\/\/www.vmimixing.com\/app\/uploads\/2021\/06\/Bandeau_activite_Linxis_Group.jpg\" alt=\"Activit\u00e9s de Linxis Group : gestion des ingr\u00e9dients, m\u00e9lange, transfert et dosage\" class=\"wp-image-106447\" width=\"855\" height=\"270\" srcset=\"https:\/\/www.vmimixing.com\/app\/uploads\/2021\/06\/Bandeau_activite_Linxis_Group.jpg 1140w, https:\/\/www.vmimixing.com\/app\/uploads\/2021\/06\/Bandeau_activite_Linxis_Group-700x0-c-default.jpg 700w, https:\/\/www.vmimixing.com\/app\/uploads\/2021\/06\/Bandeau_activite_Linxis_Group-960x0-c-default.jpg 960w, https:\/\/www.vmimixing.com\/app\/uploads\/2021\/06\/Bandeau_activite_Linxis_Group-0x540-c-default.jpg 1710w, https:\/\/www.vmimixing.com\/app\/uploads\/2021\/06\/Bandeau_activite_Linxis_Group-460x0-c-default.jpg 460w, https:\/\/www.vmimixing.com\/app\/uploads\/2021\/06\/Bandeau_activite_Linxis_Group-310x0-c-default.jpg 310w\" sizes=\"(max-width: 855px) 100vw, 855px\" \/><\/figure><\/div>\n\n\n<div class=\"wp-container-9 wp-block-group has-extra-light-gray-background-color has-background\"><div class=\"wp-block-group__inner-container\">\n<h2 class=\"has-text-align-center\" id=\"razon-de-ser-de-linxis-group\">Raz\u00f3n de ser y valores de Hillenbrand<\/h2>\n\n\n\n<p class=\"has-text-align-center\">Nuestra Raz\u00f3n de Ser se basa en los fundamentos de nuestro entorno actual y en la influencia que ejercemos en el mundo.<\/p>\n\n\n\n<p class=\"has-text-align-center\">&#8220;<strong>\u201cShape What&nbsp;Matters&nbsp;For Tomorrow\u2122\u201d<\/strong>  \/ &#8220;Concebir hoy lo que cuenta para ma\u00f1ana&#8221;<\/p>\n<\/div><\/div>\n\n\n\n<h2>Valores de Hillenbrand<\/h2>\n\n\n\n<ul><li>Ganar juntos<\/li><li>Desarollar oportunidades<\/li><li>Dar sentiro<\/li><li>La excelencia en acci\u00f3n<\/li><\/ul>\n\n\n\n<div class=\"wp-container-12 wp-block-columns are-vertically-aligned-center\">\n<div class=\"wp-container-10 wp-block-column is-vertically-aligned-center\" style=\"flex-basis:33.33%\">\n<figure class=\"wp-block-image size-full\"><img loading=\"lazy\" width=\"1200\" height=\"750\" src=\"https:\/\/www.vmimixing.com\/app\/uploads\/2021\/06\/travail_equipe_synergies_linxis_group.jpg\" alt=\"Synergies entre les soci\u00e9t\u00e9s du groupe Linxis Group\" class=\"wp-image-103882\" srcset=\"https:\/\/www.vmimixing.com\/app\/uploads\/2021\/06\/travail_equipe_synergies_linxis_group.jpg 1200w, https:\/\/www.vmimixing.com\/app\/uploads\/2021\/06\/travail_equipe_synergies_linxis_group-700x0-c-default.jpg 700w, https:\/\/www.vmimixing.com\/app\/uploads\/2021\/06\/travail_equipe_synergies_linxis_group-576x0-c-default.jpg 576w, https:\/\/www.vmimixing.com\/app\/uploads\/2021\/06\/travail_equipe_synergies_linxis_group-460x0-c-default.jpg 460w, https:\/\/www.vmimixing.com\/app\/uploads\/2021\/06\/travail_equipe_synergies_linxis_group-310x0-c-default.jpg 310w\" sizes=\"(max-width: 1200px) 100vw, 1200px\" \/><\/figure>\n<\/div>\n\n\n\n<div class=\"wp-container-11 wp-block-column is-vertically-aligned-center\" style=\"flex-basis:66.66%\">\n<h3 class=\"has-dark-blue-color has-text-color\" id=\"la-excelencia-y-el-rendimiento\">GANAR JUNTOS<\/h3>\n\n\n\n<p><strong>Colaboraci\u00f3n | Inclusi\u00f3n  | Responsabilidad<\/strong><\/p>\n<\/div>\n<\/div>\n\n\n\n<div class=\"wp-container-15 wp-block-columns are-vertically-aligned-center\">\n<div class=\"wp-container-13 wp-block-column is-vertically-aligned-center\" style=\"flex-basis:33.33%\">\n<figure class=\"wp-block-image size-full\"><img loading=\"lazy\" width=\"1200\" height=\"750\" src=\"https:\/\/www.vmimixing.com\/app\/uploads\/2021\/06\/relation_client_vmi_salon.jpg\" alt=\"Expertise et savoir-faire pour satisfaire les clients Linxis Group\" class=\"wp-image-103884\" srcset=\"https:\/\/www.vmimixing.com\/app\/uploads\/2021\/06\/relation_client_vmi_salon.jpg 1200w, https:\/\/www.vmimixing.com\/app\/uploads\/2021\/06\/relation_client_vmi_salon-700x0-c-default.jpg 700w, https:\/\/www.vmimixing.com\/app\/uploads\/2021\/06\/relation_client_vmi_salon-576x0-c-default.jpg 576w, https:\/\/www.vmimixing.com\/app\/uploads\/2021\/06\/relation_client_vmi_salon-460x0-c-default.jpg 460w, https:\/\/www.vmimixing.com\/app\/uploads\/2021\/06\/relation_client_vmi_salon-310x0-c-default.jpg 310w\" sizes=\"(max-width: 1200px) 100vw, 1200px\" \/><\/figure>\n<\/div>\n\n\n\n<div class=\"wp-container-14 wp-block-column is-vertically-aligned-center\" style=\"flex-basis:66.66%\">\n<h3 class=\"has-dark-blue-color has-text-color\" id=\"sinergias-e-innovacion\">DESAROLLAR OPORTUNIDADES<\/h3>\n\n\n\n<p class=\"has-text-align-left\"><strong>Orientaci\u00f3n al cliente | Experiencia | Innovaci\u00f3n<\/strong><\/p>\n<\/div>\n<\/div>\n\n\n\n<div class=\"wp-container-18 wp-block-columns are-vertically-aligned-center\">\n<div class=\"wp-container-16 wp-block-column is-vertically-aligned-center\" style=\"flex-basis:33.33%\">\n<figure class=\"wp-block-image size-full\"><img loading=\"lazy\" width=\"1200\" height=\"750\" src=\"https:\/\/www.vmimixing.com\/app\/uploads\/2024\/01\/Make-it-Matter_vmi.jpg\" alt=\"hands_with_plant_grow\" class=\"wp-image-112174\"\/><\/figure>\n<\/div>\n\n\n\n<div class=\"wp-container-17 wp-block-column is-vertically-aligned-center\" style=\"flex-basis:66.66%\">\n<h3 class=\"has-dark-blue-color has-text-color\" id=\"hacia-una-mutualizacion-de-la-experiencia-y-de-los-conocimientos\">DAR SENTIDO <\/h3>\n\n\n\n<p><strong>Integridad | Esencial para nuestra misi\u00f3n | Sostenibilidad<\/strong><\/p>\n<\/div>\n<\/div>\n\n\n\n<div class=\"wp-container-21 wp-block-columns are-vertically-aligned-center\">\n<div class=\"wp-container-19 wp-block-column is-vertically-aligned-center\" style=\"flex-basis:33.33%\">\n<figure class=\"wp-block-image size-full\"><img loading=\"lazy\" width=\"1200\" height=\"750\" src=\"https:\/\/www.vmimixing.com\/app\/uploads\/2021\/06\/savoir-faire_equipe_vmi.jpg\" alt=\"Engagement et professionnalisme des collaborateurs Linxis Group\" class=\"wp-image-103886\" srcset=\"https:\/\/www.vmimixing.com\/app\/uploads\/2021\/06\/savoir-faire_equipe_vmi.jpg 1200w, https:\/\/www.vmimixing.com\/app\/uploads\/2021\/06\/savoir-faire_equipe_vmi-700x0-c-default.jpg 700w, https:\/\/www.vmimixing.com\/app\/uploads\/2021\/06\/savoir-faire_equipe_vmi-576x0-c-default.jpg 576w, https:\/\/www.vmimixing.com\/app\/uploads\/2021\/06\/savoir-faire_equipe_vmi-460x0-c-default.jpg 460w, https:\/\/www.vmimixing.com\/app\/uploads\/2021\/06\/savoir-faire_equipe_vmi-310x0-c-default.jpg 310w\" sizes=\"(max-width: 1200px) 100vw, 1200px\" \/><\/figure>\n<\/div>\n\n\n\n<div class=\"wp-container-20 wp-block-column is-vertically-aligned-center\" style=\"flex-basis:66.66%\">\n<h3 class=\"has-dark-blue-color has-text-color\" id=\"hacia-una-mutualizacion-de-la-experiencia-y-de-los-conocimientos\">LA EXCELLENCIA EN ACCI\u00d3N<\/h3>\n\n\n\n<p><strong>Performance | Liderazgo | Mejora<\/strong><\/p>\n<\/div>\n<\/div>\n\n\n\n<div class=\"wp-block-vmi-internal-link-list\"><p class=\"content\"><mark style=\"background-color:rgba(0, 0, 0, 0)\" class=\"has-inline-color has-main-blue-color\">Para saber m\u00e1s:<\/mark><\/p>\n<ul><li><a href=\"https:\/\/www.vmimixing.com\/vmi\/leader-solutions-melange-petrissage\/\"><\/a><a href=\"https:\/\/www.vmimixing.com\/es\/lider-soluciones-mezcla-amasado\/\" target=\"_blank\" rel=\"noreferrer noopener\">Qui\u00e9nes somos<\/a><\/li><li><a href=\"https:\/\/www.vmimixing.com\/vmi\/ingenierie-accompagnement-projet\/\"><\/a><a href=\"https:\/\/www.vmimixing.com\/es\/ingenieria-acompanamiento-proyecto\/\" target=\"_blank\" rel=\"noreferrer noopener\">Ingenier\u00eda y acompa\u00f1amiento<\/a><\/li><li><a href=\"https:\/\/www.vmimixing.com\/vmi\/nos-engagements\/\"><\/a><a href=\"https:\/\/www.vmimixing.com\/es\/vmi-un-fabricante-de-equipos-y-un-proveedor-de-servicios-responsable\/\" target=\"_blank\" rel=\"noreferrer noopener\">Nuestros compromisos<\/a><\/li><li><a href=\"https:\/\/www.vmimixing.com\/vmi\/carrieres\/\"><\/a><a href=\"https:\/\/www.vmimixing.com\/es\/trayectorias-profesionales\/\" target=\"_blank\" rel=\"noreferrer noopener\">Carreras<\/a><\/li><\/ul>\n<\/div>\n","protected":false},"excerpt":{"rendered":"<p>Hillenbrand es una empresa industrial global que suministra equipos y soluciones de procesamiento de alta ingenier\u00eda a clientes de m\u00e1s de 100 pa\u00edses de todo el mundo. Su cartera se [&hellip;]<\/p>\n","protected":false},"author":1,"featured_media":0,"parent":0,"menu_order":75,"comment_status":"closed","ping_status":"closed","template":"","meta":{"page_sector":"-"},"yoast_head":"<!-- This site is optimized with the Yoast SEO plugin v19.9 - https:\/\/yoast.com\/wordpress\/plugins\/seo\/ -->\n<title>Hillenbrand: Empresa industrial mundial que suministra equipos y soluciones de procesamiento de alta ingenier\u00eda - VMI - Fabrication d&#039;\u00e9quipements de m\u00e9lange<\/title>\n<meta name=\"description\" content=\"VMI es una OpCo de la empresa Hillenbrand y forma parte de la Coperion Food, Health and Nutrition division.\" \/>\n<meta name=\"robots\" content=\"index, follow, max-snippet:-1, max-image-preview:large, max-video-preview:-1\" \/>\n<link rel=\"canonical\" href=\"https:\/\/www.vmimixing.com\/es\/grupo-empresarial\/\" \/>\n<meta property=\"og:locale\" content=\"es_ES\" \/>\n<meta property=\"og:type\" content=\"article\" \/>\n<meta property=\"og:title\" content=\"Hillenbrand: Empresa industrial mundial que suministra equipos y soluciones de procesamiento de alta ingenier\u00eda - VMI - Fabrication d&#039;\u00e9quipements de m\u00e9lange\" \/>\n<meta property=\"og:description\" content=\"VMI es una OpCo de la empresa Hillenbrand y forma parte de la Coperion Food, Health and Nutrition division.\" \/>\n<meta property=\"og:url\" content=\"https:\/\/www.vmimixing.com\/es\/grupo-empresarial\/\" \/>\n<meta property=\"og:site_name\" content=\"VMI - Fabrication d&#039;\u00e9quipements de m\u00e9lange\" \/>\n<meta property=\"article:modified_time\" content=\"2024-01-19T09:39:40+00:00\" \/>\n<meta property=\"og:image\" content=\"https:\/\/www.vmimixing.com\/app\/uploads\/2021\/06\/Bandeau_activite_Linxis_Group.jpg\" \/>\n<meta name=\"twitter:card\" content=\"summary_large_image\" \/>\n<meta name=\"twitter:label1\" content=\"Est. reading time\" \/>\n\t<meta name=\"twitter:data1\" content=\"4 minutes\" \/>\n<script type=\"application\/ld+json\" class=\"yoast-schema-graph\">{\"@context\":\"https:\/\/schema.org\",\"@graph\":[{\"@type\":\"WebPage\",\"@id\":\"https:\/\/www.vmimixing.com\/es\/grupo-empresarial\/\",\"url\":\"https:\/\/www.vmimixing.com\/es\/grupo-empresarial\/\",\"name\":\"Hillenbrand: Empresa industrial mundial que suministra equipos y soluciones de procesamiento de alta ingenier\u00eda - VMI - Fabrication d&#039;\u00e9quipements de m\u00e9lange\",\"isPartOf\":{\"@id\":\"https:\/\/www.vmimixing.com\/#website\"},\"datePublished\":\"2021-06-21T10:12:30+00:00\",\"dateModified\":\"2024-01-19T09:39:40+00:00\",\"description\":\"VMI es una OpCo de la empresa Hillenbrand y forma parte de la Coperion Food, Health and Nutrition division.\",\"breadcrumb\":{\"@id\":\"https:\/\/www.vmimixing.com\/es\/grupo-empresarial\/#breadcrumb\"},\"inLanguage\":\"es-ES\",\"potentialAction\":[{\"@type\":\"ReadAction\",\"target\":[\"https:\/\/www.vmimixing.com\/es\/grupo-empresarial\/\"]}]},{\"@type\":\"BreadcrumbList\",\"@id\":\"https:\/\/www.vmimixing.com\/es\/grupo-empresarial\/#breadcrumb\",\"itemListElement\":[{\"@type\":\"ListItem\",\"position\":1,\"name\":\"Accueil\",\"item\":\"https:\/\/www.vmimixing.com\/es\/\"},{\"@type\":\"ListItem\",\"position\":2,\"name\":\"Hillenbrand: Empresa industrial mundial que suministra equipos y soluciones de procesamiento de alta ingenier\u00eda\"}]},{\"@type\":\"WebSite\",\"@id\":\"https:\/\/www.vmimixing.com\/#website\",\"url\":\"https:\/\/www.vmimixing.com\/\",\"name\":\"VMI - Fabrication d&#039;\u00e9quipements de m\u00e9lange\",\"description\":\"Conception, fabrication et installation de solution de m\u00e9lange\",\"publisher\":{\"@id\":\"https:\/\/www.vmimixing.com\/#organization\"},\"potentialAction\":[{\"@type\":\"SearchAction\",\"target\":{\"@type\":\"EntryPoint\",\"urlTemplate\":\"https:\/\/www.vmimixing.com\/?s={search_term_string}\"},\"query-input\":\"required name=search_term_string\"}],\"inLanguage\":\"es-ES\"},{\"@type\":\"Organization\",\"@id\":\"https:\/\/www.vmimixing.com\/#organization\",\"name\":\"VMI - Fabrication d&#039;\u00e9quipements de m\u00e9lange\",\"url\":\"https:\/\/www.vmimixing.com\/\",\"logo\":{\"@type\":\"ImageObject\",\"inLanguage\":\"es-ES\",\"@id\":\"https:\/\/www.vmimixing.com\/#\/schema\/logo\/image\/\",\"url\":\"https:\/\/www.vmimixing.com\/app\/uploads\/2025\/09\/VMI_logo_Strapline_RGB_June2025.png\",\"contentUrl\":\"https:\/\/www.vmimixing.com\/app\/uploads\/2025\/09\/VMI_logo_Strapline_RGB_June2025.png\",\"width\":2180,\"height\":650,\"caption\":\"VMI - Fabrication d&#039;\u00e9quipements de m\u00e9lange\"},\"image\":{\"@id\":\"https:\/\/www.vmimixing.com\/#\/schema\/logo\/image\/\"}}]}<\/script>\n<!-- \/ Yoast SEO plugin. -->","yoast_head_json":{"title":"Hillenbrand: Empresa industrial mundial que suministra equipos y soluciones de procesamiento de alta ingenier\u00eda - VMI - Fabrication d&#039;\u00e9quipements de m\u00e9lange","description":"VMI es una OpCo de la empresa Hillenbrand y forma parte de la Coperion Food, Health and Nutrition division.","robots":{"index":"index","follow":"follow","max-snippet":"max-snippet:-1","max-image-preview":"max-image-preview:large","max-video-preview":"max-video-preview:-1"},"canonical":"https:\/\/www.vmimixing.com\/es\/grupo-empresarial\/","og_locale":"es_ES","og_type":"article","og_title":"Hillenbrand: Empresa industrial mundial que suministra equipos y soluciones de procesamiento de alta ingenier\u00eda - VMI - Fabrication d&#039;\u00e9quipements de m\u00e9lange","og_description":"VMI es una OpCo de la empresa Hillenbrand y forma parte de la Coperion Food, Health and Nutrition division.","og_url":"https:\/\/www.vmimixing.com\/es\/grupo-empresarial\/","og_site_name":"VMI - Fabrication d&#039;\u00e9quipements de m\u00e9lange","article_modified_time":"2024-01-19T09:39:40+00:00","og_image":[{"url":"https:\/\/www.vmimixing.com\/app\/uploads\/2021\/06\/Bandeau_activite_Linxis_Group.jpg"}],"twitter_card":"summary_large_image","twitter_misc":{"Est. reading time":"4 minutes"},"schema":{"@context":"https:\/\/schema.org","@graph":[{"@type":"WebPage","@id":"https:\/\/www.vmimixing.com\/es\/grupo-empresarial\/","url":"https:\/\/www.vmimixing.com\/es\/grupo-empresarial\/","name":"Hillenbrand: Empresa industrial mundial que suministra equipos y soluciones de procesamiento de alta ingenier\u00eda - VMI - Fabrication d&#039;\u00e9quipements de m\u00e9lange","isPartOf":{"@id":"https:\/\/www.vmimixing.com\/#website"},"datePublished":"2021-06-21T10:12:30+00:00","dateModified":"2024-01-19T09:39:40+00:00","description":"VMI es una OpCo de la empresa Hillenbrand y forma parte de la Coperion Food, Health and Nutrition division.","breadcrumb":{"@id":"https:\/\/www.vmimixing.com\/es\/grupo-empresarial\/#breadcrumb"},"inLanguage":"es-ES","potentialAction":[{"@type":"ReadAction","target":["https:\/\/www.vmimixing.com\/es\/grupo-empresarial\/"]}]},{"@type":"BreadcrumbList","@id":"https:\/\/www.vmimixing.com\/es\/grupo-empresarial\/#breadcrumb","itemListElement":[{"@type":"ListItem","position":1,"name":"Accueil","item":"https:\/\/www.vmimixing.com\/es\/"},{"@type":"ListItem","position":2,"name":"Hillenbrand: Empresa industrial mundial que suministra equipos y soluciones de procesamiento de alta ingenier\u00eda"}]},{"@type":"WebSite","@id":"https:\/\/www.vmimixing.com\/#website","url":"https:\/\/www.vmimixing.com\/","name":"VMI - Fabrication d&#039;\u00e9quipements de m\u00e9lange","description":"Conception, fabrication et installation de solution de m\u00e9lange","publisher":{"@id":"https:\/\/www.vmimixing.com\/#organization"},"potentialAction":[{"@type":"SearchAction","target":{"@type":"EntryPoint","urlTemplate":"https:\/\/www.vmimixing.com\/?s={search_term_string}"},"query-input":"required name=search_term_string"}],"inLanguage":"es-ES"},{"@type":"Organization","@id":"https:\/\/www.vmimixing.com\/#organization","name":"VMI - Fabrication d&#039;\u00e9quipements de m\u00e9lange","url":"https:\/\/www.vmimixing.com\/","logo":{"@type":"ImageObject","inLanguage":"es-ES","@id":"https:\/\/www.vmimixing.com\/#\/schema\/logo\/image\/","url":"https:\/\/www.vmimixing.com\/app\/uploads\/2025\/09\/VMI_logo_Strapline_RGB_June2025.png","contentUrl":"https:\/\/www.vmimixing.com\/app\/uploads\/2025\/09\/VMI_logo_Strapline_RGB_June2025.png","width":2180,"height":650,"caption":"VMI - Fabrication d&#039;\u00e9quipements de m\u00e9lange"},"image":{"@id":"https:\/\/www.vmimixing.com\/#\/schema\/logo\/image\/"}}]}},"_links":{"self":[{"href":"https:\/\/www.vmimixing.com\/es\/wp-json\/wp\/v2\/pages\/107070"}],"collection":[{"href":"https:\/\/www.vmimixing.com\/es\/wp-json\/wp\/v2\/pages"}],"about":[{"href":"https:\/\/www.vmimixing.com\/es\/wp-json\/wp\/v2\/types\/page"}],"author":[{"embeddable":true,"href":"https:\/\/www.vmimixing.com\/es\/wp-json\/wp\/v2\/users\/1"}],"replies":[{"embeddable":true,"href":"https:\/\/www.vmimixing.com\/es\/wp-json\/wp\/v2\/comments?post=107070"}],"version-history":[{"count":17,"href":"https:\/\/www.vmimixing.com\/es\/wp-json\/wp\/v2\/pages\/107070\/revisions"}],"predecessor-version":[{"id":112223,"href":"https:\/\/www.vmimixing.com\/es\/wp-json\/wp\/v2\/pages\/107070\/revisions\/112223"}],"wp:attachment":[{"href":"https:\/\/www.vmimixing.com\/es\/wp-json\/wp\/v2\/media?parent=107070"}],"curies":[{"name":"wp","href":"https:\/\/api.w.org\/{rel}","templated":true}]}}