{"id":107425,"date":"2021-06-22T17:27:16","date_gmt":"2021-06-22T15:27:16","guid":{"rendered":"https:\/\/www.vmimixing.com\/?page_id=107425"},"modified":"2026-01-21T10:34:53","modified_gmt":"2026-01-21T09:34:53","slug":"mision-compromisos","status":"publish","type":"page","link":"https:\/\/www.vmimixing.com\/es\/mision-compromisos\/","title":{"rendered":"Nuestra misi\u00f3n, nuestros compromisos."},"content":{"rendered":"\n<h2 class=\"has-dark-blue-color has-text-color\" id=\"enfoque-de-rse-para-un-compromiso-y-un-rendimiento-duraderos\">Pol\u00edtica CSMA<\/h2>\n\n\n\n<div class=\"wp-block-media-text alignwide is-stacked-on-mobile is-image-fill\" style=\"grid-template-columns:31% auto\"><figure class=\"wp-block-media-text__media\" style=\"background-image:url(https:\/\/www.vmimixing.com\/app\/uploads\/2025\/02\/AdobeStock_60959791_reseau-scaled.jpeg);background-position:50% 50%\"><img loading=\"lazy\" width=\"2560\" height=\"1707\" src=\"https:\/\/www.vmimixing.com\/app\/uploads\/2025\/02\/AdobeStock_60959791_reseau-scaled.jpeg\" alt=\"\" class=\"wp-image-112884 size-full\"\/><\/figure><div class=\"wp-block-media-text__content\">\n<p class=\"has-normal-font-size\">La misi\u00f3n de VMI es proporcionar a sus clientes de los<strong> sectores de Alimentaci\u00f3n y Salud <\/strong>soluciones de mezcla y servicios que les permitan hacer <strong>crecer su negocio<\/strong> y <strong>mejorar su rendimiento<\/strong>. Como empresa operativa de Hillenbrand, VMI se adhiere a sus valores y apoya su pol\u00edtica de sostenibilidad.<\/p>\n\n\n\n<div class=\"wp-container-1 wp-block-buttons\">\n<div class=\"wp-block-button is-style-vmi-button\"><a class=\"wp-block-button__link\" href=\"https:\/\/www.vmimixing.com\/app\/uploads\/2025\/01\/240729-QSE-Policy_VMI-2024-final-approved-version.pdf\" target=\"_blank\" rel=\"noreferrer noopener\">Consultar nuestra pol\u00edtica CSMA<\/a><\/div>\n<\/div>\n<\/div><\/div>\n\n\n\n<h2 class=\"has-dark-blue-color has-text-color\" id=\"la-satisfaccion-del-cliente-en-el-centro-de-nuestra-organizacion\">La satisfacci\u00f3n del cliente en el centro de&nbsp;nuestra organizaci\u00f3n&nbsp;<\/h2>\n\n\n\n<p>Nos&nbsp;comprometemos&nbsp;con nuestros clientes a&nbsp;llevar a cabo&nbsp;sus proyectos y&nbsp;a&nbsp;acompa\u00f1arles&nbsp;en sus desarrollos. Nuestros proveedores&nbsp;colaboradores&nbsp;est\u00e1n estrechamente asociados&nbsp;a&nbsp;esta l\u00f3gica&nbsp;de&nbsp;rendimiento&nbsp;duradero.&nbsp;<\/p>\n\n\n\n<p>Desde 2022, VMI obtiene cada a\u00f1o la medalla EcoVadis Silver, que se concede al 15\u202f% de las empresas mejor valoradas por EcoVadis. Esto refleja la calidad de su sistema de gesti\u00f3n sostenible y demuestra su compromiso con la transparencia a lo largo de toda la cadena de valor.<\/p>\n\n\n\n<p>Las puntuaciones que constituyen la nota global se basan en el an\u00e1lisis de documentos justificativos, que demuestran el desempe\u00f1o de la empresa en 4 categor\u00edas principales:&nbsp;<\/p>\n\n\n\n<ul><li>Eje Gobernanza y \u00c9tica&nbsp;<\/li><li>Eje&nbsp;Societal&nbsp;<\/li><li>Eje&nbsp;Social&nbsp;<\/li><li>Eje ambiental&nbsp;<\/li><\/ul>\n\n\n\n<div style=\"height:16px\" aria-hidden=\"true\" class=\"wp-block-spacer\"><\/div>\n\n\n\n<p>Como empresa del Grupo, VMI est\u00e1 plenamente comprometida con la <strong>pol\u00edtica y<\/strong> los <strong>valores de desarrollo sostenible de Hillenbrand<\/strong>.<\/p>\n\n\n\n<div class=\"wp-container-2 wp-block-buttons\">\n<div class=\"wp-block-button is-style-vmi-button\"><a class=\"wp-block-button__link\" href=\"https:\/\/hillenbrand.com\/sustainability\/\">Leer el informe de Hillenbrand &#8220;Shape what matters for tomorrow\u201d.<\/a><\/div>\n<\/div>\n\n\n\n<div class=\"wp-container-6 wp-block-columns\">\n<div class=\"wp-container-3 wp-block-column\" style=\"flex-basis:25%\"><\/div>\n\n\n\n<div class=\"wp-container-4 wp-block-column\" style=\"flex-basis:50%\"><\/div>\n\n\n\n<div class=\"wp-container-5 wp-block-column\" style=\"flex-basis:25%\"><\/div>\n<\/div>\n\n\n<div class=\"wp-block-vmi-square-image-with-text\">\n    <picture>\n        <img  srcset=\"https:\/\/www.vmimixing.com\/app\/uploads\/2021\/09\/AdobeStock_225982252_poignee-de-mains-576x0-c-default.jpeg 576w, https:\/\/www.vmimixing.com\/app\/uploads\/2021\/09\/AdobeStock_225982252_poignee-de-mains-904x0-c-default.jpeg 904w\" src=\"data:image\/gif;base64,R0lGODlhAQABAIAAAAAAAP\/\/\/yH5BAEAAAAALAAAAAABAAEAAAIBRAA7\" sizes=\"(max-width: 576px) 576px, (max-width: 1024px) 904px, 576px\" alt=\"\">\n    <\/picture>\n    <div class=\"block-content\">\n        <div>\n            \n\n<h2 class=\"has-dark-blue-color has-text-color\" id=\"gobernanza-y-etica\">Gobernanza y&nbsp;\u00c9tica&nbsp;<\/h2>\n\n\n\n<p>M\u00e1s all\u00e1 de las&nbsp;normativas, VMI se compromete a&nbsp;ejercer&nbsp;sus actividades de&nbsp;una&nbsp;manera sana y honesta.&nbsp;<\/p>\n\n\n\n<p>Una gobernanza&nbsp;transparente y responsable cubre todas las&nbsp;actividades&nbsp;de la&nbsp;empresa y la gesti\u00f3n de riesgos para cada una&nbsp;de ellas.&nbsp;<\/p>\n\n\n\n<p>En 2021, VMI implant\u00f3&nbsp;una&nbsp;<strong>carta&nbsp;Proveedores Responsables<\/strong>, para&nbsp;una mayor exigencia&nbsp;y un fuerte compromiso conjunto con sus&nbsp;colaboradores&nbsp;en t\u00e9rminos de \u00e9tica, lucha contra la corrupci\u00f3n y conformidad.&nbsp;<\/p>\n\n\n        <\/div>\n    <\/div>\n<\/div>\n\n\n<div class=\"wp-block-media-text alignwide has-media-on-the-right is-stacked-on-mobile is-image-fill\" style=\"grid-template-columns:auto 40%\"><figure class=\"wp-block-media-text__media\" style=\"background-image:url(https:\/\/www.vmimixing.com\/app\/uploads\/2021\/09\/AdobeStock_253333238_engagement-societal-edited-scaled.jpeg);background-position:38% 55.00000000000001%\"><img loading=\"lazy\" width=\"2560\" height=\"1606\" src=\"https:\/\/www.vmimixing.com\/app\/uploads\/2021\/09\/AdobeStock_253333238_engagement-societal-edited-scaled.jpeg\" alt=\"\" class=\"wp-image-108682 size-full\"\/><\/figure><div class=\"wp-block-media-text__content\">\n<h2 class=\"has-dark-blue-color has-text-color\" id=\"nuestro-compromiso-social\">Nuestras iniciativas de colaboraci\u00f3n<\/h2>\n\n\n\n<p>VMI&nbsp;se compromete&nbsp;a&nbsp;nivel social&nbsp;colaborando estrechamente&nbsp;con empresas locales, contribuyendo a la innovaci\u00f3n y fomentando la&nbsp;inserci\u00f3n laboral&nbsp;en todas sus formas.&nbsp;<\/p>\n\n\n\n<p>A trav\u00e9s de sus asociaciones locales y nacionales, VMI desea&nbsp;contribuir&nbsp;a&nbsp;<strong>crear empleos<\/strong>&nbsp;en el sector&nbsp;de la industria. Este&nbsp;enfoque&nbsp;refleja el deseo de la empresa de&nbsp;<strong>desarrollar&nbsp;los conocimientos franceses<\/strong>&nbsp;y&nbsp;los&nbsp;del territorio en el que opera,&nbsp;los Pa\u00edses del Loira.&nbsp;<\/p>\n\n\n\n<p>VMI es miembro de la&nbsp;<a href=\"https:\/\/www.lafrenchfab.fr\/\" target=\"_blank\" rel=\"noreferrer noopener\">French Fab<\/a>, sello de calidad que participa en la promoci\u00f3n de la industria francesa.&nbsp;<\/p>\n\n\n\n<p>&nbsp;VMI est\u00e1&nbsp;certificado&nbsp;<a href=\"https:\/\/solutions-de-melange.com\/certification-origine-france-garantie\/\" target=\"_blank\" rel=\"noreferrer noopener\">Origine France Garantie<\/a>&nbsp;(AFNOR&nbsp;Cert.&nbsp;79866) para sus gamas de m\u00e1quinas dedicadas a la panader\u00eda&nbsp;artesanal&nbsp;(amasadoras&nbsp;de&nbsp;espiral, batidoras de 10\/80&nbsp;l,&nbsp;fermentadores) y a la salud y las especialidades qu\u00edmicas (mezclador de laboratorio Turbotest\u00ae).<\/p>\n\n\n\n<p>VMI&nbsp;presta sus&nbsp;servicios&nbsp;a&nbsp;<strong>los&nbsp;fabricantes de la&nbsp;panader\u00eda y de las industrias agroalimentarias<\/strong>, as\u00ed como a&nbsp;<strong>los&nbsp;industriales de la farmacia, la cosm\u00e9tica y la qu\u00edmica de especialidades<\/strong>. Como tal, la empresa participa activamente en asociaciones y sindicatos que representan a estos sectores:&nbsp;<\/p>\n\n\n\n<p>\u2022&nbsp;<a href=\"https:\/\/ekip.com\/accueil\/\" target=\"_blank\" rel=\"noreferrer noopener\">EKIP<\/a>: Sindicato profesional de&nbsp;fabricantes&nbsp;franceses&nbsp;de equipos&nbsp;de panader\u00eda y pasteler\u00eda.&nbsp;<\/p>\n\n\n\n<p>\u2022&nbsp;<a href=\"https:\/\/www.cosmetic-valley.com\/\" target=\"_blank\" rel=\"noreferrer noopener\">COSMETIC VALLEY<\/a>: Asociaci\u00f3n que&nbsp;agrupa&nbsp;a los principales actores&nbsp;del sector cosm\u00e9tico franc\u00e9s. VMI es&nbsp;miembro de&nbsp;su consejo de&nbsp;administraci\u00f3n.&nbsp;<\/p>\n\n\n\n<p>A trav\u00e9s de estos compromisos, VMI contribuye&nbsp;al apoyo y&nbsp;a&nbsp;la&nbsp;promoci\u00f3n de&nbsp;los&nbsp;conocimientos&nbsp;y&nbsp;de&nbsp;la&nbsp;excelencia en las profesiones de&nbsp;la&nbsp;panader\u00eda y&nbsp;la&nbsp;cosm\u00e9tica\/farmacia.&nbsp;<\/p>\n<\/div><\/div>\n\n\n<div class=\"wp-block-vmi-square-image-with-text\">\n    <picture>\n        <img  srcset=\"https:\/\/www.vmimixing.com\/app\/uploads\/2021\/09\/AdobeStock_298685512_puzzle-576x0-c-default.jpeg 576w, https:\/\/www.vmimixing.com\/app\/uploads\/2021\/09\/AdobeStock_298685512_puzzle-904x0-c-default.jpeg 904w\" src=\"data:image\/gif;base64,R0lGODlhAQABAIAAAAAAAP\/\/\/yH5BAEAAAAALAAAAAABAAEAAAIBRAA7\" sizes=\"(max-width: 576px) 576px, (max-width: 1024px) 904px, 576px\" alt=\"\">\n    <\/picture>\n    <div class=\"block-content\">\n        <div>\n            \n\n<h2 class=\"has-dark-blue-color has-text-color\" id=\"nuestro-capital-humano\">Nuestro capital humano&nbsp;<\/h2>\n\n\n\n<p>Nuestra prioridad es velar por la prevenci\u00f3n de riesgos y la preservaci\u00f3n de&nbsp;<strong>la salud de nuestros empleados.<\/strong>&nbsp;<br>La&nbsp;empresa trabaja activamente para mejorar<strong>&nbsp;la seguridad de sus empleados<\/strong>&nbsp;del&nbsp;centro de Montaigu-Vend\u00e9e,&nbsp;as\u00ed como&nbsp;durante&nbsp;sus&nbsp;intervenciones en las instalaciones de&nbsp;los&nbsp;clientes.&nbsp;<\/p>\n\n\n\n<p>A trav\u00e9s de&nbsp;diferentes acuerdos,&nbsp;VMI se compromete a&nbsp;ofrecer&nbsp;las condiciones necesarias para el bienestar de sus empleados en el trabajo.&nbsp;<\/p>\n\n\n\n<p>El&nbsp;acompa\u00f1amiento&nbsp;de nuestros&nbsp;empleados se materializa especialmente&nbsp;con la&nbsp;adopci\u00f3n&nbsp;de una&nbsp;GPEC&nbsp;&#8211;<strong>Gesti\u00f3n de&nbsp;Previsi\u00f3n de&nbsp;Empleos y Competencias<\/strong>&#8211; desde 2008. Cada empleado se beneficia de un seguimiento de la evoluci\u00f3n de sus competencias,&nbsp;as\u00ed como de&nbsp;un&nbsp;itinerario&nbsp;de formaci\u00f3n personalizado.&nbsp;<\/p>\n\n\n\n<p>VMI&nbsp;propone&nbsp;a todos sus empleados un entorno de trabajo seguro, basado en un&nbsp;<strong>di\u00e1logo social abierto y constructivo.<\/strong>&nbsp;<\/p>\n\n\n\n<p>Entre&nbsp;las condiciones&nbsp;establecidas&nbsp;en los \u00faltimos a\u00f1os, necesarias para el bienestar de sus empleados,&nbsp;figura el nuevo sitio&nbsp;de VMI.<\/p>\n\n\n\n<p>Para reforzar sus procedimientos de seguridad, la VMI ha creado el puesto de<strong> coordinador QSE.<\/strong> Esta funci\u00f3n centraliza la implantaci\u00f3n de un sistema digital de notificaci\u00f3n de situaciones peligrosas y la gesti\u00f3n de los planes de acci\u00f3n. Cada mes, la VMI comunica sus resultados en materia de seguridad y emite<strong> flashes de seguridad<\/strong> para compartir las mejores pr\u00e1cticas basadas en an\u00e1lisis de accidentes y cuasi accidentes.<\/p>\n\n\n\n<p>&nbsp;<\/p>\n\n\n        <\/div>\n    <\/div>\n<\/div>\n\n\n<div class=\"wp-block-media-text alignwide has-media-on-the-right is-stacked-on-mobile is-image-fill\" style=\"grid-template-columns:auto 40%\"><figure class=\"wp-block-media-text__media\" style=\"background-image:url(https:\/\/www.vmimixing.com\/app\/uploads\/2025\/02\/AdobeStock_225881404_-scaled.jpg);background-position:50% 50%\"><img loading=\"lazy\" width=\"2560\" height=\"998\" src=\"https:\/\/www.vmimixing.com\/app\/uploads\/2025\/02\/AdobeStock_225881404_-scaled.jpg\" alt=\"\" class=\"wp-image-112875 size-full\"\/><\/figure><div class=\"wp-block-media-text__content\">\n<h2 class=\"has-dark-blue-color has-text-color\" id=\"nuestra-responsabilidad-ambiental\">Gesti\u00f3n de nuestro impacto<\/h2>\n\n\n\n<p>En 2015,&nbsp;VMI obtuvo la&nbsp;<strong>certificaci\u00f3n ISO 14001<\/strong>&nbsp;que,&nbsp;junto con la certificaci\u00f3n ISO 9001&nbsp;ya&nbsp;obtenida&nbsp;desde 1998,&nbsp;demuestra&nbsp;el deseo de la empresa de&nbsp;<strong>reducir su impacto ambiental<\/strong>&nbsp;y&nbsp;comprometerse con&nbsp;el desarrollo sostenible.<\/p>\n\n\n\n<p>Desea&nbsp;implicarse&nbsp;m\u00e1s&nbsp;<strong>desarrollando la conciencia ambiental<\/strong>&nbsp;de todos sus empleados.&nbsp;La empresa vela por el buen funcionamiento de su gesti\u00f3n de residuos, con contenedores de separaci\u00f3n distribuidos en diversos puntos de la empresa. En 2024, VMI document\u00f3 que el 30 % de los residuos fueron reutilizados y el 55 % reciclados y valorados, seg\u00fan el registro de residuos.<\/p>\n\n\n\n<p>En su estrategia de dise\u00f1o, VMI integra tres aspectos espec\u00edficos:&nbsp;<\/p>\n\n\n\n<ul><li><strong>Optimizaci\u00f3n del consumo energ\u00e9tico&nbsp;<\/strong>&nbsp;<\/li><li><strong>Mayor&nbsp;facilidad de limpieza de las&nbsp;m\u00e1quinas, asociada con tecnolog\u00edas y procesos mejorados&nbsp;<\/strong>&nbsp;<\/li><li><strong>Mejor seguimiento del consumo&nbsp;de agua y&nbsp;electricidad&nbsp;de los&nbsp;equipos&nbsp;<\/strong>&nbsp;<\/li><\/ul>\n<\/div><\/div>\n\n\n\n<div class=\"wp-block-vmi-internal-link-list\"><p class=\"content\"><mark style=\"background-color:rgba(0, 0, 0, 0)\" class=\"has-inline-color has-main-blue-color\">Para saber m\u00e1s :<\/mark> <\/p>\n<ul><li><a href=\"https:\/\/www.vmimixing.com\/es\/lider-soluciones-mezcla-amasado\/\">Qui\u00e9nes somos<\/a><a href=\"https:\/\/www.vmimixing.com\/vmi\/solutions-melange-food-boulangerie-amerique-du-nord\/\"><\/a><\/li><li><a href=\"https:\/\/www.vmimixing.com\/es\/ingenieria-acompanamiento-proyecto\/\">Ingenier\u00eda y acompa\u00f1amiento<\/a><\/li><li><a href=\"https:\/\/www.vmimixing.com\/es\/linxis-group\/\">Grupo empresarial<\/a><a href=\"https:\/\/www.vmimixing.com\/es\/linxis-group\/\"><\/a><\/li><li><a href=\"https:\/\/www.vmimixing.com\/es\/trayectorias-profesionales\/\">Carreras<\/a><\/li><\/ul>\n<\/div>\n\n\n\n<p><\/p>\n","protected":false},"excerpt":{"rendered":"<p>Pol\u00edtica CSMA La satisfacci\u00f3n del cliente en el centro de&nbsp;nuestra organizaci\u00f3n&nbsp; Nos&nbsp;comprometemos&nbsp;con nuestros clientes a&nbsp;llevar a cabo&nbsp;sus proyectos y&nbsp;a&nbsp;acompa\u00f1arles&nbsp;en sus desarrollos. Nuestros proveedores&nbsp;colaboradores&nbsp;est\u00e1n estrechamente asociados&nbsp;a&nbsp;esta l\u00f3gica&nbsp;de&nbsp;rendimiento&nbsp;duradero.&nbsp; Desde 2022, VMI obtiene [&hellip;]<\/p>\n","protected":false},"author":11,"featured_media":108687,"parent":0,"menu_order":68,"comment_status":"closed","ping_status":"closed","template":"","meta":{"page_sector":"-"},"yoast_head":"<!-- This site is optimized with the Yoast SEO plugin v19.9 - https:\/\/yoast.com\/wordpress\/plugins\/seo\/ -->\n<title>VMI - Nuestra Responsabilidad Social Empresarial<\/title>\n<meta name=\"description\" content=\"A trav\u00e9s de su enfoque de RSE, VMI contribuye a una econom\u00eda positiva por medio de un desarrollo sostenible de sus actividades.\" \/>\n<meta name=\"robots\" content=\"index, follow, max-snippet:-1, max-image-preview:large, max-video-preview:-1\" \/>\n<link rel=\"canonical\" href=\"https:\/\/www.vmimixing.com\/es\/mision-compromisos\/\" \/>\n<meta property=\"og:locale\" content=\"es_ES\" \/>\n<meta property=\"og:type\" content=\"article\" \/>\n<meta property=\"og:title\" content=\"VMI - Nuestra Responsabilidad Social Empresarial\" \/>\n<meta property=\"og:description\" content=\"A trav\u00e9s de su enfoque de RSE, VMI contribuye a una econom\u00eda positiva por medio de un desarrollo sostenible de sus actividades.\" \/>\n<meta property=\"og:url\" content=\"https:\/\/www.vmimixing.com\/es\/mision-compromisos\/\" \/>\n<meta property=\"og:site_name\" content=\"VMI - Fabrication d&#039;\u00e9quipements de m\u00e9lange\" \/>\n<meta property=\"article:modified_time\" content=\"2026-01-21T09:34:53+00:00\" \/>\n<meta property=\"og:image\" content=\"https:\/\/www.vmimixing.com\/app\/uploads\/2021\/09\/AdobeStock_65736382_champ-de-ble.jpeg\" \/>\n\t<meta property=\"og:image:width\" content=\"1709\" \/>\n\t<meta property=\"og:image:height\" content=\"2560\" \/>\n\t<meta property=\"og:image:type\" content=\"image\/jpeg\" \/>\n<meta name=\"twitter:card\" content=\"summary_large_image\" \/>\n<meta name=\"twitter:label1\" content=\"Est. reading time\" \/>\n\t<meta name=\"twitter:data1\" content=\"6 minutes\" \/>\n<script type=\"application\/ld+json\" class=\"yoast-schema-graph\">{\"@context\":\"https:\/\/schema.org\",\"@graph\":[{\"@type\":\"WebPage\",\"@id\":\"https:\/\/www.vmimixing.com\/es\/mision-compromisos\/\",\"url\":\"https:\/\/www.vmimixing.com\/es\/mision-compromisos\/\",\"name\":\"VMI - Nuestra Responsabilidad Social Empresarial\",\"isPartOf\":{\"@id\":\"https:\/\/www.vmimixing.com\/#website\"},\"datePublished\":\"2021-06-22T15:27:16+00:00\",\"dateModified\":\"2026-01-21T09:34:53+00:00\",\"description\":\"A trav\u00e9s de su enfoque de RSE, VMI contribuye a una econom\u00eda positiva por medio de un desarrollo sostenible de sus actividades.\",\"breadcrumb\":{\"@id\":\"https:\/\/www.vmimixing.com\/es\/mision-compromisos\/#breadcrumb\"},\"inLanguage\":\"es-ES\",\"potentialAction\":[{\"@type\":\"ReadAction\",\"target\":[\"https:\/\/www.vmimixing.com\/es\/mision-compromisos\/\"]}]},{\"@type\":\"BreadcrumbList\",\"@id\":\"https:\/\/www.vmimixing.com\/es\/mision-compromisos\/#breadcrumb\",\"itemListElement\":[{\"@type\":\"ListItem\",\"position\":1,\"name\":\"Accueil\",\"item\":\"https:\/\/www.vmimixing.com\/es\/\"},{\"@type\":\"ListItem\",\"position\":2,\"name\":\"Nuestra misi\u00f3n, nuestros compromisos.\"}]},{\"@type\":\"WebSite\",\"@id\":\"https:\/\/www.vmimixing.com\/#website\",\"url\":\"https:\/\/www.vmimixing.com\/\",\"name\":\"VMI - Fabrication d&#039;\u00e9quipements de m\u00e9lange\",\"description\":\"Conception, fabrication et installation de solution de m\u00e9lange\",\"publisher\":{\"@id\":\"https:\/\/www.vmimixing.com\/#organization\"},\"potentialAction\":[{\"@type\":\"SearchAction\",\"target\":{\"@type\":\"EntryPoint\",\"urlTemplate\":\"https:\/\/www.vmimixing.com\/?s={search_term_string}\"},\"query-input\":\"required name=search_term_string\"}],\"inLanguage\":\"es-ES\"},{\"@type\":\"Organization\",\"@id\":\"https:\/\/www.vmimixing.com\/#organization\",\"name\":\"VMI - Fabrication d&#039;\u00e9quipements de m\u00e9lange\",\"url\":\"https:\/\/www.vmimixing.com\/\",\"logo\":{\"@type\":\"ImageObject\",\"inLanguage\":\"es-ES\",\"@id\":\"https:\/\/www.vmimixing.com\/#\/schema\/logo\/image\/\",\"url\":\"https:\/\/www.vmimixing.com\/app\/uploads\/2025\/09\/VMI_logo_Strapline_RGB_June2025.png\",\"contentUrl\":\"https:\/\/www.vmimixing.com\/app\/uploads\/2025\/09\/VMI_logo_Strapline_RGB_June2025.png\",\"width\":2180,\"height\":650,\"caption\":\"VMI - Fabrication d&#039;\u00e9quipements de m\u00e9lange\"},\"image\":{\"@id\":\"https:\/\/www.vmimixing.com\/#\/schema\/logo\/image\/\"}}]}<\/script>\n<!-- \/ Yoast SEO plugin. -->","yoast_head_json":{"title":"VMI - Nuestra Responsabilidad Social Empresarial","description":"A trav\u00e9s de su enfoque de RSE, VMI contribuye a una econom\u00eda positiva por medio de un desarrollo sostenible de sus actividades.","robots":{"index":"index","follow":"follow","max-snippet":"max-snippet:-1","max-image-preview":"max-image-preview:large","max-video-preview":"max-video-preview:-1"},"canonical":"https:\/\/www.vmimixing.com\/es\/mision-compromisos\/","og_locale":"es_ES","og_type":"article","og_title":"VMI - Nuestra Responsabilidad Social Empresarial","og_description":"A trav\u00e9s de su enfoque de RSE, VMI contribuye a una econom\u00eda positiva por medio de un desarrollo sostenible de sus actividades.","og_url":"https:\/\/www.vmimixing.com\/es\/mision-compromisos\/","og_site_name":"VMI - Fabrication d&#039;\u00e9quipements de m\u00e9lange","article_modified_time":"2026-01-21T09:34:53+00:00","og_image":[{"width":1709,"height":2560,"url":"https:\/\/www.vmimixing.com\/app\/uploads\/2021\/09\/AdobeStock_65736382_champ-de-ble.jpeg","type":"image\/jpeg"}],"twitter_card":"summary_large_image","twitter_misc":{"Est. reading time":"6 minutes"},"schema":{"@context":"https:\/\/schema.org","@graph":[{"@type":"WebPage","@id":"https:\/\/www.vmimixing.com\/es\/mision-compromisos\/","url":"https:\/\/www.vmimixing.com\/es\/mision-compromisos\/","name":"VMI - Nuestra Responsabilidad Social Empresarial","isPartOf":{"@id":"https:\/\/www.vmimixing.com\/#website"},"datePublished":"2021-06-22T15:27:16+00:00","dateModified":"2026-01-21T09:34:53+00:00","description":"A trav\u00e9s de su enfoque de RSE, VMI contribuye a una econom\u00eda positiva por medio de un desarrollo sostenible de sus actividades.","breadcrumb":{"@id":"https:\/\/www.vmimixing.com\/es\/mision-compromisos\/#breadcrumb"},"inLanguage":"es-ES","potentialAction":[{"@type":"ReadAction","target":["https:\/\/www.vmimixing.com\/es\/mision-compromisos\/"]}]},{"@type":"BreadcrumbList","@id":"https:\/\/www.vmimixing.com\/es\/mision-compromisos\/#breadcrumb","itemListElement":[{"@type":"ListItem","position":1,"name":"Accueil","item":"https:\/\/www.vmimixing.com\/es\/"},{"@type":"ListItem","position":2,"name":"Nuestra misi\u00f3n, nuestros compromisos."}]},{"@type":"WebSite","@id":"https:\/\/www.vmimixing.com\/#website","url":"https:\/\/www.vmimixing.com\/","name":"VMI - Fabrication d&#039;\u00e9quipements de m\u00e9lange","description":"Conception, fabrication et installation de solution de m\u00e9lange","publisher":{"@id":"https:\/\/www.vmimixing.com\/#organization"},"potentialAction":[{"@type":"SearchAction","target":{"@type":"EntryPoint","urlTemplate":"https:\/\/www.vmimixing.com\/?s={search_term_string}"},"query-input":"required name=search_term_string"}],"inLanguage":"es-ES"},{"@type":"Organization","@id":"https:\/\/www.vmimixing.com\/#organization","name":"VMI - Fabrication d&#039;\u00e9quipements de m\u00e9lange","url":"https:\/\/www.vmimixing.com\/","logo":{"@type":"ImageObject","inLanguage":"es-ES","@id":"https:\/\/www.vmimixing.com\/#\/schema\/logo\/image\/","url":"https:\/\/www.vmimixing.com\/app\/uploads\/2025\/09\/VMI_logo_Strapline_RGB_June2025.png","contentUrl":"https:\/\/www.vmimixing.com\/app\/uploads\/2025\/09\/VMI_logo_Strapline_RGB_June2025.png","width":2180,"height":650,"caption":"VMI - Fabrication d&#039;\u00e9quipements de m\u00e9lange"},"image":{"@id":"https:\/\/www.vmimixing.com\/#\/schema\/logo\/image\/"}}]}},"_links":{"self":[{"href":"https:\/\/www.vmimixing.com\/es\/wp-json\/wp\/v2\/pages\/107425"}],"collection":[{"href":"https:\/\/www.vmimixing.com\/es\/wp-json\/wp\/v2\/pages"}],"about":[{"href":"https:\/\/www.vmimixing.com\/es\/wp-json\/wp\/v2\/types\/page"}],"author":[{"embeddable":true,"href":"https:\/\/www.vmimixing.com\/es\/wp-json\/wp\/v2\/users\/11"}],"replies":[{"embeddable":true,"href":"https:\/\/www.vmimixing.com\/es\/wp-json\/wp\/v2\/comments?post=107425"}],"version-history":[{"count":34,"href":"https:\/\/www.vmimixing.com\/es\/wp-json\/wp\/v2\/pages\/107425\/revisions"}],"predecessor-version":[{"id":113630,"href":"https:\/\/www.vmimixing.com\/es\/wp-json\/wp\/v2\/pages\/107425\/revisions\/113630"}],"wp:featuredmedia":[{"embeddable":true,"href":"https:\/\/www.vmimixing.com\/es\/wp-json\/wp\/v2\/media\/108687"}],"wp:attachment":[{"href":"https:\/\/www.vmimixing.com\/es\/wp-json\/wp\/v2\/media?parent=107425"}],"curies":[{"name":"wp","href":"https:\/\/api.w.org\/{rel}","templated":true}]}}