{"id":107529,"date":"2021-06-23T11:50:22","date_gmt":"2021-06-23T09:50:22","guid":{"rendered":"https:\/\/www.vmimixing.com\/?page_id=107529"},"modified":"2025-02-27T09:25:23","modified_gmt":"2025-02-27T08:25:23","slug":"las-cookies","status":"publish","type":"page","link":"https:\/\/www.vmimixing.com\/es\/las-cookies\/","title":{"rendered":"Las cookies"},"content":{"rendered":"\n<div class=\"wp-container-1 wp-block-buttons\">\n<div class=\"wp-block-button is-style-vmi-button\"><a class=\"wp-block-button__link\" href=\"#consent-settings\">Cambiar la configuraci\u00f3n de las cookies<\/a><\/div>\n<\/div>\n\n\n\n<div style=\"height:60px\" aria-hidden=\"true\" class=\"wp-block-spacer\"><\/div>\n\n\n\n<h2>DEFINICI\u00d3N<\/h2>\n\n\n\n<p>Una cookie es un peque\u00f1o archivo de texto de formato alfanum\u00e9rico que es depositado en su disco duro por el servidor del sitio web visitado o por un servidor tercero (agencia publicitaria, servicio web anal\u00edtico, etc.).<\/p>\n\n\n\n<p>Las cookies permiten reconocer a un usuario cuando este vuelve a visitar un sitio web. Sin embargo, desde el punto de vista t\u00e9cnico, las cookies permiten reconocer a una m\u00e1quina y no realmente al usuario. Las cookies solo pueden ser utilizadas por un servidor del dominio que las ha instalado. Gracias a las cookies, se puede acceder autom\u00e1ticamente a las p\u00e1ginas personalizadas sin tener que identificarse. Los datos de comportamiento est\u00e1n ligados el n\u00famero de cookies almacenadas en los servidores que hayan instalado las cookies. Las cookies solo posibilitan la identificaci\u00f3n nominativa su el internauta se ha inscrito previamente en el sitio (dentro de los l\u00edmites antes mencionados).<\/p>\n\n\n\n<p>Durante la consulta de nuestro sitio, la informaci\u00f3n relativa a la navegaci\u00f3n de su dispositivo (ordenador, tableta, tel\u00e9fono) por nuestro sitio puede quedar registrada en archivos \u00abCookies\u00bb instalados en su dispositivo. Adem\u00e1s, podr\u00edamos comprar espacios publicitarios directamente o a trav\u00e9s de nuestros proveedores de servicios (agencias de comunicaci\u00f3n, agencias publicitarias, redes sociales) para promover nuestras actividades y nuestras ofertas en sitios web de terceros, a trav\u00e9s de contenidos publicitarios (textos, gr\u00e1ficos, animaciones, v\u00eddeos, etc.) difundidos en estos sitios. Tenga en cuenta que solo el emisor de las cookies puede leer o modificar la informaci\u00f3n contenida en ellas.<\/p>\n\n\n\n<h2>LAS COOKIES UTILIZADAS POR ESTE SITIO<\/h2>\n\n\n\n<p>Cuando usted se conecta a nuestro sitio, podemos instalar distintas cookies en su dispositivo que nos permitir\u00e1n reconocer el navegador de su dispositivo durante el plazo de validez de la cookie correspondiente.<\/p>\n\n\n\n<p>Estas cookies nos permiten establecer estad\u00edsticas y vol\u00famenes de visita y de utilizaci\u00f3n de los distintos elementos que componen nuestro sitio (secciones y contenidos visitados, recorridos), lo que nos ayudar\u00e1 a mejorar el inter\u00e9s y la ergonom\u00eda de nuestros servicios.<\/p>\n\n\n\n<h2>LAS COOKIES UTILIZADAS POR TERCEROS<\/h2>\n\n\n\n<p>Nuestras empresas socias tambi\u00e9n podr\u00edan instalar cookies (cookies de terceros).&nbsp;A trav\u00e9s de nuestro sitio, las redes sociales puede instalar cookies en su dispositivo cuando usted utiliza los botones de dichas redes (\u00abFacebook\u00bb, \u00abPinterest\u00bb, \u00abInstagram\u00bb, \u00abGoogle +\u00bb etc.).<\/p>\n\n\n\n<h2>GESTI\u00d3N DE LAS COOKIES<\/h2>\n\n\n\n<p>Usted dispone de distintos medios para administrar las cookies.<\/p>\n\n\n\n<h3>LA CONFIGURACI\u00d3N DE SU NAVEGADOR INTERNET<\/h3>\n\n\n\n<p>En todo momento, usted puede elegir desactivar las cookies. Su navegador tambi\u00e9n puede configurarse para indicarle las cookies que se depositan en su ordenador y solicitar su aceptaci\u00f3n. Usted puede aceptar o rechazar las cookies caso por caso o rechazarlas sistem\u00e1tica y definitivamente.<\/p>\n\n\n\n<p>Le recordamos que la configuraci\u00f3n podr\u00eda modificar sus condiciones de acceso a nuestros servicios que requieren la utilizaci\u00f3n de cookies.<\/p>\n\n\n\n<p>Si su navegador est\u00e1 configurado de tal manera que rechace todas las cookies, no podr\u00e1 efectuar compras ni disfrutar de funciones esenciales de nuestro sitio como, por ejemplo, almacenar art\u00edculos en la cesta o recibir recomendaciones personalizadas. Para administrar las cookies en funci\u00f3n de sus expectativas, le invitamos a configurar su ordenador teniendo en cuenta la finalidad de las cookies antes descrita.<\/p>\n\n\n\n<p>Puede controlar o impedir el almacenamiento de cookies de la manera siguiente:<\/p>\n\n\n\n<p>La configuraci\u00f3n de cada navegador es distinta. Dicha configuraci\u00f3n est\u00e1 descrita en el men\u00fa de ayuda de su navegador, que le permitir\u00e1 saber c\u00f3mo modificas sus preferencias en lo relativo a las cookies.<\/p>\n\n\n\n<h3>PUEDE DESACTIVAR LAS COOKIES SIGUIENDO ESTAS INSTRUCCIONES:<\/h3>\n\n\n\n<h4>SI UTILIZA EL NAVEGADOR INTERNET EXPLORER<\/h4>\n\n\n\n<ul><li>En Internet Explorer, haga clic en \u00abHerramientas\u00bb, y luego en \u00abOpciones de Internet\u00bb<\/li><li>En la pesta\u00f1a General, en Historial de navegaci\u00f3n, haga clic en \u00abAjustes\u00bb<\/li><li>Haga clic en el bot\u00f3n \u00abVer los archivos\u00bb<\/li><li>Haga clic en el encabezado de columna Nombre para ordenar los archivos alfab\u00e9ticamente, y recorra la lista hasta que vea archivos que empiezan por el prefijo \u00abCookie\u00bb. (todas las cookies tienen este prefijo y suelen contener el nombre del sitio web que las ha creado).<\/li><li>Seleccione y suprima las cookies siguientes: \u2018displayCookieConsent\u2019, \u2018PHPSESSID\u2019, \u2018BE_USER_AUTH\u2019 y \u2018BE_PAGE_OFFSET\u2019.<\/li><li>Cierre la ventana que contiene la lista de archivos<\/li><li>Pulse \u00abConfirmar\u00bb dos veces para volver a Internet Explorer.<\/li><\/ul>\n\n\n\n<h4>SI UTILIZA EL NAVEGADOR FIREFOX<\/h4>\n\n\n\n<ul><li>Vaya a la pesta\u00f1a \u00abHerramientas\u00bb del navegador y seleccione el men\u00fa \u00abOpciones\u00bb&nbsp;<\/li><li>En la ventana que se abre, elija \u00abConfidencialidad\u00bb y haga clic en \u00abVer las cookies\u00bb<\/li><li>Localice los archivos con los nombres arriba mencionados. Selecci\u00f3nelos y supr\u00edmalos.<\/li><\/ul>\n\n\n\n<h4>SI UTILIZA EL NAVEGADOR SAFARI<\/h4>\n\n\n\n<ul><li>En el navegador, elija Edici\u00f3n &gt; Preferencias<\/li><li>haga clic en Seguridad<\/li><li>Haga clic en \u00abVer las cookies\u00bb<\/li><li>Seleccione las cookies con los nombres arriba mencionados y haga clic en \u00abSuprimir\u00bb o en \u00abSuprimir todo\u00bb.<\/li><li>Cuando haya suprimido las cookies, haga clic en \u00abTerminar\u00bb.<\/li><\/ul>\n\n\n\n<h4>SI UTILIZA EL NAVEGADOR GOOGLE CHROME<\/h4>\n\n\n\n<ul><li>Haga clic en el icono del men\u00fa \u00abHerramientas\u00bb<\/li><li>Selecciones \u00abOpciones\u00bb<\/li><li>Haga clic en la pesta\u00f1a \u00abOpciones avanzadas\u00bb y acceda a la secci\u00f3n \u00abConfidencialidad\u00bb<\/li><li>Haga clic en el bot\u00f3n \u00abVer las cookies\u00bb<\/li><li>Localice los archivos con los nombres arriba mencionados. Selecci\u00f3nelos y supr\u00edmalos.<\/li><li>Haga clic en \u00abCerrar\u00bb para volver al navegador<\/li><\/ul>\n\n\n\n<h2>LA CONFIGURACI\u00d3N EN UNA PLATAFORMA DE ADMINISTRACI\u00d3N DE COOKIES<\/h2>\n\n\n\n<p>Puede administrar sus cookies accediendo a plataformas de administraci\u00f3n de cookies ofrecidas por los profesionales publicitarios.<\/p>\n\n\n\n<h2>M\u00c1S INFORMACI\u00d3N SOBRE LAS COOKIES<\/h2>\n\n\n\n<p><a href=\"http:\/\/www.cnil.fr\/vos-droits\/vos-traces\/les-cookies\/\" target=\"_blank\" rel=\"noreferrer noopener\">CNIL : http:\/\/www.cnil.fr\/vos-droits\/vos-traces\/les-cookies\/<\/a><\/p>\n","protected":false},"excerpt":{"rendered":"<p>DEFINICI\u00d3N Una cookie es un peque\u00f1o archivo de texto de formato alfanum\u00e9rico que es depositado en su disco duro por el servidor del sitio web visitado o por un servidor [&hellip;]<\/p>\n","protected":false},"author":1,"featured_media":0,"parent":0,"menu_order":100,"comment_status":"closed","ping_status":"closed","template":"","meta":{"page_sector":"-"},"yoast_head":"<!-- This site is optimized with the Yoast SEO plugin v19.9 - https:\/\/yoast.com\/wordpress\/plugins\/seo\/ -->\n<title>Las cookies - VMI - Fabrication d&#039;\u00e9quipements de m\u00e9lange<\/title>\n<meta name=\"robots\" content=\"index, follow, max-snippet:-1, max-image-preview:large, max-video-preview:-1\" \/>\n<link rel=\"canonical\" href=\"https:\/\/www.vmimixing.com\/es\/las-cookies\/\" \/>\n<meta property=\"og:locale\" content=\"es_ES\" \/>\n<meta property=\"og:type\" content=\"article\" \/>\n<meta property=\"og:title\" content=\"Las cookies - VMI - Fabrication d&#039;\u00e9quipements de m\u00e9lange\" \/>\n<meta property=\"og:description\" content=\"DEFINICI\u00d3N Una cookie es un peque\u00f1o archivo de texto de formato alfanum\u00e9rico que es depositado en su disco duro por el servidor del sitio web visitado o por un servidor [&hellip;]\" \/>\n<meta property=\"og:url\" content=\"https:\/\/www.vmimixing.com\/es\/las-cookies\/\" \/>\n<meta property=\"og:site_name\" content=\"VMI - Fabrication d&#039;\u00e9quipements de m\u00e9lange\" \/>\n<meta property=\"article:modified_time\" content=\"2025-02-27T08:25:23+00:00\" \/>\n<meta name=\"twitter:card\" content=\"summary_large_image\" \/>\n<meta name=\"twitter:label1\" content=\"Est. reading time\" \/>\n\t<meta name=\"twitter:data1\" content=\"5 minutes\" \/>\n<script type=\"application\/ld+json\" class=\"yoast-schema-graph\">{\"@context\":\"https:\/\/schema.org\",\"@graph\":[{\"@type\":\"WebPage\",\"@id\":\"https:\/\/www.vmimixing.com\/es\/las-cookies\/\",\"url\":\"https:\/\/www.vmimixing.com\/es\/las-cookies\/\",\"name\":\"Las cookies - VMI - Fabrication d&#039;\u00e9quipements de m\u00e9lange\",\"isPartOf\":{\"@id\":\"https:\/\/www.vmimixing.com\/#website\"},\"datePublished\":\"2021-06-23T09:50:22+00:00\",\"dateModified\":\"2025-02-27T08:25:23+00:00\",\"breadcrumb\":{\"@id\":\"https:\/\/www.vmimixing.com\/es\/las-cookies\/#breadcrumb\"},\"inLanguage\":\"es-ES\",\"potentialAction\":[{\"@type\":\"ReadAction\",\"target\":[\"https:\/\/www.vmimixing.com\/es\/las-cookies\/\"]}]},{\"@type\":\"BreadcrumbList\",\"@id\":\"https:\/\/www.vmimixing.com\/es\/las-cookies\/#breadcrumb\",\"itemListElement\":[{\"@type\":\"ListItem\",\"position\":1,\"name\":\"Accueil\",\"item\":\"https:\/\/www.vmimixing.com\/es\/\"},{\"@type\":\"ListItem\",\"position\":2,\"name\":\"Las cookies\"}]},{\"@type\":\"WebSite\",\"@id\":\"https:\/\/www.vmimixing.com\/#website\",\"url\":\"https:\/\/www.vmimixing.com\/\",\"name\":\"VMI - Fabrication d&#039;\u00e9quipements de m\u00e9lange\",\"description\":\"Conception, fabrication et installation de solution de m\u00e9lange\",\"publisher\":{\"@id\":\"https:\/\/www.vmimixing.com\/#organization\"},\"potentialAction\":[{\"@type\":\"SearchAction\",\"target\":{\"@type\":\"EntryPoint\",\"urlTemplate\":\"https:\/\/www.vmimixing.com\/?s={search_term_string}\"},\"query-input\":\"required name=search_term_string\"}],\"inLanguage\":\"es-ES\"},{\"@type\":\"Organization\",\"@id\":\"https:\/\/www.vmimixing.com\/#organization\",\"name\":\"VMI - Fabrication d&#039;\u00e9quipements de m\u00e9lange\",\"url\":\"https:\/\/www.vmimixing.com\/\",\"logo\":{\"@type\":\"ImageObject\",\"inLanguage\":\"es-ES\",\"@id\":\"https:\/\/www.vmimixing.com\/#\/schema\/logo\/image\/\",\"url\":\"https:\/\/www.vmimixing.com\/app\/uploads\/2025\/09\/VMI_logo_Strapline_RGB_June2025.png\",\"contentUrl\":\"https:\/\/www.vmimixing.com\/app\/uploads\/2025\/09\/VMI_logo_Strapline_RGB_June2025.png\",\"width\":2180,\"height\":650,\"caption\":\"VMI - Fabrication d&#039;\u00e9quipements de m\u00e9lange\"},\"image\":{\"@id\":\"https:\/\/www.vmimixing.com\/#\/schema\/logo\/image\/\"}}]}<\/script>\n<!-- \/ Yoast SEO plugin. -->","yoast_head_json":{"title":"Las cookies - VMI - Fabrication d&#039;\u00e9quipements de m\u00e9lange","robots":{"index":"index","follow":"follow","max-snippet":"max-snippet:-1","max-image-preview":"max-image-preview:large","max-video-preview":"max-video-preview:-1"},"canonical":"https:\/\/www.vmimixing.com\/es\/las-cookies\/","og_locale":"es_ES","og_type":"article","og_title":"Las cookies - VMI - Fabrication d&#039;\u00e9quipements de m\u00e9lange","og_description":"DEFINICI\u00d3N Una cookie es un peque\u00f1o archivo de texto de formato alfanum\u00e9rico que es depositado en su disco duro por el servidor del sitio web visitado o por un servidor [&hellip;]","og_url":"https:\/\/www.vmimixing.com\/es\/las-cookies\/","og_site_name":"VMI - Fabrication d&#039;\u00e9quipements de m\u00e9lange","article_modified_time":"2025-02-27T08:25:23+00:00","twitter_card":"summary_large_image","twitter_misc":{"Est. reading time":"5 minutes"},"schema":{"@context":"https:\/\/schema.org","@graph":[{"@type":"WebPage","@id":"https:\/\/www.vmimixing.com\/es\/las-cookies\/","url":"https:\/\/www.vmimixing.com\/es\/las-cookies\/","name":"Las cookies - VMI - Fabrication d&#039;\u00e9quipements de m\u00e9lange","isPartOf":{"@id":"https:\/\/www.vmimixing.com\/#website"},"datePublished":"2021-06-23T09:50:22+00:00","dateModified":"2025-02-27T08:25:23+00:00","breadcrumb":{"@id":"https:\/\/www.vmimixing.com\/es\/las-cookies\/#breadcrumb"},"inLanguage":"es-ES","potentialAction":[{"@type":"ReadAction","target":["https:\/\/www.vmimixing.com\/es\/las-cookies\/"]}]},{"@type":"BreadcrumbList","@id":"https:\/\/www.vmimixing.com\/es\/las-cookies\/#breadcrumb","itemListElement":[{"@type":"ListItem","position":1,"name":"Accueil","item":"https:\/\/www.vmimixing.com\/es\/"},{"@type":"ListItem","position":2,"name":"Las cookies"}]},{"@type":"WebSite","@id":"https:\/\/www.vmimixing.com\/#website","url":"https:\/\/www.vmimixing.com\/","name":"VMI - Fabrication d&#039;\u00e9quipements de m\u00e9lange","description":"Conception, fabrication et installation de solution de m\u00e9lange","publisher":{"@id":"https:\/\/www.vmimixing.com\/#organization"},"potentialAction":[{"@type":"SearchAction","target":{"@type":"EntryPoint","urlTemplate":"https:\/\/www.vmimixing.com\/?s={search_term_string}"},"query-input":"required name=search_term_string"}],"inLanguage":"es-ES"},{"@type":"Organization","@id":"https:\/\/www.vmimixing.com\/#organization","name":"VMI - Fabrication d&#039;\u00e9quipements de m\u00e9lange","url":"https:\/\/www.vmimixing.com\/","logo":{"@type":"ImageObject","inLanguage":"es-ES","@id":"https:\/\/www.vmimixing.com\/#\/schema\/logo\/image\/","url":"https:\/\/www.vmimixing.com\/app\/uploads\/2025\/09\/VMI_logo_Strapline_RGB_June2025.png","contentUrl":"https:\/\/www.vmimixing.com\/app\/uploads\/2025\/09\/VMI_logo_Strapline_RGB_June2025.png","width":2180,"height":650,"caption":"VMI - Fabrication d&#039;\u00e9quipements de m\u00e9lange"},"image":{"@id":"https:\/\/www.vmimixing.com\/#\/schema\/logo\/image\/"}}]}},"_links":{"self":[{"href":"https:\/\/www.vmimixing.com\/es\/wp-json\/wp\/v2\/pages\/107529"}],"collection":[{"href":"https:\/\/www.vmimixing.com\/es\/wp-json\/wp\/v2\/pages"}],"about":[{"href":"https:\/\/www.vmimixing.com\/es\/wp-json\/wp\/v2\/types\/page"}],"author":[{"embeddable":true,"href":"https:\/\/www.vmimixing.com\/es\/wp-json\/wp\/v2\/users\/1"}],"replies":[{"embeddable":true,"href":"https:\/\/www.vmimixing.com\/es\/wp-json\/wp\/v2\/comments?post=107529"}],"version-history":[{"count":2,"href":"https:\/\/www.vmimixing.com\/es\/wp-json\/wp\/v2\/pages\/107529\/revisions"}],"predecessor-version":[{"id":113097,"href":"https:\/\/www.vmimixing.com\/es\/wp-json\/wp\/v2\/pages\/107529\/revisions\/113097"}],"wp:attachment":[{"href":"https:\/\/www.vmimixing.com\/es\/wp-json\/wp\/v2\/media?parent=107529"}],"curies":[{"name":"wp","href":"https:\/\/api.w.org\/{rel}","templated":true}]}}