{"id":107534,"date":"2021-06-23T11:51:50","date_gmt":"2021-06-23T09:51:50","guid":{"rendered":"https:\/\/www.vmimixing.com\/?page_id=107534"},"modified":"2021-06-23T11:51:51","modified_gmt":"2021-06-23T09:51:51","slug":"mapa-del-sitio","status":"publish","type":"page","link":"https:\/\/www.vmimixing.com\/es\/mapa-del-sitio\/","title":{"rendered":"Mapa del sitio"},"content":{"rendered":"\n<div class=\"wp-container-3 wp-block-columns\">\n<div class=\"wp-container-1 wp-block-column\"><div class=\"wsp-container\"><h2 class=\"wsp-pages-title\">Pages<\/h2>\n<ul class=\"wsp-pages-list\">\n<li class=\"page_item page-item-108082\"><a href=\"https:\/\/www.vmimixing.com\/es\/soluciones-completas-mezcla-industrias-cosmeticas-farmaceuticas-norteamerica\/\">Soluciones completas de mezcla para las industrias cosm\u00e9ticas y farmac\u00e9uticas en Norteam\u00e9rica<\/a><\/li>\n<li class=\"page_item page-item-104835\"><a href=\"https:\/\/www.vmimixing.com\/es\/\">Procesos y Tecnolog\u00edas de mezcla<\/a><\/li>\n<li class=\"page_item page-item-104837 page_item_has_children\"><a href=\"https:\/\/www.vmimixing.com\/es\/artesanos-industrias-panaderia-pasteleria-snacking\/\">Artesanos e Industrias de la panader\u00eda, la pasteler\u00eda y el snacking<\/a>\n<ul class='children'>\n\t<li class=\"page_item page-item-107519\"><a href=\"https:\/\/www.vmimixing.com\/es\/artesanos-industrias-panaderia-pasteleria-snacking\/process-development-center-panaderia\/\">Process Development Center para la industria de la Panader\u00eda, la Pasteler\u00eda, la Alimentaci\u00f3n y el Snacking<\/a><\/li>\n\t<li class=\"page_item page-item-107440\"><a href=\"https:\/\/www.vmimixing.com\/es\/artesanos-industrias-panaderia-pasteleria-snacking\/aplicaciones-panaderia-pasteleria-artesanal-servicios-de-restauracion\/\">Aplicaciones para la panader\u00eda-pasteler\u00eda artesanal y los servicios de restauraci\u00f3n<\/a><\/li>\n\t<li class=\"page_item page-item-107470\"><a href=\"https:\/\/www.vmimixing.com\/es\/artesanos-industrias-panaderia-pasteleria-snacking\/aplicaciones-industria-alimentacion-panaderia\/\">Aplicaciones para la industria de la Alimentaci\u00f3n y la Panader\u00eda<\/a><\/li>\n\t<li class=\"page_item page-item-107050\"><a href=\"https:\/\/www.vmimixing.com\/es\/artesanos-industrias-panaderia-pasteleria-snacking\/los-equipos\/\">Los equipos<\/a><\/li>\n\t<li class=\"page_item page-item-108080\"><a href=\"https:\/\/www.vmimixing.com\/es\/artesanos-industrias-panaderia-pasteleria-snacking\/soluciones-mezcla-completas-industrias-panaderia-pasteleria-snacking-norteamerica\/\">Soluciones de mezcla completas para las industrias de la panader\u00eda, la pasteler\u00eda y el snacking en Norteam\u00e9rica<\/a><\/li>\n<\/ul>\n<\/li>\n<li class=\"page_item page-item-107045 page_item_has_children\"><a href=\"https:\/\/www.vmimixing.com\/es\/cosmetica-quimica-de-especialidades\/\">Laboratorios e industrias de la cosm\u00e9tica, la farmacia y la qu\u00edmica de especialidades<\/a>\n<ul class='children'>\n\t<li class=\"page_item page-item-107614\"><a href=\"https:\/\/www.vmimixing.com\/es\/cosmetica-quimica-de-especialidades\/process-development-center-salud-y-quimica\/\">Process Development Center para las industrias de la salud y de la qu\u00edmica de especialidades<\/a><\/li>\n\t<li class=\"page_item page-item-107638\"><a href=\"https:\/\/www.vmimixing.com\/es\/cosmetica-quimica-de-especialidades\/aplicaciones-industria-quimica-de-especialidades\/\">Aplicaciones para la industria de la qu\u00edmica de especialidades<\/a><\/li>\n\t<li class=\"page_item page-item-107630\"><a href=\"https:\/\/www.vmimixing.com\/es\/cosmetica-quimica-de-especialidades\/aplicaciones-industria-salud\/\">Aplicaciones para la industria de la salud<\/a><\/li>\n\t<li class=\"page_item page-item-107064\"><a href=\"https:\/\/www.vmimixing.com\/es\/cosmetica-quimica-de-especialidades\/los-equipos\/\">Equipos y tecnolog\u00edas<\/a><\/li>\n<\/ul>\n<\/li>\n<li class=\"page_item page-item-107066\"><a href=\"https:\/\/www.vmimixing.com\/es\/agenda\/\">Agenda<\/a><\/li>\n<li class=\"page_item page-item-107068 current_page_parent\"><a href=\"https:\/\/www.vmimixing.com\/es\/noticias\/\">Noticias<\/a><\/li>\n<li class=\"page_item page-item-107427\"><a href=\"https:\/\/www.vmimixing.com\/es\/lider-soluciones-mezcla-amasado\/\">L\u00edder en soluciones de mezcla y de amasado<\/a><\/li>\n<li class=\"page_item page-item-107467\"><a href=\"https:\/\/www.vmimixing.com\/es\/soluciones-globales-servicio\/\">Soluciones globales de servicio<\/a><\/li>\n<li class=\"page_item page-item-107405\"><a href=\"https:\/\/www.vmimixing.com\/es\/ingenieria-acompanamiento-proyecto\/\">Ingenier\u00eda y acompa\u00f1amiento al servicio de su proyecto<\/a><\/li>\n<li class=\"page_item page-item-107425\"><a href=\"https:\/\/www.vmimixing.com\/es\/mision-compromisos\/\">Nuestra misi\u00f3n, nuestros compromisos.<\/a><\/li>\n<li class=\"page_item page-item-107070\"><a href=\"https:\/\/www.vmimixing.com\/es\/grupo-empresarial\/\">Hillenbrand: Empresa industrial mundial que suministra equipos y soluciones de procesamiento de alta ingenier\u00eda<\/a><\/li>\n<li class=\"page_item page-item-107080\"><a href=\"https:\/\/www.vmimixing.com\/es\/trayectorias-profesionales\/\">Trayectorias profesionales<\/a><\/li>\n<li class=\"page_item page-item-107646\"><a href=\"https:\/\/www.vmimixing.com\/es\/contacto\/\">Contacto<\/a><\/li>\n<li class=\"page_item page-item-107529\"><a href=\"https:\/\/www.vmimixing.com\/es\/las-cookies\/\">Las cookies<\/a><\/li>\n<li class=\"page_item page-item-108581\"><a href=\"https:\/\/www.vmimixing.com\/es\/solicitud-contenido\/\">\u00a1Gracias por su solicitud!<\/a><\/li>\n<\/ul>\n<\/div>\n<\/div>\n\n\n\n<div class=\"wp-container-2 wp-block-column\"><div class=\"wsp-container\"><h2 class=\"wsp-product_familys-title\">Product Families<\/h2>\n<ul class=\"wsp-product_familys-list\">\n<li><a href=\"https:\/\/www.vmimixing.com\/es\/equipos\/plataformas-produccion-industrial\/\">Plataformas de producci\u00f3n industrial<\/a><\/li>\n<li><a href=\"https:\/\/www.vmimixing.com\/es\/equipos\/agitadores\/\">Agitadores para mezcladores industriales<\/a><\/li>\n<li><a href=\"https:\/\/www.vmimixing.com\/es\/equipos\/mezcladores-industriales-abatibles\/\">Mezcladores industriales abatibles<\/a><\/li>\n<li><a href=\"https:\/\/www.vmimixing.com\/es\/equipos\/mezcladores-planetarios\/\">Mezcladores planetarios<\/a><\/li>\n<li><a href=\"https:\/\/www.vmimixing.com\/es\/equipos\/homogeneizadores-piloto\/\">Homogeneizadores al vac\u00edo piloto<\/a><\/li>\n<li><a href=\"https:\/\/www.vmimixing.com\/es\/equipos\/homogeneizadores-produccion\/\">Homogeneizadores al vac\u00edo de producci\u00f3n<\/a><\/li>\n<li><a href=\"https:\/\/www.vmimixing.com\/es\/equipos\/mezcladores-laboratorio\/\">Mezcladores de laboratorio<\/a><\/li>\n<li><a href=\"https:\/\/www.vmimixing.com\/es\/equipos\/mezcladores-laboratorio-vacio\/\">Mezcladores de laboratorio al vac\u00edo<\/a><\/li>\n<li><a href=\"https:\/\/www.vmimixing.com\/es\/equipos\/equipo-deposito-transferencia\/\">Equipo de dosificaci\u00f3n, dep\u00f3sito y transferencia<\/a><\/li>\n<li><a href=\"https:\/\/www.vmimixing.com\/es\/equipos\/amasadoras-laboratorio\/\">Amasadoras de laboratorio<\/a><\/li>\n<li><a href=\"https:\/\/www.vmimixing.com\/es\/equipos\/sistemas-amasado-lotes\/\">Sistemas de amasado por lotes<\/a><\/li>\n<li><a href=\"https:\/\/www.vmimixing.com\/es\/equipos\/amasadoras-continuas\/\">Amasadoras continuas<\/a><\/li>\n<li><a href=\"https:\/\/www.vmimixing.com\/es\/equipos\/elementos-transferencia-sistemas-anexos\/\">Elementos de transferencia y sistemas anexos<\/a><\/li>\n<li><a href=\"https:\/\/www.vmimixing.com\/es\/equipos\/batidoras-mezcladoras-laboratorio-produccion\/\">Batidoras mezcladoras para laboratorio de producci\u00f3n<\/a><\/li>\n<li><a href=\"https:\/\/www.vmimixing.com\/es\/equipos\/batidoras-industria-agroalimentaria\/\">Batidoras para la industria agroalimentaria<\/a><\/li>\n<li><a href=\"https:\/\/www.vmimixing.com\/es\/equipos\/amasadoras-eje-oblicuo\/\">Amasadoras de eje oblicuo con cuba fija y cuba amovible<\/a><\/li>\n<li><a href=\"https:\/\/www.vmimixing.com\/es\/equipos\/amasadoras-espiral-artesa-fija\/\">Amasadoras de espiral con artesa fija<\/a><\/li>\n<li><a href=\"https:\/\/www.vmimixing.com\/es\/equipos\/amasadoras-espiral-artesa-extraible\/\">Amasadoras de espiral con artesa extra\u00edble<\/a><\/li>\n<li><a href=\"https:\/\/www.vmimixing.com\/es\/equipos\/amasadoras-espiral-berto\/\">Amasadoras de espiral gama BERTO<\/a><\/li>\n<li><a href=\"https:\/\/www.vmimixing.com\/es\/equipos\/maquina-levadura\/\">M\u00e1quina de levadura<\/a><\/li>\n<\/ul>\n<\/div>\n<\/div>\n<\/div>\n\n\n\n<div class=\"wp-container-6 wp-block-columns\">\n<div class=\"wp-container-4 wp-block-column\"><div class=\"wsp-container\"><h2 class=\"wsp-posts-title\">Posts by category<\/h2>\n<ul class=\"wsp-posts-list\">\n\t<li><strong class=\"wsp-category-title\">Category: <a href=\"https:\/\/www.vmimixing.com\/es\/category\/salud-y-quimica-de-especialidades\/\">Salud y qu\u00edmica de especialidades<\/a><\/strong>\n<ul class=\"wsp-posts-list\">\t\t<li class=\"wsp-post\"><a href=\"https:\/\/www.vmimixing.com\/es\/salud-y-quimica-de-especialidades\/seminario-web-transposiciones-industriales\/\">[Seminario web] Los Puntos Clave para el \u00c9xito de las Transposiciones Industriales<\/a><\/li>\n<\/ul><\/li>\n\t<li><strong class=\"wsp-category-title\">Category: <a href=\"https:\/\/www.vmimixing.com\/es\/category\/vmi-es\/\">VMI<\/a><\/strong>\n<ul class=\"wsp-posts-list\">\t\t<li class=\"wsp-post\"><a href=\"https:\/\/www.vmimixing.com\/es\/vmi-es\/feliz-ano-nuevo-2024\/\">\u00a1Feliz A\u00f1o Nuevo 2024!<\/a><\/li>\n\t\t<li class=\"wsp-post\"><a href=\"https:\/\/www.vmimixing.com\/es\/vmi-es\/feliz-ano-nuevo-2023%ef%bf%bc\/\">\u00a1Feliz A\u00f1o Nuevo 2023!<\/a><\/li>\n\t\t<li class=\"wsp-post\"><a href=\"https:\/\/www.vmimixing.com\/es\/vmi-es\/rse-vmi-obtiene-el-sello-ecovadis-silver-2023-2\/\">VMI obtiene el sello EcoVadis Silver con un 94% y se acerca al sello EcoVadis Gold.<\/a><\/li>\n\t\t<li class=\"wsp-post\"><a href=\"https:\/\/www.vmimixing.com\/es\/vmi-es\/rse-vmi-obtiene-el-sello-ecovadis-silver-2023\/\">VMI obtiene el sello EcoVadis Silver por segundo a\u00f1o consecutivo<\/a><\/li>\n\t\t<li class=\"wsp-post\"><a href=\"https:\/\/www.vmimixing.com\/es\/vmi-es\/rse-vmi-obtiene-el-sello-ecovadis-silver\/\">RSE\u202f: VMI obtiene el sello EcoVadis Silver<\/a><\/li>\n\t\t<li class=\"wsp-post\"><a href=\"https:\/\/www.vmimixing.com\/vmi-news\/happy-new-year-2022\/\">Happy New Year 2022!<\/a><\/li>\n\t\t<li class=\"wsp-post\"><a href=\"https:\/\/www.vmimixing.com\/es\/vmi-es\/feliz-ano-nuevo-2022\/\">Feliz A\u00f1o Nuevo 2022 !<\/a><\/li>\n\t\t<li class=\"wsp-post\"><a href=\"https:\/\/www.vmimixing.com\/es\/vmi-es\/proceso-rse\/\">VMI refuerza su proceso de RSE y publica su primer informe<\/a><\/li>\n<\/ul><\/li>\n<\/ul>\n<\/div>\n<\/div>\n\n\n\n<div class=\"wp-container-5 wp-block-column\"><div class=\"wsp-container\"><\/div>\n<\/div>\n<\/div>\n","protected":false},"excerpt":{"rendered":"","protected":false},"author":1,"featured_media":0,"parent":0,"menu_order":106,"comment_status":"closed","ping_status":"closed","template":"","meta":{"page_sector":"-"},"yoast_head":"<!-- This site is optimized with the Yoast SEO plugin v19.9 - https:\/\/yoast.com\/wordpress\/plugins\/seo\/ -->\n<title>Mapa del sitio - VMI - Fabrication d&#039;\u00e9quipements de m\u00e9lange<\/title>\n<meta name=\"robots\" content=\"index, follow, max-snippet:-1, max-image-preview:large, max-video-preview:-1\" \/>\n<link rel=\"canonical\" href=\"https:\/\/www.vmimixing.com\/es\/mapa-del-sitio\/\" \/>\n<meta property=\"og:locale\" content=\"es_ES\" \/>\n<meta property=\"og:type\" content=\"article\" \/>\n<meta property=\"og:title\" content=\"Mapa del sitio - VMI - Fabrication d&#039;\u00e9quipements de m\u00e9lange\" \/>\n<meta property=\"og:url\" content=\"https:\/\/www.vmimixing.com\/es\/mapa-del-sitio\/\" \/>\n<meta property=\"og:site_name\" content=\"VMI - Fabrication d&#039;\u00e9quipements de m\u00e9lange\" \/>\n<meta property=\"article:modified_time\" content=\"2021-06-23T09:51:51+00:00\" \/>\n<meta name=\"twitter:card\" content=\"summary_large_image\" \/>\n<meta name=\"twitter:label1\" content=\"Est. reading time\" \/>\n\t<meta name=\"twitter:data1\" content=\"1 minute\" \/>\n<script type=\"application\/ld+json\" class=\"yoast-schema-graph\">{\"@context\":\"https:\/\/schema.org\",\"@graph\":[{\"@type\":\"WebPage\",\"@id\":\"https:\/\/www.vmimixing.com\/es\/mapa-del-sitio\/\",\"url\":\"https:\/\/www.vmimixing.com\/es\/mapa-del-sitio\/\",\"name\":\"Mapa del sitio - VMI - Fabrication d&#039;\u00e9quipements de m\u00e9lange\",\"isPartOf\":{\"@id\":\"https:\/\/www.vmimixing.com\/#website\"},\"datePublished\":\"2021-06-23T09:51:50+00:00\",\"dateModified\":\"2021-06-23T09:51:51+00:00\",\"breadcrumb\":{\"@id\":\"https:\/\/www.vmimixing.com\/es\/mapa-del-sitio\/#breadcrumb\"},\"inLanguage\":\"es-ES\",\"potentialAction\":[{\"@type\":\"ReadAction\",\"target\":[\"https:\/\/www.vmimixing.com\/es\/mapa-del-sitio\/\"]}]},{\"@type\":\"BreadcrumbList\",\"@id\":\"https:\/\/www.vmimixing.com\/es\/mapa-del-sitio\/#breadcrumb\",\"itemListElement\":[{\"@type\":\"ListItem\",\"position\":1,\"name\":\"Accueil\",\"item\":\"https:\/\/www.vmimixing.com\/es\/\"},{\"@type\":\"ListItem\",\"position\":2,\"name\":\"Mapa del sitio\"}]},{\"@type\":\"WebSite\",\"@id\":\"https:\/\/www.vmimixing.com\/#website\",\"url\":\"https:\/\/www.vmimixing.com\/\",\"name\":\"VMI - Fabrication d&#039;\u00e9quipements de m\u00e9lange\",\"description\":\"Conception, fabrication et installation de solution de m\u00e9lange\",\"publisher\":{\"@id\":\"https:\/\/www.vmimixing.com\/#organization\"},\"potentialAction\":[{\"@type\":\"SearchAction\",\"target\":{\"@type\":\"EntryPoint\",\"urlTemplate\":\"https:\/\/www.vmimixing.com\/?s={search_term_string}\"},\"query-input\":\"required name=search_term_string\"}],\"inLanguage\":\"es-ES\"},{\"@type\":\"Organization\",\"@id\":\"https:\/\/www.vmimixing.com\/#organization\",\"name\":\"VMI - Fabrication d&#039;\u00e9quipements de m\u00e9lange\",\"url\":\"https:\/\/www.vmimixing.com\/\",\"logo\":{\"@type\":\"ImageObject\",\"inLanguage\":\"es-ES\",\"@id\":\"https:\/\/www.vmimixing.com\/#\/schema\/logo\/image\/\",\"url\":\"https:\/\/www.vmimixing.com\/app\/uploads\/2025\/09\/VMI_logo_Strapline_RGB_June2025.png\",\"contentUrl\":\"https:\/\/www.vmimixing.com\/app\/uploads\/2025\/09\/VMI_logo_Strapline_RGB_June2025.png\",\"width\":2180,\"height\":650,\"caption\":\"VMI - Fabrication d&#039;\u00e9quipements de m\u00e9lange\"},\"image\":{\"@id\":\"https:\/\/www.vmimixing.com\/#\/schema\/logo\/image\/\"}}]}<\/script>\n<!-- \/ Yoast SEO plugin. -->","yoast_head_json":{"title":"Mapa del sitio - VMI - Fabrication d&#039;\u00e9quipements de m\u00e9lange","robots":{"index":"index","follow":"follow","max-snippet":"max-snippet:-1","max-image-preview":"max-image-preview:large","max-video-preview":"max-video-preview:-1"},"canonical":"https:\/\/www.vmimixing.com\/es\/mapa-del-sitio\/","og_locale":"es_ES","og_type":"article","og_title":"Mapa del sitio - VMI - Fabrication d&#039;\u00e9quipements de m\u00e9lange","og_url":"https:\/\/www.vmimixing.com\/es\/mapa-del-sitio\/","og_site_name":"VMI - Fabrication d&#039;\u00e9quipements de m\u00e9lange","article_modified_time":"2021-06-23T09:51:51+00:00","twitter_card":"summary_large_image","twitter_misc":{"Est. reading time":"1 minute"},"schema":{"@context":"https:\/\/schema.org","@graph":[{"@type":"WebPage","@id":"https:\/\/www.vmimixing.com\/es\/mapa-del-sitio\/","url":"https:\/\/www.vmimixing.com\/es\/mapa-del-sitio\/","name":"Mapa del sitio - VMI - Fabrication d&#039;\u00e9quipements de m\u00e9lange","isPartOf":{"@id":"https:\/\/www.vmimixing.com\/#website"},"datePublished":"2021-06-23T09:51:50+00:00","dateModified":"2021-06-23T09:51:51+00:00","breadcrumb":{"@id":"https:\/\/www.vmimixing.com\/es\/mapa-del-sitio\/#breadcrumb"},"inLanguage":"es-ES","potentialAction":[{"@type":"ReadAction","target":["https:\/\/www.vmimixing.com\/es\/mapa-del-sitio\/"]}]},{"@type":"BreadcrumbList","@id":"https:\/\/www.vmimixing.com\/es\/mapa-del-sitio\/#breadcrumb","itemListElement":[{"@type":"ListItem","position":1,"name":"Accueil","item":"https:\/\/www.vmimixing.com\/es\/"},{"@type":"ListItem","position":2,"name":"Mapa del sitio"}]},{"@type":"WebSite","@id":"https:\/\/www.vmimixing.com\/#website","url":"https:\/\/www.vmimixing.com\/","name":"VMI - Fabrication d&#039;\u00e9quipements de m\u00e9lange","description":"Conception, fabrication et installation de solution de m\u00e9lange","publisher":{"@id":"https:\/\/www.vmimixing.com\/#organization"},"potentialAction":[{"@type":"SearchAction","target":{"@type":"EntryPoint","urlTemplate":"https:\/\/www.vmimixing.com\/?s={search_term_string}"},"query-input":"required name=search_term_string"}],"inLanguage":"es-ES"},{"@type":"Organization","@id":"https:\/\/www.vmimixing.com\/#organization","name":"VMI - Fabrication d&#039;\u00e9quipements de m\u00e9lange","url":"https:\/\/www.vmimixing.com\/","logo":{"@type":"ImageObject","inLanguage":"es-ES","@id":"https:\/\/www.vmimixing.com\/#\/schema\/logo\/image\/","url":"https:\/\/www.vmimixing.com\/app\/uploads\/2025\/09\/VMI_logo_Strapline_RGB_June2025.png","contentUrl":"https:\/\/www.vmimixing.com\/app\/uploads\/2025\/09\/VMI_logo_Strapline_RGB_June2025.png","width":2180,"height":650,"caption":"VMI - Fabrication d&#039;\u00e9quipements de m\u00e9lange"},"image":{"@id":"https:\/\/www.vmimixing.com\/#\/schema\/logo\/image\/"}}]}},"_links":{"self":[{"href":"https:\/\/www.vmimixing.com\/es\/wp-json\/wp\/v2\/pages\/107534"}],"collection":[{"href":"https:\/\/www.vmimixing.com\/es\/wp-json\/wp\/v2\/pages"}],"about":[{"href":"https:\/\/www.vmimixing.com\/es\/wp-json\/wp\/v2\/types\/page"}],"author":[{"embeddable":true,"href":"https:\/\/www.vmimixing.com\/es\/wp-json\/wp\/v2\/users\/1"}],"replies":[{"embeddable":true,"href":"https:\/\/www.vmimixing.com\/es\/wp-json\/wp\/v2\/comments?post=107534"}],"version-history":[{"count":1,"href":"https:\/\/www.vmimixing.com\/es\/wp-json\/wp\/v2\/pages\/107534\/revisions"}],"predecessor-version":[{"id":107535,"href":"https:\/\/www.vmimixing.com\/es\/wp-json\/wp\/v2\/pages\/107534\/revisions\/107535"}],"wp:attachment":[{"href":"https:\/\/www.vmimixing.com\/es\/wp-json\/wp\/v2\/media?parent=107534"}],"curies":[{"name":"wp","href":"https:\/\/api.w.org\/{rel}","templated":true}]}}