{"id":107614,"date":"2021-06-23T14:55:39","date_gmt":"2021-06-23T12:55:39","guid":{"rendered":"https:\/\/www.vmimixing.com\/?page_id=107614"},"modified":"2021-07-16T10:28:47","modified_gmt":"2021-07-16T08:28:47","slug":"process-development-center-salud-y-quimica","status":"publish","type":"page","link":"https:\/\/www.vmimixing.com\/es\/cosmetica-quimica-de-especialidades\/process-development-center-salud-y-quimica\/","title":{"rendered":"Process Development Center para las industrias de la salud y de la qu\u00edmica de especialidades"},"content":{"rendered":"<div class=\"wp-block-vmi-image-with-text left-direction\">\n    <div class=\"image-container\">\n        <picture>\n            <img  srcset=\"https:\/\/www.vmimixing.com\/app\/uploads\/2021\/06\/laboratoire_trimix_technologues_client-250x300-c-default.jpg 250w, https:\/\/www.vmimixing.com\/app\/uploads\/2021\/06\/laboratoire_trimix_technologues_client-280x350-c-default.jpg 280w, https:\/\/www.vmimixing.com\/app\/uploads\/2021\/06\/laboratoire_trimix_technologues_client-490x590-c-default.jpg 490w\" src=\"data:image\/gif;base64,R0lGODlhAQABAIAAAAAAAP\/\/\/yH5BAEAAAAALAAAAAABAAEAAAIBRAA7\" alt=\"Centre d&#039;essais et d&#039;analyses pour les industries de la sant\u00e9 et chimie\">\n        <\/picture>\n        <div class=\"image-overlay has-lilac-background-color\"><\/div>\n    <\/div>\n    <div class=\"block-content\">\n        \n\n<h2>Un centro de ensayos y de an\u00e1lisis<\/h2>\n\n\n\n<p>Nuestros laboratorios de ensayo se han creado para recibir a los fabricantes de las industrias de la cosm\u00e9tica, la farmacia y la qu\u00edmica de especialidades. Los equipos disponibles permiten realizar pruebas espec\u00edficas con las materias primas y los ingredientes de los clientes. Est\u00e1 representada toda la <a href=\"https:\/\/www.vmimixing.com\/es\/cosmetica-quimica-de-especialidades\/los-equipos\/\" target=\"_blank\" rel=\"noreferrer noopener\">gama de equipos de mezcla<\/a> VMI, desde el mezclador de laboratorio hasta la unidad de producci\u00f3n. El entorno de producci\u00f3n reproduce las condiciones de una <strong>sala blanca.<\/strong><\/p>\n\n\n\n<p>VMI tambi\u00e9n pone a disposici\u00f3n una <strong>sala de an\u00e1lisis<\/strong>. Densidad, viscosidad, textura: todo se mide y se analiza para no dejar nada al azar y permitir que los industriales optimicen su proceso e incluso su formulaci\u00f3n.<\/p>\n\n\n\n<p>Con una superficie de 700 m\u00b2 nuestro Centro de <strong>Investigaci\u00f3n y Desarrollo <\/strong>presta servicio a dos laboratorios de ensayo, una sala de an\u00e1lisis y dos salas de reuniones y formaci\u00f3n.<\/p>\n\n\n\n<p><\/p>\n\n\n    <\/div>\n<\/div>\n\n<div class=\"wp-block-vmi-image-with-text right-direction\">\n    <div class=\"image-container\">\n        <picture>\n            <img  srcset=\"https:\/\/www.vmimixing.com\/app\/uploads\/2021\/06\/laboratoire_multilab_technologue-250x300-c-default.jpg 250w, https:\/\/www.vmimixing.com\/app\/uploads\/2021\/06\/laboratoire_multilab_technologue-280x350-c-default.jpg 280w, https:\/\/www.vmimixing.com\/app\/uploads\/2021\/06\/laboratoire_multilab_technologue-490x590-c-default.jpg 490w\" src=\"data:image\/gif;base64,R0lGODlhAQABAIAAAAAAAP\/\/\/yH5BAEAAAAALAAAAAABAAEAAAIBRAA7\" alt=\"M\u00e9langeur de laboratoire sous vide Multilab au centre d&#039;essais et d&#039;analyses\">\n        <\/picture>\n        <div class=\"image-overlay has-lilac-background-color\"><\/div>\n    <\/div>\n    <div class=\"block-content\">\n        \n\n<h2>Un equipo de tecn\u00f3logos para acompa\u00f1arle<\/h2>\n\n\n\n<p>El <em>Process Development Center<\/em> cubre un amplio espectro de competencias. El cometido de nuestros tecn\u00f3logos es acompa\u00f1ar al cliente para <strong>optimizar sus procesos <\/strong>y la <strong>calidad<\/strong> de sus producciones, desde la definici\u00f3n de la formulaci\u00f3n hasta el producto final.&nbsp;<\/p>\n\n\n\n<p>Transponer las formulaciones a escala industrial, mejorar la trazabilidad de las producciones, implementar o mejorar la limpieza in situ, optimizar los tiempos de producci\u00f3n: <strong>objetivos variados<\/strong> para los que los procesos de mezcla siempre son elementos clave.<\/p>\n\n\n\n<p>Nuestro equipo de tecn\u00f3logos est\u00e1 formado por m\u00e9dicos e ingenieros de<strong> procesos <\/strong>con experiencia. Se lleva a cabo una transferencia de competencias con sus equipos, para que puedan gestionar y mejorar su proceso de forma aut\u00f3noma y segura.<\/p>\n\n\n\n<p><\/p>\n\n\n    <\/div>\n<\/div>\n\n\n<h2>Visita guiada a nuestro Process Development Center<\/h2>\n\n\n\n<figure class=\"wp-block-embed alignleft is-type-video is-provider-youtube wp-block-embed-youtube wp-embed-aspect-16-9 wp-has-aspect-ratio\"><div class=\"wp-block-embed__wrapper\">\n<iframe title=\"Guided tour of our Process Development Center -  for trials and analysis\" width=\"500\" height=\"281\" src=\"https:\/\/www.youtube.com\/embed\/v0_kmsVR5LM?feature=oembed\" frameborder=\"0\" allow=\"accelerometer; autoplay; clipboard-write; encrypted-media; gyroscope; picture-in-picture\" allowfullscreen><\/iframe>\n<\/div><\/figure>\n\n\n\n<div style=\"height:17px\" aria-hidden=\"true\" class=\"wp-block-spacer\"><\/div>\n\n\n\n<div class=\"wp-container-3 wp-block-columns has-extra-light-gray-background-color has-background\">\n<div class=\"wp-container-1 wp-block-column\">\n<h2>Una experiencia completa en las etapas clave de los procesos de fabricaci\u00f3n<\/h2>\n\n\n\n<p>Desde el laboratorio hasta la producci\u00f3n industrial, las tecnolog\u00edas VMI permiten obtener resultados que se pueden extrapolar directamente a la producci\u00f3n. Las instalaciones de VMI cubren las etapas clave del proceso de producci\u00f3n:&nbsp;<\/p>\n\n\n\n<ul><li>Desarrollo y formulaci\u00f3n del producto<\/li><li>Dosificaci\u00f3n de ingredientes<\/li><li>Mezcla de ingredientes l\u00edquidos\/l\u00edquidos o l\u00edquidos\/s\u00f3lidos. Con los equipos VMI, es posible realizar una gran <strong>variedad de procesos de mezcla<\/strong>: diluci\u00f3n, suspensi\u00f3n, disoluci\u00f3n, dispersi\u00f3n, homogeneizaci\u00f3n, emulsi\u00f3n, etc.<\/li><li>Fase de limpieza y esterilizaci\u00f3n<\/li><li>Vaciado y envasado del producto<\/li><li>An\u00e1lisis de la muestra formulada y fabricada<\/li><\/ul>\n\n\n\n<p>M\u00e1s all\u00e1 de los equipos, los tecn\u00f3logos de VMI le acompa\u00f1an para mejorar la calidad, la productividad, la flexibilidad, la reproducibilidad y el nivel de higiene de sus instalaciones y procesos.<\/p>\n<\/div>\n\n\n\n<div class=\"wp-container-2 wp-block-column\">\n<ul><li><strong>Producci\u00f3n econ\u00f3mica y responsable<\/strong>: determinaci\u00f3n del m\u00f3vil de mezcla seg\u00fan la operaci\u00f3n y las materias primas<\/li><li><strong>Calidad y reproducibilidad<\/strong> de las producciones:<ul><li>Cualificaci\u00f3n e introducci\u00f3n de las materias primas<\/li><li>Tiempo de dispersi\u00f3n seg\u00fan el modo de introducci\u00f3n de los ingredientes (desplazado o en el centro del emulsor)<\/li><li>Tiempo de fabricaci\u00f3n de tanque limpio a tanque limpio<\/li><li>Gesti\u00f3n del vac\u00edo y de la presi\u00f3n<\/li><li>Regulaci\u00f3n t\u00e9rmica: velocidad de calentamiento y de enfriamiento<\/li><li>Automatizaci\u00f3n: programaci\u00f3n, control y trazabilidad<\/li><\/ul><\/li><li><strong>Higiene y esterilizaci\u00f3n <\/strong>\u00f3ptimas:<ul><li>Velocidad de vaciado y limpieza<\/li><li>Limpieza y Esterilizaci\u00f3n In Situ: sistema econ\u00f3mico y seguro<\/li><\/ul><\/li><\/ul>\n<\/div>\n<\/div>\n\n\n\n<div style=\"height:45px\" aria-hidden=\"true\" class=\"wp-block-spacer\"><\/div>\n\n\n\n<h2 class=\"has-text-align-center min-container has-white-color has-purple-background-color has-text-color has-background\">Una gama completa de equipos para realizar ensayos desde la formulaci\u00f3n hasta la producci\u00f3n a gran escala<\/h2>\n\n\n\n<div style=\"height:21px\" aria-hidden=\"true\" class=\"wp-block-spacer\"><\/div>\n\n\n\n<div class=\"wp-container-6 wp-block-columns are-vertically-aligned-center\">\n<div class=\"wp-container-4 wp-block-column is-vertically-aligned-center\" style=\"flex-basis:30%\">\n<div class=\"wp-block-image\"><figure class=\"alignright size-large\"><img loading=\"lazy\" width=\"576\" height=\"576\" src=\"https:\/\/www.vmimixing.com\/app\/uploads\/2021\/06\/melangeur_paillasse_turbotest.jpg\" alt=\"M\u00e9langeurs de paillasse Turbotest Process Development Center\" class=\"wp-image-106334\" srcset=\"https:\/\/www.vmimixing.com\/app\/uploads\/2021\/06\/melangeur_paillasse_turbotest.jpg 576w, https:\/\/www.vmimixing.com\/app\/uploads\/2021\/06\/melangeur_paillasse_turbotest-80x80-c-default.jpg 80w, https:\/\/www.vmimixing.com\/app\/uploads\/2021\/06\/melangeur_paillasse_turbotest-150x150-c-default.jpg 150w, https:\/\/www.vmimixing.com\/app\/uploads\/2021\/06\/melangeur_paillasse_turbotest-700x0-c-default.jpg 700w, https:\/\/www.vmimixing.com\/app\/uploads\/2021\/06\/melangeur_paillasse_turbotest-960x0-c-default.jpg 960w, https:\/\/www.vmimixing.com\/app\/uploads\/2021\/06\/melangeur_paillasse_turbotest-50x50-c-default.jpg 50w, https:\/\/www.vmimixing.com\/app\/uploads\/2021\/06\/melangeur_paillasse_turbotest-0x540-c-default.jpg 540w, https:\/\/www.vmimixing.com\/app\/uploads\/2021\/06\/melangeur_paillasse_turbotest-460x0-c-default.jpg 460w, https:\/\/www.vmimixing.com\/app\/uploads\/2021\/06\/melangeur_paillasse_turbotest-156x156-c-default.jpg 156w, https:\/\/www.vmimixing.com\/app\/uploads\/2021\/06\/melangeur_paillasse_turbotest-310x0-c-default.jpg 310w\" sizes=\"(max-width: 576px) 100vw, 576px\" \/><\/figure><\/div>\n<\/div>\n\n\n\n<div class=\"wp-container-5 wp-block-column is-vertically-aligned-center\" style=\"flex-basis:60%\">\n<h3 class=\"has-purple-color has-text-color\">Mezcladores de laboratorio<\/h3>\n\n\n\n<p>Una primera sala del laboratorio est\u00e1 equipada con <a href=\"https:\/\/www.vmimixing.com\/es\/los-equipos\/mezcladores-laboratorio\/#mezclador-laboratorio-turbotest\" target=\"_blank\" rel=\"noreferrer noopener\">mezcladores de laboratorio<\/a>. Estos equipos permiten <strong>desarrollar formulaciones <\/strong>seg\u00fan la reolog\u00eda del producto. Una amplia gama de turbinas, h\u00e9lices y emulsores garantiza la variedad de los par\u00e1metros de proceso de los ensayos: tasa de cizallamiento, efecto de bombeo, rangos de velocidades, etc.<\/p>\n<\/div>\n<\/div>\n\n\n\n<div class=\"wp-container-9 wp-block-columns are-vertically-aligned-center\">\n<div class=\"wp-container-7 wp-block-column is-vertically-aligned-center\" style=\"flex-basis:60%\">\n<h3 class=\"has-purple-color has-text-color\">Homogeneizadores para la transposici\u00f3n industrial<\/h3>\n\n\n\n<p>Cuando la formulaci\u00f3n del producto se valida en el laboratorio, es importante realizar una fase de ensayo intermedia antes de su transposici\u00f3n a escala industrial. El <em>Process Development Center<\/em> est\u00e1 equipado con homogeneizadores de laboratorio o <a href=\"https:\/\/www.vmimixing.com\/es\/los-equipos\/homogeneizadores-piloto\/\" target=\"_blank\" rel=\"noreferrer noopener\">piloto<\/a> (hasta 50 litros) que nos permitir\u00e1n comprender y <strong>validar los par\u00e1metros del proceso<\/strong>, el equipo y la invariable elegida. El homogeneizador piloto permite obtener resultados que se pueden <strong>extrapolar directamente a la producci\u00f3n<\/strong>.<\/p>\n\n\n\n<p><a href=\"https:\/\/mixing-experts.com\/lab-to-production-successful-industrial-scale-up\/\" target=\"_blank\" rel=\"noreferrer noopener\">\u00bfDesea m\u00e1s informaci\u00f3n sobre los puntos clave y las dificultades de la transposici\u00f3n industrial? Consulte nuestro art\u00edculo de blog.<\/a><\/p>\n<\/div>\n\n\n\n<div class=\"wp-container-8 wp-block-column is-vertically-aligned-center\" style=\"flex-basis:30%\">\n<figure class=\"wp-block-image size-large\"><img loading=\"lazy\" width=\"576\" height=\"576\" src=\"https:\/\/www.vmimixing.com\/app\/uploads\/2021\/06\/homogeneiseur_pilote_technologue_client.jpg\" alt=\"Homog\u00e9n\u00e9iseur sous vide pilote Process Development Center\" class=\"wp-image-106335\" srcset=\"https:\/\/www.vmimixing.com\/app\/uploads\/2021\/06\/homogeneiseur_pilote_technologue_client.jpg 576w, https:\/\/www.vmimixing.com\/app\/uploads\/2021\/06\/homogeneiseur_pilote_technologue_client-80x80-c-default.jpg 80w, https:\/\/www.vmimixing.com\/app\/uploads\/2021\/06\/homogeneiseur_pilote_technologue_client-150x150-c-default.jpg 150w, https:\/\/www.vmimixing.com\/app\/uploads\/2021\/06\/homogeneiseur_pilote_technologue_client-700x0-c-default.jpg 700w, https:\/\/www.vmimixing.com\/app\/uploads\/2021\/06\/homogeneiseur_pilote_technologue_client-960x0-c-default.jpg 960w, https:\/\/www.vmimixing.com\/app\/uploads\/2021\/06\/homogeneiseur_pilote_technologue_client-50x50-c-default.jpg 50w, https:\/\/www.vmimixing.com\/app\/uploads\/2021\/06\/homogeneiseur_pilote_technologue_client-0x540-c-default.jpg 540w, https:\/\/www.vmimixing.com\/app\/uploads\/2021\/06\/homogeneiseur_pilote_technologue_client-460x0-c-default.jpg 460w, https:\/\/www.vmimixing.com\/app\/uploads\/2021\/06\/homogeneiseur_pilote_technologue_client-156x156-c-default.jpg 156w, https:\/\/www.vmimixing.com\/app\/uploads\/2021\/06\/homogeneiseur_pilote_technologue_client-310x0-c-default.jpg 310w\" sizes=\"(max-width: 576px) 100vw, 576px\" \/><\/figure>\n<\/div>\n<\/div>\n\n\n\n<div class=\"wp-container-12 wp-block-columns are-vertically-aligned-center\">\n<div class=\"wp-container-10 wp-block-column is-vertically-aligned-center\" style=\"flex-basis:30%\">\n<div class=\"wp-block-image\"><figure class=\"alignright size-large\"><img loading=\"lazy\" width=\"576\" height=\"576\" src=\"https:\/\/www.vmimixing.com\/app\/uploads\/2021\/06\/homogeneiseur_production_trimix.jpg\" alt=\"Homog\u00e9n\u00e9iseur de production Trimix Process Development Center\" class=\"wp-image-106331\" srcset=\"https:\/\/www.vmimixing.com\/app\/uploads\/2021\/06\/homogeneiseur_production_trimix.jpg 576w, https:\/\/www.vmimixing.com\/app\/uploads\/2021\/06\/homogeneiseur_production_trimix-80x80-c-default.jpg 80w, https:\/\/www.vmimixing.com\/app\/uploads\/2021\/06\/homogeneiseur_production_trimix-150x150-c-default.jpg 150w, https:\/\/www.vmimixing.com\/app\/uploads\/2021\/06\/homogeneiseur_production_trimix-700x0-c-default.jpg 700w, https:\/\/www.vmimixing.com\/app\/uploads\/2021\/06\/homogeneiseur_production_trimix-960x0-c-default.jpg 960w, https:\/\/www.vmimixing.com\/app\/uploads\/2021\/06\/homogeneiseur_production_trimix-50x50-c-default.jpg 50w, https:\/\/www.vmimixing.com\/app\/uploads\/2021\/06\/homogeneiseur_production_trimix-0x540-c-default.jpg 540w, https:\/\/www.vmimixing.com\/app\/uploads\/2021\/06\/homogeneiseur_production_trimix-460x0-c-default.jpg 460w, https:\/\/www.vmimixing.com\/app\/uploads\/2021\/06\/homogeneiseur_production_trimix-156x156-c-default.jpg 156w, https:\/\/www.vmimixing.com\/app\/uploads\/2021\/06\/homogeneiseur_production_trimix-310x0-c-default.jpg 310w\" sizes=\"(max-width: 576px) 100vw, 576px\" \/><\/figure><\/div>\n<\/div>\n\n\n\n<div class=\"wp-container-11 wp-block-column is-vertically-aligned-center\" style=\"flex-basis:60%\">\n<h3 class=\"has-purple-color has-text-color\">Soluciones de mezcla para la producci\u00f3n industrial<\/h3>\n\n\n\n<p>Dentro del laboratorio, los clientes pueden realizar ensayos en condiciones cercanas al entorno de una sala blanca y\/o una <strong>plataforma de producci\u00f3n<\/strong>. El <a href=\"https:\/\/www.vmimixing.com\/es\/los-equipos\/homogeneizadores-produccion\/\" target=\"_blank\" rel=\"noreferrer noopener\">homogeneizador de producci\u00f3n Trimix<\/a> puede preparar hasta 20 toneladas de producto en un solo volumen de tanque, sin transferencia a un tanque intermedio. La pantalla de control t\u00e1ctil permite controlar el proceso de fabricaci\u00f3n de forma automatizada.<\/p>\n\n\n\n<p>El <em>Process Development Center<\/em> tambi\u00e9n est\u00e1 equipado con mezcladores industriales abatibles y mezcladores planetarios, para operaciones de mezclado de productos de alta viscosidad.<\/p>\n<\/div>\n<\/div>\n\n\n\n<p><\/p>\n","protected":false},"excerpt":{"rendered":"<p>Visita guiada a nuestro Process Development Center Una experiencia completa en las etapas clave de los procesos de fabricaci\u00f3n Desde el laboratorio hasta la producci\u00f3n industrial, las tecnolog\u00edas VMI permiten [&hellip;]<\/p>\n","protected":false},"author":11,"featured_media":0,"parent":107045,"menu_order":40,"comment_status":"closed","ping_status":"closed","template":"","meta":{"page_sector":"health"},"yoast_head":"<!-- This site is optimized with the Yoast SEO plugin v19.9 - https:\/\/yoast.com\/wordpress\/plugins\/seo\/ -->\n<title>Process Development Center para las industrias de la salud y de la qu\u00edmica de especialidades - VMI - Fabrication d&#039;\u00e9quipements de m\u00e9lange<\/title>\n<meta name=\"robots\" content=\"index, follow, max-snippet:-1, max-image-preview:large, max-video-preview:-1\" \/>\n<link rel=\"canonical\" href=\"https:\/\/www.vmimixing.com\/es\/cosmetica-quimica-de-especialidades\/process-development-center-salud-y-quimica\/\" \/>\n<meta property=\"og:locale\" content=\"es_ES\" \/>\n<meta property=\"og:type\" content=\"article\" \/>\n<meta property=\"og:title\" content=\"Process Development Center para las industrias de la salud y de la qu\u00edmica de especialidades - VMI - Fabrication d&#039;\u00e9quipements de m\u00e9lange\" \/>\n<meta property=\"og:description\" content=\"Visita guiada a nuestro Process Development Center Una experiencia completa en las etapas clave de los procesos de fabricaci\u00f3n Desde el laboratorio hasta la producci\u00f3n industrial, las tecnolog\u00edas VMI permiten [&hellip;]\" \/>\n<meta property=\"og:url\" content=\"https:\/\/www.vmimixing.com\/es\/cosmetica-quimica-de-especialidades\/process-development-center-salud-y-quimica\/\" \/>\n<meta property=\"og:site_name\" content=\"VMI - Fabrication d&#039;\u00e9quipements de m\u00e9lange\" \/>\n<meta property=\"article:modified_time\" content=\"2021-07-16T08:28:47+00:00\" \/>\n<meta property=\"og:image\" content=\"https:\/\/www.vmimixing.com\/app\/uploads\/2021\/06\/melangeur_paillasse_turbotest.jpg\" \/>\n<meta name=\"twitter:card\" content=\"summary_large_image\" \/>\n<meta name=\"twitter:label1\" content=\"Est. reading time\" \/>\n\t<meta name=\"twitter:data1\" content=\"4 minutes\" \/>\n<script type=\"application\/ld+json\" class=\"yoast-schema-graph\">{\"@context\":\"https:\/\/schema.org\",\"@graph\":[{\"@type\":\"WebPage\",\"@id\":\"https:\/\/www.vmimixing.com\/es\/cosmetica-quimica-de-especialidades\/process-development-center-salud-y-quimica\/\",\"url\":\"https:\/\/www.vmimixing.com\/es\/cosmetica-quimica-de-especialidades\/process-development-center-salud-y-quimica\/\",\"name\":\"Process Development Center para las industrias de la salud y de la qu\u00edmica de especialidades - VMI - Fabrication d&#039;\u00e9quipements de m\u00e9lange\",\"isPartOf\":{\"@id\":\"https:\/\/www.vmimixing.com\/#website\"},\"datePublished\":\"2021-06-23T12:55:39+00:00\",\"dateModified\":\"2021-07-16T08:28:47+00:00\",\"breadcrumb\":{\"@id\":\"https:\/\/www.vmimixing.com\/es\/cosmetica-quimica-de-especialidades\/process-development-center-salud-y-quimica\/#breadcrumb\"},\"inLanguage\":\"es-ES\",\"potentialAction\":[{\"@type\":\"ReadAction\",\"target\":[\"https:\/\/www.vmimixing.com\/es\/cosmetica-quimica-de-especialidades\/process-development-center-salud-y-quimica\/\"]}]},{\"@type\":\"BreadcrumbList\",\"@id\":\"https:\/\/www.vmimixing.com\/es\/cosmetica-quimica-de-especialidades\/process-development-center-salud-y-quimica\/#breadcrumb\",\"itemListElement\":[{\"@type\":\"ListItem\",\"position\":1,\"name\":\"Accueil\",\"item\":\"https:\/\/www.vmimixing.com\/es\/\"},{\"@type\":\"ListItem\",\"position\":2,\"name\":\"Laboratorios e industrias de la cosm\u00e9tica, la farmacia y la qu\u00edmica de especialidades\",\"item\":\"https:\/\/www.vmimixing.com\/es\/cosmetica-quimica-de-especialidades\/\"},{\"@type\":\"ListItem\",\"position\":3,\"name\":\"Process Development Center para las industrias de la salud y de la qu\u00edmica de especialidades\"}]},{\"@type\":\"WebSite\",\"@id\":\"https:\/\/www.vmimixing.com\/#website\",\"url\":\"https:\/\/www.vmimixing.com\/\",\"name\":\"VMI - Fabrication d&#039;\u00e9quipements de m\u00e9lange\",\"description\":\"Conception, fabrication et installation de solution de m\u00e9lange\",\"publisher\":{\"@id\":\"https:\/\/www.vmimixing.com\/#organization\"},\"potentialAction\":[{\"@type\":\"SearchAction\",\"target\":{\"@type\":\"EntryPoint\",\"urlTemplate\":\"https:\/\/www.vmimixing.com\/?s={search_term_string}\"},\"query-input\":\"required name=search_term_string\"}],\"inLanguage\":\"es-ES\"},{\"@type\":\"Organization\",\"@id\":\"https:\/\/www.vmimixing.com\/#organization\",\"name\":\"VMI - Fabrication d&#039;\u00e9quipements de m\u00e9lange\",\"url\":\"https:\/\/www.vmimixing.com\/\",\"logo\":{\"@type\":\"ImageObject\",\"inLanguage\":\"es-ES\",\"@id\":\"https:\/\/www.vmimixing.com\/#\/schema\/logo\/image\/\",\"url\":\"https:\/\/www.vmimixing.com\/app\/uploads\/2025\/09\/VMI_logo_Strapline_RGB_June2025.png\",\"contentUrl\":\"https:\/\/www.vmimixing.com\/app\/uploads\/2025\/09\/VMI_logo_Strapline_RGB_June2025.png\",\"width\":2180,\"height\":650,\"caption\":\"VMI - Fabrication d&#039;\u00e9quipements de m\u00e9lange\"},\"image\":{\"@id\":\"https:\/\/www.vmimixing.com\/#\/schema\/logo\/image\/\"}}]}<\/script>\n<!-- \/ Yoast SEO plugin. -->","yoast_head_json":{"title":"Process Development Center para las industrias de la salud y de la qu\u00edmica de especialidades - VMI - Fabrication d&#039;\u00e9quipements de m\u00e9lange","robots":{"index":"index","follow":"follow","max-snippet":"max-snippet:-1","max-image-preview":"max-image-preview:large","max-video-preview":"max-video-preview:-1"},"canonical":"https:\/\/www.vmimixing.com\/es\/cosmetica-quimica-de-especialidades\/process-development-center-salud-y-quimica\/","og_locale":"es_ES","og_type":"article","og_title":"Process Development Center para las industrias de la salud y de la qu\u00edmica de especialidades - VMI - Fabrication d&#039;\u00e9quipements de m\u00e9lange","og_description":"Visita guiada a nuestro Process Development Center Una experiencia completa en las etapas clave de los procesos de fabricaci\u00f3n Desde el laboratorio hasta la producci\u00f3n industrial, las tecnolog\u00edas VMI permiten [&hellip;]","og_url":"https:\/\/www.vmimixing.com\/es\/cosmetica-quimica-de-especialidades\/process-development-center-salud-y-quimica\/","og_site_name":"VMI - Fabrication d&#039;\u00e9quipements de m\u00e9lange","article_modified_time":"2021-07-16T08:28:47+00:00","og_image":[{"url":"https:\/\/www.vmimixing.com\/app\/uploads\/2021\/06\/melangeur_paillasse_turbotest.jpg"}],"twitter_card":"summary_large_image","twitter_misc":{"Est. reading time":"4 minutes"},"schema":{"@context":"https:\/\/schema.org","@graph":[{"@type":"WebPage","@id":"https:\/\/www.vmimixing.com\/es\/cosmetica-quimica-de-especialidades\/process-development-center-salud-y-quimica\/","url":"https:\/\/www.vmimixing.com\/es\/cosmetica-quimica-de-especialidades\/process-development-center-salud-y-quimica\/","name":"Process Development Center para las industrias de la salud y de la qu\u00edmica de especialidades - VMI - Fabrication d&#039;\u00e9quipements de m\u00e9lange","isPartOf":{"@id":"https:\/\/www.vmimixing.com\/#website"},"datePublished":"2021-06-23T12:55:39+00:00","dateModified":"2021-07-16T08:28:47+00:00","breadcrumb":{"@id":"https:\/\/www.vmimixing.com\/es\/cosmetica-quimica-de-especialidades\/process-development-center-salud-y-quimica\/#breadcrumb"},"inLanguage":"es-ES","potentialAction":[{"@type":"ReadAction","target":["https:\/\/www.vmimixing.com\/es\/cosmetica-quimica-de-especialidades\/process-development-center-salud-y-quimica\/"]}]},{"@type":"BreadcrumbList","@id":"https:\/\/www.vmimixing.com\/es\/cosmetica-quimica-de-especialidades\/process-development-center-salud-y-quimica\/#breadcrumb","itemListElement":[{"@type":"ListItem","position":1,"name":"Accueil","item":"https:\/\/www.vmimixing.com\/es\/"},{"@type":"ListItem","position":2,"name":"Laboratorios e industrias de la cosm\u00e9tica, la farmacia y la qu\u00edmica de especialidades","item":"https:\/\/www.vmimixing.com\/es\/cosmetica-quimica-de-especialidades\/"},{"@type":"ListItem","position":3,"name":"Process Development Center para las industrias de la salud y de la qu\u00edmica de especialidades"}]},{"@type":"WebSite","@id":"https:\/\/www.vmimixing.com\/#website","url":"https:\/\/www.vmimixing.com\/","name":"VMI - Fabrication d&#039;\u00e9quipements de m\u00e9lange","description":"Conception, fabrication et installation de solution de m\u00e9lange","publisher":{"@id":"https:\/\/www.vmimixing.com\/#organization"},"potentialAction":[{"@type":"SearchAction","target":{"@type":"EntryPoint","urlTemplate":"https:\/\/www.vmimixing.com\/?s={search_term_string}"},"query-input":"required name=search_term_string"}],"inLanguage":"es-ES"},{"@type":"Organization","@id":"https:\/\/www.vmimixing.com\/#organization","name":"VMI - Fabrication d&#039;\u00e9quipements de m\u00e9lange","url":"https:\/\/www.vmimixing.com\/","logo":{"@type":"ImageObject","inLanguage":"es-ES","@id":"https:\/\/www.vmimixing.com\/#\/schema\/logo\/image\/","url":"https:\/\/www.vmimixing.com\/app\/uploads\/2025\/09\/VMI_logo_Strapline_RGB_June2025.png","contentUrl":"https:\/\/www.vmimixing.com\/app\/uploads\/2025\/09\/VMI_logo_Strapline_RGB_June2025.png","width":2180,"height":650,"caption":"VMI - Fabrication d&#039;\u00e9quipements de m\u00e9lange"},"image":{"@id":"https:\/\/www.vmimixing.com\/#\/schema\/logo\/image\/"}}]}},"_links":{"self":[{"href":"https:\/\/www.vmimixing.com\/es\/wp-json\/wp\/v2\/pages\/107614"}],"collection":[{"href":"https:\/\/www.vmimixing.com\/es\/wp-json\/wp\/v2\/pages"}],"about":[{"href":"https:\/\/www.vmimixing.com\/es\/wp-json\/wp\/v2\/types\/page"}],"author":[{"embeddable":true,"href":"https:\/\/www.vmimixing.com\/es\/wp-json\/wp\/v2\/users\/11"}],"replies":[{"embeddable":true,"href":"https:\/\/www.vmimixing.com\/es\/wp-json\/wp\/v2\/comments?post=107614"}],"version-history":[{"count":14,"href":"https:\/\/www.vmimixing.com\/es\/wp-json\/wp\/v2\/pages\/107614\/revisions"}],"predecessor-version":[{"id":108427,"href":"https:\/\/www.vmimixing.com\/es\/wp-json\/wp\/v2\/pages\/107614\/revisions\/108427"}],"up":[{"embeddable":true,"href":"https:\/\/www.vmimixing.com\/es\/wp-json\/wp\/v2\/pages\/107045"}],"wp:attachment":[{"href":"https:\/\/www.vmimixing.com\/es\/wp-json\/wp\/v2\/media?parent=107614"}],"curies":[{"name":"wp","href":"https:\/\/api.w.org\/{rel}","templated":true}]}}