{"id":107638,"date":"2021-06-23T15:45:43","date_gmt":"2021-06-23T13:45:43","guid":{"rendered":"https:\/\/www.vmimixing.com\/?page_id=107638"},"modified":"2021-07-28T09:38:03","modified_gmt":"2021-07-28T07:38:03","slug":"aplicaciones-industria-quimica-de-especialidades","status":"publish","type":"page","link":"https:\/\/www.vmimixing.com\/es\/cosmetica-quimica-de-especialidades\/aplicaciones-industria-quimica-de-especialidades\/","title":{"rendered":"Aplicaciones para la industria de la qu\u00edmica de especialidades"},"content":{"rendered":"\n<div class=\"wp-container-1 wp-block-group has-extra-light-gray-background-color has-background\"><div class=\"wp-block-group__inner-container\">\n<p>Los mezcladores VMI dedicados al mercado de la qu\u00edmica de especialidades garantizan una <strong>alta eficiencia <\/strong>de agitaci\u00f3n y una gran <strong>fiabilidad,<\/strong> limitando al mismo tiempo el consumo de energ\u00eda. Nuestras pr\u00e1cticas tienen como objetivo acompa\u00f1ar y optimizar a largo plazo la evoluci\u00f3n de los procesos y de nuestros clientes. Pintura, barniz, tinta, colas, masilla, resina, cer\u00e1mica, bet\u00fan: VMI le propone soluciones adecuadas para cada <strong>reolog\u00eda<\/strong>.<\/p>\n<\/div><\/div>\n\n\n<div class=\"wp-block-vmi-image-with-text left-direction\">\n    <div class=\"image-container\">\n        <picture>\n            <img  srcset=\"https:\/\/www.vmimixing.com\/app\/uploads\/2021\/06\/chimie-250x300-c-default.jpg 250w, https:\/\/www.vmimixing.com\/app\/uploads\/2021\/06\/chimie-280x350-c-default.jpg 280w, https:\/\/www.vmimixing.com\/app\/uploads\/2021\/06\/chimie-490x590-c-default.jpg 490w\" src=\"data:image\/gif;base64,R0lGODlhAQABAIAAAAAAAP\/\/\/yH5BAEAAAAALAAAAAABAAEAAAIBRAA7\" alt=\"M\u00e9lange pour la chimie des sp\u00e9cialit\u00e9s\">\n        <\/picture>\n        <div class=\"image-overlay has-lilac-background-color\"><\/div>\n    <\/div>\n    <div class=\"block-content\">\n        \n\n<h2>\u00bfCu\u00e1les son las necesidades de un industrial de la qu\u00edmica?<\/h2>\n\n\n\n<p>La <strong>industria de la qu\u00edmica fina es esencial para la concepci\u00f3n de productos de alto valor a\u00f1adido para todo el sector industrial, como las industrias aeron\u00e1uticas, farmac\u00e9uticas o cosm\u00e9ticas.<\/strong> La transformaci\u00f3n de la materia mediante <strong>s\u00edntesis qu\u00edmica controlada<\/strong> interviene en la concepci\u00f3n de un gran n\u00famero de productos, desde los materiales de revestimiento, hasta las pinturas y los pol\u00edmeros.<\/p>\n\n\n\n<p>En un contexto de exigencias ambientales y de competencia cada vez mayores, los profesionales de la mezcla de componentes qu\u00edmicos deben marcar la diferencia a trav\u00e9s de su proceso de inteligencia, de <strong>investigaci\u00f3n y de desarrollo<\/strong>. Las innovaciones se refieren a eficiencia de los componentes, con objeto de ofrecer un producto final cada vez m\u00e1s eficiente.<\/p>\n\n\n\n<p>Las innovaciones de las industrias qu\u00edmicas tambi\u00e9n est\u00e1n a favor del <strong>desarrollo sostenible<\/strong> y de la protecci\u00f3n de la <strong>salud<\/strong>. La qu\u00edmica denominada \u201c<strong>qu\u00edmica verde<\/strong>\u201d tiene como objetivo ahorrar recursos, encontrar alternativas a los productos m\u00e1s t\u00f3xicos y concebir productos menos contaminantes. Para ello, interviene la optimizaci\u00f3n de la cadena de producci\u00f3n, desde la gesti\u00f3n de las materias primas hasta los procedimientos de fabricaci\u00f3n.<\/p>\n\n\n    <\/div>\n<\/div>\n\n\n<div class=\"wp-container-2 wp-block-group has-extra-light-gray-background-color has-background\"><div class=\"wp-block-group__inner-container\">\n<h2>Nuestras soluciones de mezcla para la industria de la qu\u00edmica fina<\/h2>\n\n\n\n<p>Todos nuestros&nbsp;mezcladores&nbsp;dedicados a los mercados de la&nbsp;qu\u00edmica de especialidades&nbsp;se caracterizan por sus opciones t\u00e9cnicas inteligentes. Garantizan:<\/p>\n\n\n\n<ul><li>Una alta <strong>eficiencia<\/strong> de agitaci\u00f3n<\/li><li>Una <strong>seguridad <\/strong>y una <strong>fiabilidad <\/strong>del equipo a largo plazo<\/li><li>Un <strong>consumo de energ\u00eda<\/strong> controlado<\/li><\/ul>\n<\/div><\/div>\n\n\n<div class=\"wp-block-vmi-image-with-text right-direction\">\n    <div class=\"image-container\">\n        <picture>\n            <img  srcset=\"https:\/\/www.vmimixing.com\/app\/uploads\/2021\/06\/glue_colle_gel-250x300-c-default.jpg 250w, https:\/\/www.vmimixing.com\/app\/uploads\/2021\/06\/glue_colle_gel-280x350-c-default.jpg 280w, https:\/\/www.vmimixing.com\/app\/uploads\/2021\/06\/glue_colle_gel-490x590-c-default.jpg 490w\" src=\"data:image\/gif;base64,R0lGODlhAQABAIAAAAAAAP\/\/\/yH5BAEAAAAALAAAAAABAAEAAAIBRAA7\" alt=\"M\u00e9lange de gel, colle, glue\">\n        <\/picture>\n        <div class=\"image-overlay has-lilac-background-color\"><\/div>\n    <\/div>\n    <div class=\"block-content\">\n        \n\n<h2>Equipos adaptados a todas las operaciones de mezcla<\/h2>\n\n\n\n<p>Dise\u00f1amos <strong>mezcladores<\/strong> adaptados a los procedimientos de mezcla de cada tipo de <strong>reolog\u00eda<\/strong>:&nbsp;<\/p>\n\n\n\n<ul><li>Dispersi\u00f3n de los productos <strong>fluidos<\/strong><strong>: <\/strong>pintura, aceite, lasur, barniz, etc.<\/li><li>Empastado de productos muy cargados y <strong>espesos<\/strong>: tinta, cola, lucido, gel, emulsi\u00f3n etc.<\/li><li>Mezclado de productos de muy <strong>alta<\/strong> <strong>viscosidad<\/strong>: resina, cer\u00e1mica, esmalte, bet\u00fan, etc.<\/li><\/ul>\n\n\n\n<p>Las m\u00e1quinas VMI se distinguen por su <strong>sencillez<\/strong> de utilizaci\u00f3n y su <strong>polivalencia<\/strong>. Independientemente de la velocidad de rotaci\u00f3n requerida, permiten trabajar importantes rangos de vol\u00famenes de tanque, de 40 a 10.000 litros.&nbsp;<\/p>\n\n\n\n<p>Su <strong>robustez<\/strong> probada hace que sean particularmente eficaces en condiciones operativas exigentes y complejas, as\u00ed como frente a grandes retos de seguridad: mezclas que se deben realizar a <strong>presi\u00f3n<\/strong>, al <strong>vac\u00edo<\/strong>, en condiciones de temperaturas especiales, en <strong>entornos explosivos<\/strong>, con una <strong>limpieza <\/strong>in situ. etc.<\/p>\n\n\n    <\/div>\n<\/div>\n\n\n<div class=\"wp-container-8 wp-block-columns are-vertically-aligned-center\">\n<div class=\"wp-container-5 wp-block-column is-vertically-aligned-center\" style=\"flex-basis:33.33%\">\n<figure class=\"wp-container-4 wp-block-gallery-3 wp-block-gallery columns-2 is-cropped\"><ul class=\"blocks-gallery-grid\"><li class=\"blocks-gallery-item\"><figure><img loading=\"lazy\" width=\"277\" height=\"185\" src=\"https:\/\/www.vmimixing.com\/app\/uploads\/2021\/06\/peinture_coating.jpg\" alt=\"Peinture, coating \" data-id=\"103101\" data-full-url=\"https:\/\/www.vmimixing.com\/app\/uploads\/2021\/06\/peinture_coating.jpg\" data-link=\"https:\/\/www.vmimixing.com\/peinture_coating\/\" class=\"wp-image-106302\" srcset=\"https:\/\/www.vmimixing.com\/app\/uploads\/2021\/06\/peinture_coating.jpg 277w, https:\/\/www.vmimixing.com\/app\/uploads\/2021\/06\/peinture_coating-700x0-c-default.jpg 700w, https:\/\/www.vmimixing.com\/app\/uploads\/2021\/06\/peinture_coating-960x0-c-default.jpg 960w, https:\/\/www.vmimixing.com\/app\/uploads\/2021\/06\/peinture_coating-0x540-c-default.jpg 809w, https:\/\/www.vmimixing.com\/app\/uploads\/2021\/06\/peinture_coating-460x0-c-default.jpg 460w, https:\/\/www.vmimixing.com\/app\/uploads\/2021\/06\/peinture_coating-310x0-c-default.jpg 310w\" sizes=\"(max-width: 277px) 100vw, 277px\" \/><\/figure><\/li><li class=\"blocks-gallery-item\"><figure><img loading=\"lazy\" width=\"277\" height=\"185\" src=\"https:\/\/www.vmimixing.com\/app\/uploads\/2021\/06\/enduit_mural.jpg\" alt=\"Enduit mural\" data-id=\"103109\" data-full-url=\"https:\/\/www.vmimixing.com\/app\/uploads\/2021\/06\/enduit_mural.jpg\" data-link=\"https:\/\/www.vmimixing.com\/enduit_mural\/\" class=\"wp-image-106306\" srcset=\"https:\/\/www.vmimixing.com\/app\/uploads\/2021\/06\/enduit_mural.jpg 277w, https:\/\/www.vmimixing.com\/app\/uploads\/2021\/06\/enduit_mural-700x0-c-default.jpg 700w, https:\/\/www.vmimixing.com\/app\/uploads\/2021\/06\/enduit_mural-960x0-c-default.jpg 960w, https:\/\/www.vmimixing.com\/app\/uploads\/2021\/06\/enduit_mural-0x540-c-default.jpg 809w, https:\/\/www.vmimixing.com\/app\/uploads\/2021\/06\/enduit_mural-460x0-c-default.jpg 460w, https:\/\/www.vmimixing.com\/app\/uploads\/2021\/06\/enduit_mural-310x0-c-default.jpg 310w\" sizes=\"(max-width: 277px) 100vw, 277px\" \/><\/figure><\/li><li class=\"blocks-gallery-item\"><figure><img loading=\"lazy\" width=\"277\" height=\"185\" src=\"https:\/\/www.vmimixing.com\/app\/uploads\/2021\/06\/ceramique.jpg\" alt=\"C\u00e9ramique sol\" data-id=\"103105\" data-full-url=\"https:\/\/www.vmimixing.com\/app\/uploads\/2021\/06\/ceramique.jpg\" data-link=\"https:\/\/www.vmimixing.com\/ceramique\/\" class=\"wp-image-106304\" srcset=\"https:\/\/www.vmimixing.com\/app\/uploads\/2021\/06\/ceramique.jpg 277w, https:\/\/www.vmimixing.com\/app\/uploads\/2021\/06\/ceramique-700x0-c-default.jpg 700w, https:\/\/www.vmimixing.com\/app\/uploads\/2021\/06\/ceramique-960x0-c-default.jpg 960w, https:\/\/www.vmimixing.com\/app\/uploads\/2021\/06\/ceramique-0x540-c-default.jpg 809w, https:\/\/www.vmimixing.com\/app\/uploads\/2021\/06\/ceramique-460x0-c-default.jpg 460w, https:\/\/www.vmimixing.com\/app\/uploads\/2021\/06\/ceramique-310x0-c-default.jpg 310w\" sizes=\"(max-width: 277px) 100vw, 277px\" \/><\/figure><\/li><li class=\"blocks-gallery-item\"><figure><img loading=\"lazy\" width=\"277\" height=\"185\" src=\"https:\/\/www.vmimixing.com\/app\/uploads\/2021\/06\/bitume.jpg\" alt=\"Bitume\" data-id=\"103103\" data-full-url=\"https:\/\/www.vmimixing.com\/app\/uploads\/2021\/06\/bitume.jpg\" data-link=\"https:\/\/www.vmimixing.com\/bitume\/\" class=\"wp-image-106303\" srcset=\"https:\/\/www.vmimixing.com\/app\/uploads\/2021\/06\/bitume.jpg 277w, https:\/\/www.vmimixing.com\/app\/uploads\/2021\/06\/bitume-700x0-c-default.jpg 700w, https:\/\/www.vmimixing.com\/app\/uploads\/2021\/06\/bitume-960x0-c-default.jpg 960w, https:\/\/www.vmimixing.com\/app\/uploads\/2021\/06\/bitume-0x540-c-default.jpg 809w, https:\/\/www.vmimixing.com\/app\/uploads\/2021\/06\/bitume-460x0-c-default.jpg 460w, https:\/\/www.vmimixing.com\/app\/uploads\/2021\/06\/bitume-310x0-c-default.jpg 310w\" sizes=\"(max-width: 277px) 100vw, 277px\" \/><\/figure><\/li><\/ul><\/figure>\n<\/div>\n\n\n\n<div class=\"wp-container-7 wp-block-column is-vertically-aligned-center\" style=\"flex-basis:66.66%\">\n<div class=\"wp-container-6 wp-block-group has-white-color has-lilac-background-color has-text-color has-background\"><div class=\"wp-block-group__inner-container\">\n<h3>Producci\u00f3n a peque\u00f1a o gran escala: soluciones para todos los industriales de la qu\u00edmica<\/h3>\n\n\n\n<p class=\"has-white-color has-text-color\">Para sus necesidades de laboratorio, VMI dise\u00f1a <strong><a href=\"https:\/\/www.vmimixing.com\/es\/los-equipos\/mezcladores-laboratorio\/#mezclador-laboratorio-turbotest\" target=\"_blank\" rel=\"noreferrer noopener\">mezcladores y amasadoras de laboratorio<\/a><\/strong>, con una potencia que permite la mezcla de productos de alta viscosidad. Estos equipos est\u00e1n disponibles en nuestro <em><a href=\"https:\/\/www.vmimixing.com\/es\/cosmetica-quimica-de-especialidades\/process-development-center-salud-y-quimica\/\" target=\"_blank\" rel=\"noreferrer noopener\">Process Development Center<\/a><\/em>, en el que nuestros clientes realizan ensayos de formulaci\u00f3n, acompa\u00f1ados por nuestros tecn\u00f3logos.<\/p>\n\n\n\n<p class=\"has-white-color has-text-color\">Para <strong>producciones automatizadas<\/strong> o semi-industriales, dise\u00f1amos <strong><a href=\"https:\/\/www.vmimixing.com\/es\/equipos\/mezcladores-planetarios\/\" target=\"_blank\" rel=\"noreferrer noopener\">mezcladores planetarios<\/a><\/strong> y <strong><a href=\"https:\/\/www.vmimixing.com\/es\/equipos\/mezcladores-industriales-abatibles\/\" target=\"_blank\" rel=\"noreferrer noopener\">mezcladores industriales abatibles<\/a><\/strong>, de hasta 10.000 litros de volumen de tanque. Seg\u00fan las condiciones operativas y del rendimiento que se desea alcanzar, nuestro equipo de proyectos proporciona la soluci\u00f3n de mezcla que se adapta mejor a sus necesidades. Nuestro planteamiento est\u00e1 estructurado y orientado hacia la satisfacci\u00f3n de nuestros clientes y la mejora continua de nuestros procesos, certificados <strong>ISO 9001<\/strong>. Nuestros equipos implementan las etapas de cualificaci\u00f3n para validar la conformidad de sus equipos de mezcla seg\u00fan sus especificaciones (CC\/CI\/CO\/FAT\/SAT)<\/p>\n<\/div><\/div>\n<\/div>\n<\/div>\n\n\n\n<div class=\"wp-container-9 wp-block-buttons is-content-justification-center\">\n<div class=\"wp-block-button is-style-vmi-button-health\"><a class=\"wp-block-button__link\" href=\"https:\/\/www.vmimixing.com\/es\/cosmetica-quimica-de-especialidades\/los-equipos\/\">Ver todas las soluciones de mezcla VMI<\/a><\/div>\n<\/div>\n","protected":false},"excerpt":{"rendered":"<p>Los mezcladores VMI dedicados al mercado de la qu\u00edmica de especialidades garantizan una alta eficiencia de agitaci\u00f3n y una gran fiabilidad, limitando al mismo tiempo el consumo de energ\u00eda. Nuestras [&hellip;]<\/p>\n","protected":false},"author":11,"featured_media":105261,"parent":107045,"menu_order":43,"comment_status":"closed","ping_status":"closed","template":"","meta":{"page_sector":"-"},"yoast_head":"<!-- This site is optimized with the Yoast SEO plugin v19.9 - https:\/\/yoast.com\/wordpress\/plugins\/seo\/ -->\n<title>Aplicaciones para la industria de la qu\u00edmica de especialidades - VMI - Fabrication d&#039;\u00e9quipements de m\u00e9lange<\/title>\n<meta name=\"robots\" content=\"index, follow, max-snippet:-1, max-image-preview:large, max-video-preview:-1\" \/>\n<link rel=\"canonical\" href=\"https:\/\/www.vmimixing.com\/es\/cosmetica-quimica-de-especialidades\/aplicaciones-industria-quimica-de-especialidades\/\" \/>\n<meta property=\"og:locale\" content=\"es_ES\" \/>\n<meta property=\"og:type\" content=\"article\" \/>\n<meta property=\"og:title\" content=\"Aplicaciones para la industria de la qu\u00edmica de especialidades - VMI - Fabrication d&#039;\u00e9quipements de m\u00e9lange\" \/>\n<meta property=\"og:description\" content=\"Los mezcladores VMI dedicados al mercado de la qu\u00edmica de especialidades garantizan una alta eficiencia de agitaci\u00f3n y una gran fiabilidad, limitando al mismo tiempo el consumo de energ\u00eda. Nuestras [&hellip;]\" \/>\n<meta property=\"og:url\" content=\"https:\/\/www.vmimixing.com\/es\/cosmetica-quimica-de-especialidades\/aplicaciones-industria-quimica-de-especialidades\/\" \/>\n<meta property=\"og:site_name\" content=\"VMI - Fabrication d&#039;\u00e9quipements de m\u00e9lange\" \/>\n<meta property=\"article:modified_time\" content=\"2021-07-28T07:38:03+00:00\" \/>\n<meta property=\"og:image\" content=\"https:\/\/www.vmimixing.com\/app\/uploads\/2021\/05\/C497_Corporate_Produits-finis_Rayneri_Tubes-de-test_Fotolia_125962874_Lv2.jpg\" \/>\n\t<meta property=\"og:image:width\" content=\"1617\" \/>\n\t<meta property=\"og:image:height\" content=\"1080\" \/>\n\t<meta property=\"og:image:type\" content=\"image\/jpeg\" \/>\n<meta name=\"twitter:card\" content=\"summary_large_image\" \/>\n<meta name=\"twitter:label1\" content=\"Est. reading time\" \/>\n\t<meta name=\"twitter:data1\" content=\"4 minutes\" \/>\n<script type=\"application\/ld+json\" class=\"yoast-schema-graph\">{\"@context\":\"https:\/\/schema.org\",\"@graph\":[{\"@type\":\"WebPage\",\"@id\":\"https:\/\/www.vmimixing.com\/es\/cosmetica-quimica-de-especialidades\/aplicaciones-industria-quimica-de-especialidades\/\",\"url\":\"https:\/\/www.vmimixing.com\/es\/cosmetica-quimica-de-especialidades\/aplicaciones-industria-quimica-de-especialidades\/\",\"name\":\"Aplicaciones para la industria de la qu\u00edmica de especialidades - VMI - Fabrication d&#039;\u00e9quipements de m\u00e9lange\",\"isPartOf\":{\"@id\":\"https:\/\/www.vmimixing.com\/#website\"},\"datePublished\":\"2021-06-23T13:45:43+00:00\",\"dateModified\":\"2021-07-28T07:38:03+00:00\",\"breadcrumb\":{\"@id\":\"https:\/\/www.vmimixing.com\/es\/cosmetica-quimica-de-especialidades\/aplicaciones-industria-quimica-de-especialidades\/#breadcrumb\"},\"inLanguage\":\"es-ES\",\"potentialAction\":[{\"@type\":\"ReadAction\",\"target\":[\"https:\/\/www.vmimixing.com\/es\/cosmetica-quimica-de-especialidades\/aplicaciones-industria-quimica-de-especialidades\/\"]}]},{\"@type\":\"BreadcrumbList\",\"@id\":\"https:\/\/www.vmimixing.com\/es\/cosmetica-quimica-de-especialidades\/aplicaciones-industria-quimica-de-especialidades\/#breadcrumb\",\"itemListElement\":[{\"@type\":\"ListItem\",\"position\":1,\"name\":\"Accueil\",\"item\":\"https:\/\/www.vmimixing.com\/es\/\"},{\"@type\":\"ListItem\",\"position\":2,\"name\":\"Laboratorios e industrias de la cosm\u00e9tica, la farmacia y la qu\u00edmica de especialidades\",\"item\":\"https:\/\/www.vmimixing.com\/es\/cosmetica-quimica-de-especialidades\/\"},{\"@type\":\"ListItem\",\"position\":3,\"name\":\"Aplicaciones para la industria de la qu\u00edmica de especialidades\"}]},{\"@type\":\"WebSite\",\"@id\":\"https:\/\/www.vmimixing.com\/#website\",\"url\":\"https:\/\/www.vmimixing.com\/\",\"name\":\"VMI - Fabrication d&#039;\u00e9quipements de m\u00e9lange\",\"description\":\"Conception, fabrication et installation de solution de m\u00e9lange\",\"publisher\":{\"@id\":\"https:\/\/www.vmimixing.com\/#organization\"},\"potentialAction\":[{\"@type\":\"SearchAction\",\"target\":{\"@type\":\"EntryPoint\",\"urlTemplate\":\"https:\/\/www.vmimixing.com\/?s={search_term_string}\"},\"query-input\":\"required name=search_term_string\"}],\"inLanguage\":\"es-ES\"},{\"@type\":\"Organization\",\"@id\":\"https:\/\/www.vmimixing.com\/#organization\",\"name\":\"VMI - Fabrication d&#039;\u00e9quipements de m\u00e9lange\",\"url\":\"https:\/\/www.vmimixing.com\/\",\"logo\":{\"@type\":\"ImageObject\",\"inLanguage\":\"es-ES\",\"@id\":\"https:\/\/www.vmimixing.com\/#\/schema\/logo\/image\/\",\"url\":\"https:\/\/www.vmimixing.com\/app\/uploads\/2025\/09\/VMI_logo_Strapline_RGB_June2025.png\",\"contentUrl\":\"https:\/\/www.vmimixing.com\/app\/uploads\/2025\/09\/VMI_logo_Strapline_RGB_June2025.png\",\"width\":2180,\"height\":650,\"caption\":\"VMI - Fabrication d&#039;\u00e9quipements de m\u00e9lange\"},\"image\":{\"@id\":\"https:\/\/www.vmimixing.com\/#\/schema\/logo\/image\/\"}}]}<\/script>\n<!-- \/ Yoast SEO plugin. -->","yoast_head_json":{"title":"Aplicaciones para la industria de la qu\u00edmica de especialidades - VMI - Fabrication d&#039;\u00e9quipements de m\u00e9lange","robots":{"index":"index","follow":"follow","max-snippet":"max-snippet:-1","max-image-preview":"max-image-preview:large","max-video-preview":"max-video-preview:-1"},"canonical":"https:\/\/www.vmimixing.com\/es\/cosmetica-quimica-de-especialidades\/aplicaciones-industria-quimica-de-especialidades\/","og_locale":"es_ES","og_type":"article","og_title":"Aplicaciones para la industria de la qu\u00edmica de especialidades - VMI - Fabrication d&#039;\u00e9quipements de m\u00e9lange","og_description":"Los mezcladores VMI dedicados al mercado de la qu\u00edmica de especialidades garantizan una alta eficiencia de agitaci\u00f3n y una gran fiabilidad, limitando al mismo tiempo el consumo de energ\u00eda. Nuestras [&hellip;]","og_url":"https:\/\/www.vmimixing.com\/es\/cosmetica-quimica-de-especialidades\/aplicaciones-industria-quimica-de-especialidades\/","og_site_name":"VMI - Fabrication d&#039;\u00e9quipements de m\u00e9lange","article_modified_time":"2021-07-28T07:38:03+00:00","og_image":[{"width":1617,"height":1080,"url":"https:\/\/www.vmimixing.com\/app\/uploads\/2021\/05\/C497_Corporate_Produits-finis_Rayneri_Tubes-de-test_Fotolia_125962874_Lv2.jpg","type":"image\/jpeg"}],"twitter_card":"summary_large_image","twitter_misc":{"Est. reading time":"4 minutes"},"schema":{"@context":"https:\/\/schema.org","@graph":[{"@type":"WebPage","@id":"https:\/\/www.vmimixing.com\/es\/cosmetica-quimica-de-especialidades\/aplicaciones-industria-quimica-de-especialidades\/","url":"https:\/\/www.vmimixing.com\/es\/cosmetica-quimica-de-especialidades\/aplicaciones-industria-quimica-de-especialidades\/","name":"Aplicaciones para la industria de la qu\u00edmica de especialidades - VMI - Fabrication d&#039;\u00e9quipements de m\u00e9lange","isPartOf":{"@id":"https:\/\/www.vmimixing.com\/#website"},"datePublished":"2021-06-23T13:45:43+00:00","dateModified":"2021-07-28T07:38:03+00:00","breadcrumb":{"@id":"https:\/\/www.vmimixing.com\/es\/cosmetica-quimica-de-especialidades\/aplicaciones-industria-quimica-de-especialidades\/#breadcrumb"},"inLanguage":"es-ES","potentialAction":[{"@type":"ReadAction","target":["https:\/\/www.vmimixing.com\/es\/cosmetica-quimica-de-especialidades\/aplicaciones-industria-quimica-de-especialidades\/"]}]},{"@type":"BreadcrumbList","@id":"https:\/\/www.vmimixing.com\/es\/cosmetica-quimica-de-especialidades\/aplicaciones-industria-quimica-de-especialidades\/#breadcrumb","itemListElement":[{"@type":"ListItem","position":1,"name":"Accueil","item":"https:\/\/www.vmimixing.com\/es\/"},{"@type":"ListItem","position":2,"name":"Laboratorios e industrias de la cosm\u00e9tica, la farmacia y la qu\u00edmica de especialidades","item":"https:\/\/www.vmimixing.com\/es\/cosmetica-quimica-de-especialidades\/"},{"@type":"ListItem","position":3,"name":"Aplicaciones para la industria de la qu\u00edmica de especialidades"}]},{"@type":"WebSite","@id":"https:\/\/www.vmimixing.com\/#website","url":"https:\/\/www.vmimixing.com\/","name":"VMI - Fabrication d&#039;\u00e9quipements de m\u00e9lange","description":"Conception, fabrication et installation de solution de m\u00e9lange","publisher":{"@id":"https:\/\/www.vmimixing.com\/#organization"},"potentialAction":[{"@type":"SearchAction","target":{"@type":"EntryPoint","urlTemplate":"https:\/\/www.vmimixing.com\/?s={search_term_string}"},"query-input":"required name=search_term_string"}],"inLanguage":"es-ES"},{"@type":"Organization","@id":"https:\/\/www.vmimixing.com\/#organization","name":"VMI - Fabrication d&#039;\u00e9quipements de m\u00e9lange","url":"https:\/\/www.vmimixing.com\/","logo":{"@type":"ImageObject","inLanguage":"es-ES","@id":"https:\/\/www.vmimixing.com\/#\/schema\/logo\/image\/","url":"https:\/\/www.vmimixing.com\/app\/uploads\/2025\/09\/VMI_logo_Strapline_RGB_June2025.png","contentUrl":"https:\/\/www.vmimixing.com\/app\/uploads\/2025\/09\/VMI_logo_Strapline_RGB_June2025.png","width":2180,"height":650,"caption":"VMI - Fabrication d&#039;\u00e9quipements de m\u00e9lange"},"image":{"@id":"https:\/\/www.vmimixing.com\/#\/schema\/logo\/image\/"}}]}},"_links":{"self":[{"href":"https:\/\/www.vmimixing.com\/es\/wp-json\/wp\/v2\/pages\/107638"}],"collection":[{"href":"https:\/\/www.vmimixing.com\/es\/wp-json\/wp\/v2\/pages"}],"about":[{"href":"https:\/\/www.vmimixing.com\/es\/wp-json\/wp\/v2\/types\/page"}],"author":[{"embeddable":true,"href":"https:\/\/www.vmimixing.com\/es\/wp-json\/wp\/v2\/users\/11"}],"replies":[{"embeddable":true,"href":"https:\/\/www.vmimixing.com\/es\/wp-json\/wp\/v2\/comments?post=107638"}],"version-history":[{"count":17,"href":"https:\/\/www.vmimixing.com\/es\/wp-json\/wp\/v2\/pages\/107638\/revisions"}],"predecessor-version":[{"id":108551,"href":"https:\/\/www.vmimixing.com\/es\/wp-json\/wp\/v2\/pages\/107638\/revisions\/108551"}],"up":[{"embeddable":true,"href":"https:\/\/www.vmimixing.com\/es\/wp-json\/wp\/v2\/pages\/107045"}],"wp:featuredmedia":[{"embeddable":true,"href":"https:\/\/www.vmimixing.com\/es\/wp-json\/wp\/v2\/media\/105261"}],"wp:attachment":[{"href":"https:\/\/www.vmimixing.com\/es\/wp-json\/wp\/v2\/media?parent=107638"}],"curies":[{"name":"wp","href":"https:\/\/api.w.org\/{rel}","templated":true}]}}