{"id":108581,"date":"2021-06-22T16:43:56","date_gmt":"2021-06-22T14:43:56","guid":{"rendered":"https:\/\/www.vmimixing.com\/content-request\/"},"modified":"2021-10-11T11:00:51","modified_gmt":"2021-10-11T09:00:51","slug":"solicitud-contenido","status":"publish","type":"page","link":"https:\/\/www.vmimixing.com\/es\/solicitud-contenido\/","title":{"rendered":"\u00a1Gracias por su solicitud!"},"content":{"rendered":"\n<p>Vigila tu buz\u00f3n, \u00a1tu contenido est\u00e1 en camino! Y no olvides revisar tu correo no deseado.<\/p>\n\n\n\n<p>Quedamos a su disposici\u00f3n para cualquier informaci\u00f3n adicional, hasta pronto.<\/p>\n\n\n\n<div class=\"wp-container-5 wp-block-columns\">\n<div class=\"wp-container-2 wp-block-column\">\n<div class=\"wp-container-1 wp-block-buttons\">\n<div class=\"wp-block-button is-style-vmi-button\"><a class=\"wp-block-button__link\" href=\"https:\/\/www.vmimixing.com\/es\/noticias\/\">Consulte nuestras noticias<\/a><\/div>\n<\/div>\n<\/div>\n\n\n\n<div class=\"wp-container-4 wp-block-column\">\n<div class=\"wp-container-3 wp-block-buttons\">\n<div class=\"wp-block-button is-style-vmi-button\"><a class=\"wp-block-button__link\" href=\"https:\/\/www.vmimixing.com\/es\/\">Volver a la p\u00e1gina de inicio<\/a><\/div>\n<\/div>\n<\/div>\n<\/div>\n","protected":false},"excerpt":{"rendered":"<p>Vigila tu buz\u00f3n, \u00a1tu contenido est\u00e1 en camino! Y no olvides revisar tu correo no deseado. Quedamos a su disposici\u00f3n para cualquier informaci\u00f3n adicional, hasta pronto.<\/p>\n","protected":false},"author":1,"featured_media":0,"parent":0,"menu_order":102,"comment_status":"closed","ping_status":"closed","template":"","meta":{"page_sector":"-"},"yoast_head":"<!-- This site is optimized with the Yoast SEO plugin v19.9 - https:\/\/yoast.com\/wordpress\/plugins\/seo\/ -->\n<title>\u00a1Gracias por su solicitud! - VMI - Fabrication d&#039;\u00e9quipements de m\u00e9lange<\/title>\n<meta name=\"robots\" content=\"noindex, nofollow\" \/>\n<meta property=\"og:locale\" content=\"es_ES\" \/>\n<meta property=\"og:type\" content=\"article\" \/>\n<meta property=\"og:title\" content=\"\u00a1Gracias por su solicitud! - VMI - Fabrication d&#039;\u00e9quipements de m\u00e9lange\" \/>\n<meta property=\"og:description\" content=\"Vigila tu buz\u00f3n, \u00a1tu contenido est\u00e1 en camino! Y no olvides revisar tu correo no deseado. Quedamos a su disposici\u00f3n para cualquier informaci\u00f3n adicional, hasta pronto.\" \/>\n<meta property=\"og:url\" content=\"https:\/\/www.vmimixing.com\/es\/solicitud-contenido\/\" \/>\n<meta property=\"og:site_name\" content=\"VMI - Fabrication d&#039;\u00e9quipements de m\u00e9lange\" \/>\n<meta property=\"article:modified_time\" content=\"2021-10-11T09:00:51+00:00\" \/>\n<meta name=\"twitter:card\" content=\"summary_large_image\" \/>\n<meta name=\"twitter:label1\" content=\"Est. reading time\" \/>\n\t<meta name=\"twitter:data1\" content=\"1 minute\" \/>\n<script type=\"application\/ld+json\" class=\"yoast-schema-graph\">{\"@context\":\"https:\/\/schema.org\",\"@graph\":[{\"@type\":\"WebPage\",\"@id\":\"https:\/\/www.vmimixing.com\/es\/solicitud-contenido\/\",\"url\":\"https:\/\/www.vmimixing.com\/es\/solicitud-contenido\/\",\"name\":\"\u00a1Gracias por su solicitud! - VMI - Fabrication d&#039;\u00e9quipements de m\u00e9lange\",\"isPartOf\":{\"@id\":\"https:\/\/www.vmimixing.com\/#website\"},\"datePublished\":\"2021-06-22T14:43:56+00:00\",\"dateModified\":\"2021-10-11T09:00:51+00:00\",\"breadcrumb\":{\"@id\":\"https:\/\/www.vmimixing.com\/es\/solicitud-contenido\/#breadcrumb\"},\"inLanguage\":\"es-ES\",\"potentialAction\":[{\"@type\":\"ReadAction\",\"target\":[\"https:\/\/www.vmimixing.com\/es\/solicitud-contenido\/\"]}]},{\"@type\":\"BreadcrumbList\",\"@id\":\"https:\/\/www.vmimixing.com\/es\/solicitud-contenido\/#breadcrumb\",\"itemListElement\":[{\"@type\":\"ListItem\",\"position\":1,\"name\":\"Accueil\",\"item\":\"https:\/\/www.vmimixing.com\/es\/\"},{\"@type\":\"ListItem\",\"position\":2,\"name\":\"\u00a1Gracias por su solicitud!\"}]},{\"@type\":\"WebSite\",\"@id\":\"https:\/\/www.vmimixing.com\/#website\",\"url\":\"https:\/\/www.vmimixing.com\/\",\"name\":\"VMI - Fabrication d&#039;\u00e9quipements de m\u00e9lange\",\"description\":\"Conception, fabrication et installation de solution de m\u00e9lange\",\"publisher\":{\"@id\":\"https:\/\/www.vmimixing.com\/#organization\"},\"potentialAction\":[{\"@type\":\"SearchAction\",\"target\":{\"@type\":\"EntryPoint\",\"urlTemplate\":\"https:\/\/www.vmimixing.com\/?s={search_term_string}\"},\"query-input\":\"required name=search_term_string\"}],\"inLanguage\":\"es-ES\"},{\"@type\":\"Organization\",\"@id\":\"https:\/\/www.vmimixing.com\/#organization\",\"name\":\"VMI - Fabrication d&#039;\u00e9quipements de m\u00e9lange\",\"url\":\"https:\/\/www.vmimixing.com\/\",\"logo\":{\"@type\":\"ImageObject\",\"inLanguage\":\"es-ES\",\"@id\":\"https:\/\/www.vmimixing.com\/#\/schema\/logo\/image\/\",\"url\":\"https:\/\/www.vmimixing.com\/app\/uploads\/2025\/09\/VMI_logo_Strapline_RGB_June2025.png\",\"contentUrl\":\"https:\/\/www.vmimixing.com\/app\/uploads\/2025\/09\/VMI_logo_Strapline_RGB_June2025.png\",\"width\":2180,\"height\":650,\"caption\":\"VMI - Fabrication d&#039;\u00e9quipements de m\u00e9lange\"},\"image\":{\"@id\":\"https:\/\/www.vmimixing.com\/#\/schema\/logo\/image\/\"}}]}<\/script>\n<!-- \/ Yoast SEO plugin. -->","yoast_head_json":{"title":"\u00a1Gracias por su solicitud! - VMI - Fabrication d&#039;\u00e9quipements de m\u00e9lange","robots":{"index":"noindex","follow":"nofollow"},"og_locale":"es_ES","og_type":"article","og_title":"\u00a1Gracias por su solicitud! - VMI - Fabrication d&#039;\u00e9quipements de m\u00e9lange","og_description":"Vigila tu buz\u00f3n, \u00a1tu contenido est\u00e1 en camino! Y no olvides revisar tu correo no deseado. Quedamos a su disposici\u00f3n para cualquier informaci\u00f3n adicional, hasta pronto.","og_url":"https:\/\/www.vmimixing.com\/es\/solicitud-contenido\/","og_site_name":"VMI - Fabrication d&#039;\u00e9quipements de m\u00e9lange","article_modified_time":"2021-10-11T09:00:51+00:00","twitter_card":"summary_large_image","twitter_misc":{"Est. reading time":"1 minute"},"schema":{"@context":"https:\/\/schema.org","@graph":[{"@type":"WebPage","@id":"https:\/\/www.vmimixing.com\/es\/solicitud-contenido\/","url":"https:\/\/www.vmimixing.com\/es\/solicitud-contenido\/","name":"\u00a1Gracias por su solicitud! - VMI - Fabrication d&#039;\u00e9quipements de m\u00e9lange","isPartOf":{"@id":"https:\/\/www.vmimixing.com\/#website"},"datePublished":"2021-06-22T14:43:56+00:00","dateModified":"2021-10-11T09:00:51+00:00","breadcrumb":{"@id":"https:\/\/www.vmimixing.com\/es\/solicitud-contenido\/#breadcrumb"},"inLanguage":"es-ES","potentialAction":[{"@type":"ReadAction","target":["https:\/\/www.vmimixing.com\/es\/solicitud-contenido\/"]}]},{"@type":"BreadcrumbList","@id":"https:\/\/www.vmimixing.com\/es\/solicitud-contenido\/#breadcrumb","itemListElement":[{"@type":"ListItem","position":1,"name":"Accueil","item":"https:\/\/www.vmimixing.com\/es\/"},{"@type":"ListItem","position":2,"name":"\u00a1Gracias por su solicitud!"}]},{"@type":"WebSite","@id":"https:\/\/www.vmimixing.com\/#website","url":"https:\/\/www.vmimixing.com\/","name":"VMI - Fabrication d&#039;\u00e9quipements de m\u00e9lange","description":"Conception, fabrication et installation de solution de m\u00e9lange","publisher":{"@id":"https:\/\/www.vmimixing.com\/#organization"},"potentialAction":[{"@type":"SearchAction","target":{"@type":"EntryPoint","urlTemplate":"https:\/\/www.vmimixing.com\/?s={search_term_string}"},"query-input":"required name=search_term_string"}],"inLanguage":"es-ES"},{"@type":"Organization","@id":"https:\/\/www.vmimixing.com\/#organization","name":"VMI - Fabrication d&#039;\u00e9quipements de m\u00e9lange","url":"https:\/\/www.vmimixing.com\/","logo":{"@type":"ImageObject","inLanguage":"es-ES","@id":"https:\/\/www.vmimixing.com\/#\/schema\/logo\/image\/","url":"https:\/\/www.vmimixing.com\/app\/uploads\/2025\/09\/VMI_logo_Strapline_RGB_June2025.png","contentUrl":"https:\/\/www.vmimixing.com\/app\/uploads\/2025\/09\/VMI_logo_Strapline_RGB_June2025.png","width":2180,"height":650,"caption":"VMI - Fabrication d&#039;\u00e9quipements de m\u00e9lange"},"image":{"@id":"https:\/\/www.vmimixing.com\/#\/schema\/logo\/image\/"}}]}},"_links":{"self":[{"href":"https:\/\/www.vmimixing.com\/es\/wp-json\/wp\/v2\/pages\/108581"}],"collection":[{"href":"https:\/\/www.vmimixing.com\/es\/wp-json\/wp\/v2\/pages"}],"about":[{"href":"https:\/\/www.vmimixing.com\/es\/wp-json\/wp\/v2\/types\/page"}],"author":[{"embeddable":true,"href":"https:\/\/www.vmimixing.com\/es\/wp-json\/wp\/v2\/users\/1"}],"replies":[{"embeddable":true,"href":"https:\/\/www.vmimixing.com\/es\/wp-json\/wp\/v2\/comments?post=108581"}],"version-history":[{"count":2,"href":"https:\/\/www.vmimixing.com\/es\/wp-json\/wp\/v2\/pages\/108581\/revisions"}],"predecessor-version":[{"id":108898,"href":"https:\/\/www.vmimixing.com\/es\/wp-json\/wp\/v2\/pages\/108581\/revisions\/108898"}],"wp:attachment":[{"href":"https:\/\/www.vmimixing.com\/es\/wp-json\/wp\/v2\/media?parent=108581"}],"curies":[{"name":"wp","href":"https:\/\/api.w.org\/{rel}","templated":true}]}}