{"id":10,"date":"2021-04-16T14:25:42","date_gmt":"2021-04-16T12:25:42","guid":{"rendered":"http:\/\/www.vmimixing.com\/?page_id=10"},"modified":"2022-02-15T17:47:15","modified_gmt":"2022-02-15T16:47:15","slug":"equipements-melange","status":"publish","type":"page","link":"https:\/\/www.vmimixing.com\/fr\/food-boulangerie\/equipements-melange\/","title":{"rendered":"Equipements"},"content":{"rendered":"","protected":false},"excerpt":{"rendered":"","protected":false},"author":1,"featured_media":0,"parent":8,"menu_order":29,"comment_status":"closed","ping_status":"closed","template":"product-list.php","meta":{"page_sector":"food"},"yoast_head":"<!-- This site is optimized with the Yoast SEO plugin v19.9 - https:\/\/yoast.com\/wordpress\/plugins\/seo\/ -->\n<title>M\u00e9langeurs industriels alimentaires - P\u00e9trins, fermenteurs, m\u00e9langeurs<\/title>\n<meta name=\"description\" content=\"M\u00e9langeurs, p\u00e9trins et fermenteurs pour la boulangerie, p\u00e2tisserie, viennoiserie et l&#039;agroalimentaire. Solutions automatis\u00e9es sur mesure.\" \/>\n<meta name=\"robots\" content=\"index, follow, max-snippet:-1, max-image-preview:large, max-video-preview:-1\" \/>\n<link rel=\"canonical\" href=\"https:\/\/www.vmimixing.com\/fr\/food-boulangerie\/equipements-melange\/\" \/>\n<meta property=\"og:locale\" content=\"fr_FR\" \/>\n<meta property=\"og:type\" content=\"article\" \/>\n<meta property=\"og:title\" content=\"M\u00e9langeurs industriels alimentaires - P\u00e9trins, fermenteurs, m\u00e9langeurs\" \/>\n<meta property=\"og:description\" content=\"M\u00e9langeurs, p\u00e9trins et fermenteurs pour la boulangerie, p\u00e2tisserie, viennoiserie et l&#039;agroalimentaire. Solutions automatis\u00e9es sur mesure.\" \/>\n<meta property=\"og:url\" content=\"https:\/\/www.vmimixing.com\/fr\/food-boulangerie\/equipements-melange\/\" \/>\n<meta property=\"og:site_name\" content=\"VMI - Fabrication d&#039;\u00e9quipements de m\u00e9lange\" \/>\n<meta property=\"article:modified_time\" content=\"2022-02-15T16:47:15+00:00\" \/>\n<meta name=\"twitter:card\" content=\"summary_large_image\" \/>\n<script type=\"application\/ld+json\" class=\"yoast-schema-graph\">{\"@context\":\"https:\/\/schema.org\",\"@graph\":[{\"@type\":\"WebPage\",\"@id\":\"https:\/\/www.vmimixing.com\/fr\/food-boulangerie\/equipements-melange\/\",\"url\":\"https:\/\/www.vmimixing.com\/fr\/food-boulangerie\/equipements-melange\/\",\"name\":\"M\u00e9langeurs industriels alimentaires - P\u00e9trins, fermenteurs, m\u00e9langeurs\",\"isPartOf\":{\"@id\":\"https:\/\/www.vmimixing.com\/#website\"},\"datePublished\":\"2021-04-16T12:25:42+00:00\",\"dateModified\":\"2022-02-15T16:47:15+00:00\",\"description\":\"M\u00e9langeurs, p\u00e9trins et fermenteurs pour la boulangerie, p\u00e2tisserie, viennoiserie et l'agroalimentaire. Solutions automatis\u00e9es sur mesure.\",\"breadcrumb\":{\"@id\":\"https:\/\/www.vmimixing.com\/fr\/food-boulangerie\/equipements-melange\/#breadcrumb\"},\"inLanguage\":\"fr-FR\",\"potentialAction\":[{\"@type\":\"ReadAction\",\"target\":[\"https:\/\/www.vmimixing.com\/fr\/food-boulangerie\/equipements-melange\/\"]}]},{\"@type\":\"BreadcrumbList\",\"@id\":\"https:\/\/www.vmimixing.com\/fr\/food-boulangerie\/equipements-melange\/#breadcrumb\",\"itemListElement\":[{\"@type\":\"ListItem\",\"position\":1,\"name\":\"Accueil\",\"item\":\"https:\/\/www.vmimixing.com\/fr\/\"},{\"@type\":\"ListItem\",\"position\":2,\"name\":\"Food &#038; Boulangerie\",\"item\":\"https:\/\/www.vmimixing.com\/fr\/food-boulangerie\/\"},{\"@type\":\"ListItem\",\"position\":3,\"name\":\"Equipements\"}]},{\"@type\":\"WebSite\",\"@id\":\"https:\/\/www.vmimixing.com\/#website\",\"url\":\"https:\/\/www.vmimixing.com\/\",\"name\":\"VMI - Fabrication d&#039;\u00e9quipements de m\u00e9lange\",\"description\":\"Conception, fabrication et installation de solution de m\u00e9lange\",\"publisher\":{\"@id\":\"https:\/\/www.vmimixing.com\/#organization\"},\"potentialAction\":[{\"@type\":\"SearchAction\",\"target\":{\"@type\":\"EntryPoint\",\"urlTemplate\":\"https:\/\/www.vmimixing.com\/?s={search_term_string}\"},\"query-input\":\"required name=search_term_string\"}],\"inLanguage\":\"fr-FR\"},{\"@type\":\"Organization\",\"@id\":\"https:\/\/www.vmimixing.com\/#organization\",\"name\":\"VMI - Fabrication d&#039;\u00e9quipements de m\u00e9lange\",\"url\":\"https:\/\/www.vmimixing.com\/\",\"logo\":{\"@type\":\"ImageObject\",\"inLanguage\":\"fr-FR\",\"@id\":\"https:\/\/www.vmimixing.com\/#\/schema\/logo\/image\/\",\"url\":\"https:\/\/www.vmimixing.com\/app\/uploads\/2025\/09\/VMI_logo_Strapline_RGB_June2025.png\",\"contentUrl\":\"https:\/\/www.vmimixing.com\/app\/uploads\/2025\/09\/VMI_logo_Strapline_RGB_June2025.png\",\"width\":2180,\"height\":650,\"caption\":\"VMI - Fabrication d&#039;\u00e9quipements de m\u00e9lange\"},\"image\":{\"@id\":\"https:\/\/www.vmimixing.com\/#\/schema\/logo\/image\/\"}}]}<\/script>\n<!-- \/ Yoast SEO plugin. -->","yoast_head_json":{"title":"M\u00e9langeurs industriels alimentaires - P\u00e9trins, fermenteurs, m\u00e9langeurs","description":"M\u00e9langeurs, p\u00e9trins et fermenteurs pour la boulangerie, p\u00e2tisserie, viennoiserie et l'agroalimentaire. Solutions automatis\u00e9es sur mesure.","robots":{"index":"index","follow":"follow","max-snippet":"max-snippet:-1","max-image-preview":"max-image-preview:large","max-video-preview":"max-video-preview:-1"},"canonical":"https:\/\/www.vmimixing.com\/fr\/food-boulangerie\/equipements-melange\/","og_locale":"fr_FR","og_type":"article","og_title":"M\u00e9langeurs industriels alimentaires - P\u00e9trins, fermenteurs, m\u00e9langeurs","og_description":"M\u00e9langeurs, p\u00e9trins et fermenteurs pour la boulangerie, p\u00e2tisserie, viennoiserie et l'agroalimentaire. Solutions automatis\u00e9es sur mesure.","og_url":"https:\/\/www.vmimixing.com\/fr\/food-boulangerie\/equipements-melange\/","og_site_name":"VMI - Fabrication d&#039;\u00e9quipements de m\u00e9lange","article_modified_time":"2022-02-15T16:47:15+00:00","twitter_card":"summary_large_image","schema":{"@context":"https:\/\/schema.org","@graph":[{"@type":"WebPage","@id":"https:\/\/www.vmimixing.com\/fr\/food-boulangerie\/equipements-melange\/","url":"https:\/\/www.vmimixing.com\/fr\/food-boulangerie\/equipements-melange\/","name":"M\u00e9langeurs industriels alimentaires - P\u00e9trins, fermenteurs, m\u00e9langeurs","isPartOf":{"@id":"https:\/\/www.vmimixing.com\/#website"},"datePublished":"2021-04-16T12:25:42+00:00","dateModified":"2022-02-15T16:47:15+00:00","description":"M\u00e9langeurs, p\u00e9trins et fermenteurs pour la boulangerie, p\u00e2tisserie, viennoiserie et l'agroalimentaire. Solutions automatis\u00e9es sur mesure.","breadcrumb":{"@id":"https:\/\/www.vmimixing.com\/fr\/food-boulangerie\/equipements-melange\/#breadcrumb"},"inLanguage":"fr-FR","potentialAction":[{"@type":"ReadAction","target":["https:\/\/www.vmimixing.com\/fr\/food-boulangerie\/equipements-melange\/"]}]},{"@type":"BreadcrumbList","@id":"https:\/\/www.vmimixing.com\/fr\/food-boulangerie\/equipements-melange\/#breadcrumb","itemListElement":[{"@type":"ListItem","position":1,"name":"Accueil","item":"https:\/\/www.vmimixing.com\/fr\/"},{"@type":"ListItem","position":2,"name":"Food &#038; Boulangerie","item":"https:\/\/www.vmimixing.com\/fr\/food-boulangerie\/"},{"@type":"ListItem","position":3,"name":"Equipements"}]},{"@type":"WebSite","@id":"https:\/\/www.vmimixing.com\/#website","url":"https:\/\/www.vmimixing.com\/","name":"VMI - Fabrication d&#039;\u00e9quipements de m\u00e9lange","description":"Conception, fabrication et installation de solution de m\u00e9lange","publisher":{"@id":"https:\/\/www.vmimixing.com\/#organization"},"potentialAction":[{"@type":"SearchAction","target":{"@type":"EntryPoint","urlTemplate":"https:\/\/www.vmimixing.com\/?s={search_term_string}"},"query-input":"required name=search_term_string"}],"inLanguage":"fr-FR"},{"@type":"Organization","@id":"https:\/\/www.vmimixing.com\/#organization","name":"VMI - Fabrication d&#039;\u00e9quipements de m\u00e9lange","url":"https:\/\/www.vmimixing.com\/","logo":{"@type":"ImageObject","inLanguage":"fr-FR","@id":"https:\/\/www.vmimixing.com\/#\/schema\/logo\/image\/","url":"https:\/\/www.vmimixing.com\/app\/uploads\/2025\/09\/VMI_logo_Strapline_RGB_June2025.png","contentUrl":"https:\/\/www.vmimixing.com\/app\/uploads\/2025\/09\/VMI_logo_Strapline_RGB_June2025.png","width":2180,"height":650,"caption":"VMI - Fabrication d&#039;\u00e9quipements de m\u00e9lange"},"image":{"@id":"https:\/\/www.vmimixing.com\/#\/schema\/logo\/image\/"}}]}},"_links":{"self":[{"href":"https:\/\/www.vmimixing.com\/fr\/wp-json\/wp\/v2\/pages\/10"}],"collection":[{"href":"https:\/\/www.vmimixing.com\/fr\/wp-json\/wp\/v2\/pages"}],"about":[{"href":"https:\/\/www.vmimixing.com\/fr\/wp-json\/wp\/v2\/types\/page"}],"author":[{"embeddable":true,"href":"https:\/\/www.vmimixing.com\/fr\/wp-json\/wp\/v2\/users\/1"}],"replies":[{"embeddable":true,"href":"https:\/\/www.vmimixing.com\/fr\/wp-json\/wp\/v2\/comments?post=10"}],"version-history":[{"count":3,"href":"https:\/\/www.vmimixing.com\/fr\/wp-json\/wp\/v2\/pages\/10\/revisions"}],"predecessor-version":[{"id":109628,"href":"https:\/\/www.vmimixing.com\/fr\/wp-json\/wp\/v2\/pages\/10\/revisions\/109628"}],"up":[{"embeddable":true,"href":"https:\/\/www.vmimixing.com\/fr\/wp-json\/wp\/v2\/pages\/8"}],"wp:attachment":[{"href":"https:\/\/www.vmimixing.com\/fr\/wp-json\/wp\/v2\/media?parent=10"}],"curies":[{"name":"wp","href":"https:\/\/api.w.org\/{rel}","templated":true}]}}