{"id":100364,"date":"2021-05-18T10:47:19","date_gmt":"2021-05-18T08:47:19","guid":{"rendered":"http:\/\/www.vmimixing.com\/?page_id=100364"},"modified":"2024-10-01T08:47:47","modified_gmt":"2024-10-01T06:47:47","slug":"carrieres","status":"publish","type":"page","link":"https:\/\/www.vmimixing.com\/fr\/carrieres\/","title":{"rendered":"Carri\u00e8res"},"content":{"rendered":"\n<p class=\"has-white-color has-main-blue-background-color has-text-color has-background has-normal-font-size\">Depuis plus de 70 ans, VMI est une <strong>r\u00e9f\u00e9rence mondiale<\/strong> dans la conception et la fabrication d\u2019\u00e9quipements de m\u00e9lange destin\u00e9s aux industries de l\u2019agroalimentaire, de la boulangerie, de la cosm\u00e9tique et de la pharmacie.<\/p>\n\n\n<div class=\"wp-block-vmi-image-with-text left-direction\">\n    <div class=\"image-container\">\n        <picture>\n            <img  srcset=\"https:\/\/www.vmimixing.com\/app\/uploads\/2021\/06\/collaborateurs_vmi-250x300-c-default.jpg 250w, https:\/\/www.vmimixing.com\/app\/uploads\/2021\/06\/collaborateurs_vmi-280x350-c-default.jpg 280w, https:\/\/www.vmimixing.com\/app\/uploads\/2021\/06\/collaborateurs_vmi-490x590-c-default.jpg 490w\" src=\"data:image\/gif;base64,R0lGODlhAQABAIAAAAAAAP\/\/\/yH5BAEAAAAALAAAAAABAAEAAAIBRAA7\" alt=\"Collaborateurs VMI\">\n        <\/picture>\n        <div class=\"image-overlay has-extra-light-gray-background-color\"><\/div>\n    <\/div>\n    <div class=\"block-content\">\n        \n\n<h2 class=\"has-dark-blue-color has-text-color\" id=\"ensemble-creons-les-solutions-technologiques-de-demain\">Ensemble, cr\u00e9ons les solutions technologiques de demain<\/h2>\n\n\n\n<p>Plus de <strong>250 collaborateurs<\/strong> participent quotidiennement \u00e0 apporter \u00e0 nos clients des solutions innovantes.<\/p>\n\n\n\n<p>Le si\u00e8ge social et l\u2019usine de production sont localis\u00e9s sur un <strong>unique site<\/strong>, bas\u00e9 \u00e0 Montaigu-Vend\u00e9e (30 min de Nantes). Dans sa dynamique de d\u00e9veloppement, l\u2019entreprise a emm\u00e9nag\u00e9 dans des locaux neufs de 13&nbsp;000 m\u00b2 en 2017.<\/p>\n\n\n\n<p>Cette structure \u00e0 <strong>taille humaine<\/strong> favorise les \u00e9changes en interne et l\u2019implication de chacun. En contribuant \u00e0 des projets industriels d\u2019envergure, dans un <strong>cadre international<\/strong>, VMI permet l\u2019\u00e9panouissement professionnel et personnel de ses collaborateurs.<\/p>\n\n\n\n<p>L\u2019appartenance de VMI au <strong>groupe industriel mondial<\/strong> <a href=\"https:\/\/hillenbrand.com\/\">Hillenbrand <\/a>en int\u00e9grant la <strong><a href=\"https:\/\/www.coperion.com\/en\/coperion-food-health-and-nutrition-division\">Division Coperion Food, Health &amp; Nutrition<\/a><\/strong> (FHN), vient renforcer l\u2019envergure des projets et la richesse des carri\u00e8res. Les soci\u00e9t\u00e9s combinent leurs forces et leur expertise en tant que fournisseurs mondiaux des industries de l\u2019alimentaire et de la sant\u00e9 et peuvent favoriser la mobilit\u00e9 interne.<\/p>\n\n\n    <\/div>\n<\/div>\n\n\n<div class=\"wp-container-3 wp-block-columns has-extra-light-gray-background-color has-background\">\n<div class=\"wp-container-1 wp-block-column\">\n<h2 class=\"has-dark-blue-color has-text-color\" id=\"travaillez-dans-un-environnement-stimulant\">Travaillez dans un environnement stimulant<\/h2>\n\n\n\n<p>Nos performances et l\u2019am\u00e9lioration continue de nos processus sont garanties par le savoir-faire, la cr\u00e9ativit\u00e9 et la pro-activit\u00e9 des collaborateurs.<\/p>\n\n\n\n<p>Ils exercent aujourd\u2019hui des m\u00e9tiers aussi diversifi\u00e9s que compl\u00e9mentaires&nbsp;:<\/p>\n\n\n\n<ul><li>Ing\u00e9nierie (bureaux d\u2019\u00e9tudes \u00e9lectriques, m\u00e9caniques, automatismes)<\/li><li>R&amp;D<\/li><li>Production (usinage, peinture, montage, maintenance)<\/li><\/ul>\n<\/div>\n\n\n\n<div class=\"wp-container-2 wp-block-column\">\n<ul><li>Achats<\/li><li>Marketing et Ventes (France et Export)<\/li><li>Services clients<\/li><li>Qualit\u00e9 S\u00e9curit\u00e9 Environnement<\/li><li>Informatique<\/li><li>Ressources Humaines<\/li><li>Finance<\/li><\/ul>\n\n\n\n<p>Le d\u00e9veloppement du <strong>savoir-faire<\/strong> et sa <strong>transmission<\/strong> sont au c\u0153ur de nos priorit\u00e9s. C\u2019est pourquoi nous accordons une importance majeure \u00e0 la formation professionnelle et au d\u00e9veloppement des comp\u00e9tences de nos salari\u00e9s, tout au long de leur carri\u00e8re.<\/p>\n<\/div>\n<\/div>\n\n\n<div class=\"wp-block-vmi-image-with-text right-direction\">\n    <div class=\"image-container\">\n        <picture>\n            <img  srcset=\"https:\/\/www.vmimixing.com\/app\/uploads\/2021\/06\/metiers_vmi-250x300-c-default.jpg 250w, https:\/\/www.vmimixing.com\/app\/uploads\/2021\/06\/metiers_vmi-280x350-c-default.jpg 280w, https:\/\/www.vmimixing.com\/app\/uploads\/2021\/06\/metiers_vmi-490x590-c-default.jpg 490w\" src=\"data:image\/gif;base64,R0lGODlhAQABAIAAAAAAAP\/\/\/yH5BAEAAAAALAAAAAABAAEAAAIBRAA7\" alt=\"Opportunit\u00e9s de carri\u00e8re chez VMI, magasinier\">\n        <\/picture>\n        <div class=\"image-overlay has-extra-light-gray-background-color\"><\/div>\n    <\/div>\n    <div class=\"block-content\">\n        \n\n<h2 class=\"has-text-align-left has-dark-blue-color has-text-color\" id=\"des-opportunites-de-carriere-pour-votre-parcours-professionnel\">Des opportunit\u00e9s de carri\u00e8re pour votre parcours professionnel<\/h2>\n\n\n\n<p class=\"has-text-align-left\">L\u2019entreprise VMI est un acteur dynamique du <strong>bassin \u00e9conomique Nantais et Vend\u00e9en<\/strong>. Nous recherchons r\u00e9guli\u00e8rement des nouveaux talents aux postes de :<\/p>\n\n\n\n<ul><li>Monteur m\u00e9canicien<\/li><li>Electrom\u00e9canicien<\/li><li>Automaticien<\/li><li>Dessinateur m\u00e9canique<\/li><li>Technicien d\u2019intervention<\/li><li>Magasinier cariste<\/li><\/ul>\n\n\n\n<p><strong>Vous souhaitez nous rejoindre ?<\/strong><\/p>\n\n\n\n<p>Toutes nos offres d\u2019emploi sont visibles sur notre page Carri\u00e8res commune \u2013 vous pourrez y faire une requ\u00eate par pays et type de poste\u00a0\u2013 au plaisir de recevoir votre candidature\u00a0!<\/p>\n\n\n\n<p><strong>Merci de suivre ce lien : <\/strong><strong><a href=\"https:\/\/hillenbrand.wd3.myworkdayjobs.com\/Global?Operating_Company=792841e6d0361000f990afd23fb20000\">Careers (myworkdayjobs.com)<\/a><\/strong><strong><\/strong><\/p>\n\n\n    <\/div>\n<\/div>\n\n\n<div style=\"height:27px\" aria-hidden=\"true\" class=\"wp-block-spacer\"><\/div>\n\n\n\n<div class=\"wp-container-6 wp-block-columns has-extra-light-gray-background-color has-background\">\n<div class=\"wp-container-4 wp-block-column\">\n<h3 class=\"has-gray-color has-text-color\" id=\"les-chiffres-cles\"><strong>Les chiffres cl\u00e9s :<\/strong><\/h3>\n\n\n\n<ul><li>Plus de 200 \u00e9tudiants form\u00e9s en 10 ans<\/li><li>Environ 3 000 heures de formation dispens\u00e9es, par an<\/li><li>97% des salari\u00e9s sont en CDI<\/li><li>Une moyenne de 13 ans d\u2019anciennet\u00e9<\/li><\/ul>\n<\/div>\n\n\n\n<div class=\"wp-container-5 wp-block-column\">\n<h3 class=\"has-gray-color has-text-color\" id=\"repartition-par-age\"><strong>R\u00e9partition par \u00e2ge :<\/strong><\/h3>\n\n\n\n<ul><li>8% ont moins de 30 ans<\/li><li>22% ont entre 31-40 ans<\/li><li>40% ont entre 41-50 ans<\/li><li>30% ont plus de 50 ans<\/li><\/ul>\n<\/div>\n<\/div>\n\n\n\n<div class=\"wp-block-vmi-internal-link-list\"><p class=\"content\"><mark style=\"background-color:rgba(0, 0, 0, 0)\" class=\"has-inline-color has-main-blue-color\">Pour en savoir plus :<\/mark><\/p>\n<ul><li><a href=\"https:\/\/www.vmimixing.com\/fr\/leader-solutions-melange-petrissage\/\">Qui sommes nous ?<\/a><a href=\"https:\/\/www.vmimixing.com\/vmi\/solutions-melange-food-boulangerie-amerique-du-nord\/\"><\/a><\/li><li><a href=\"https:\/\/www.vmimixing.com\/fr\/ingenierie-accompagnement-projet\/\">Ing\u00e9nierie et accompagnement<\/a><\/li><li><a href=\"https:\/\/www.vmimixing.com\/fr\/nos-engagements\/\">Nos engagements<\/a><\/li><li><a href=\"https:\/\/www.vmimixing.com\/fr\/appartenance-groupe\/\">Appartenance Groupe<\/a><\/li><\/ul>\n<\/div>\n","protected":false},"excerpt":{"rendered":"<p>Depuis plus de 70 ans, VMI est une r\u00e9f\u00e9rence mondiale dans la conception et la fabrication d\u2019\u00e9quipements de m\u00e9lange destin\u00e9s aux industries de l\u2019agroalimentaire, de la boulangerie, de la cosm\u00e9tique [&hellip;]<\/p>\n","protected":false},"author":2,"featured_media":0,"parent":0,"menu_order":77,"comment_status":"closed","ping_status":"closed","template":"","meta":{"page_sector":"-"},"yoast_head":"<!-- This site is optimized with the Yoast SEO plugin v19.9 - https:\/\/yoast.com\/wordpress\/plugins\/seo\/ -->\n<title>Opportunit\u00e9s de carri\u00e8res chez VMI<\/title>\n<meta name=\"description\" content=\"Plus de 230 collaborateurs d\u00e9veloppent les technologies de m\u00e9lange de demain. D\u00e9couvrez les m\u00e9tiers de VMI, entreprise avec une activit\u00e9 internationale.\" \/>\n<meta name=\"robots\" content=\"index, follow, max-snippet:-1, max-image-preview:large, max-video-preview:-1\" \/>\n<link rel=\"canonical\" href=\"https:\/\/www.vmimixing.com\/fr\/carrieres\/\" \/>\n<meta property=\"og:locale\" content=\"fr_FR\" \/>\n<meta property=\"og:type\" content=\"article\" \/>\n<meta property=\"og:title\" content=\"Opportunit\u00e9s de carri\u00e8res chez VMI\" \/>\n<meta property=\"og:description\" content=\"Plus de 230 collaborateurs d\u00e9veloppent les technologies de m\u00e9lange de demain. D\u00e9couvrez les m\u00e9tiers de VMI, entreprise avec une activit\u00e9 internationale.\" \/>\n<meta property=\"og:url\" content=\"https:\/\/www.vmimixing.com\/fr\/carrieres\/\" \/>\n<meta property=\"og:site_name\" content=\"VMI - Fabrication d&#039;\u00e9quipements de m\u00e9lange\" \/>\n<meta property=\"article:modified_time\" content=\"2024-10-01T06:47:47+00:00\" \/>\n<meta name=\"twitter:card\" content=\"summary_large_image\" \/>\n<meta name=\"twitter:label1\" content=\"Dur\u00e9e de lecture estim\u00e9e\" \/>\n\t<meta name=\"twitter:data1\" content=\"3 minutes\" \/>\n<script type=\"application\/ld+json\" class=\"yoast-schema-graph\">{\"@context\":\"https:\/\/schema.org\",\"@graph\":[{\"@type\":\"WebPage\",\"@id\":\"https:\/\/www.vmimixing.com\/fr\/carrieres\/\",\"url\":\"https:\/\/www.vmimixing.com\/fr\/carrieres\/\",\"name\":\"Opportunit\u00e9s de carri\u00e8res chez VMI\",\"isPartOf\":{\"@id\":\"https:\/\/www.vmimixing.com\/#website\"},\"datePublished\":\"2021-05-18T08:47:19+00:00\",\"dateModified\":\"2024-10-01T06:47:47+00:00\",\"description\":\"Plus de 230 collaborateurs d\u00e9veloppent les technologies de m\u00e9lange de demain. D\u00e9couvrez les m\u00e9tiers de VMI, entreprise avec une activit\u00e9 internationale.\",\"breadcrumb\":{\"@id\":\"https:\/\/www.vmimixing.com\/fr\/carrieres\/#breadcrumb\"},\"inLanguage\":\"fr-FR\",\"potentialAction\":[{\"@type\":\"ReadAction\",\"target\":[\"https:\/\/www.vmimixing.com\/fr\/carrieres\/\"]}]},{\"@type\":\"BreadcrumbList\",\"@id\":\"https:\/\/www.vmimixing.com\/fr\/carrieres\/#breadcrumb\",\"itemListElement\":[{\"@type\":\"ListItem\",\"position\":1,\"name\":\"Accueil\",\"item\":\"https:\/\/www.vmimixing.com\/fr\/\"},{\"@type\":\"ListItem\",\"position\":2,\"name\":\"Carri\u00e8res\"}]},{\"@type\":\"WebSite\",\"@id\":\"https:\/\/www.vmimixing.com\/#website\",\"url\":\"https:\/\/www.vmimixing.com\/\",\"name\":\"VMI - Fabrication d&#039;\u00e9quipements de m\u00e9lange\",\"description\":\"Conception, fabrication et installation de solution de m\u00e9lange\",\"publisher\":{\"@id\":\"https:\/\/www.vmimixing.com\/#organization\"},\"potentialAction\":[{\"@type\":\"SearchAction\",\"target\":{\"@type\":\"EntryPoint\",\"urlTemplate\":\"https:\/\/www.vmimixing.com\/?s={search_term_string}\"},\"query-input\":\"required name=search_term_string\"}],\"inLanguage\":\"fr-FR\"},{\"@type\":\"Organization\",\"@id\":\"https:\/\/www.vmimixing.com\/#organization\",\"name\":\"VMI - Fabrication d&#039;\u00e9quipements de m\u00e9lange\",\"url\":\"https:\/\/www.vmimixing.com\/\",\"logo\":{\"@type\":\"ImageObject\",\"inLanguage\":\"fr-FR\",\"@id\":\"https:\/\/www.vmimixing.com\/#\/schema\/logo\/image\/\",\"url\":\"https:\/\/www.vmimixing.com\/app\/uploads\/2025\/09\/VMI_logo_Strapline_RGB_June2025.png\",\"contentUrl\":\"https:\/\/www.vmimixing.com\/app\/uploads\/2025\/09\/VMI_logo_Strapline_RGB_June2025.png\",\"width\":2180,\"height\":650,\"caption\":\"VMI - Fabrication d&#039;\u00e9quipements de m\u00e9lange\"},\"image\":{\"@id\":\"https:\/\/www.vmimixing.com\/#\/schema\/logo\/image\/\"}}]}<\/script>\n<!-- \/ Yoast SEO plugin. -->","yoast_head_json":{"title":"Opportunit\u00e9s de carri\u00e8res chez VMI","description":"Plus de 230 collaborateurs d\u00e9veloppent les technologies de m\u00e9lange de demain. D\u00e9couvrez les m\u00e9tiers de VMI, entreprise avec une activit\u00e9 internationale.","robots":{"index":"index","follow":"follow","max-snippet":"max-snippet:-1","max-image-preview":"max-image-preview:large","max-video-preview":"max-video-preview:-1"},"canonical":"https:\/\/www.vmimixing.com\/fr\/carrieres\/","og_locale":"fr_FR","og_type":"article","og_title":"Opportunit\u00e9s de carri\u00e8res chez VMI","og_description":"Plus de 230 collaborateurs d\u00e9veloppent les technologies de m\u00e9lange de demain. D\u00e9couvrez les m\u00e9tiers de VMI, entreprise avec une activit\u00e9 internationale.","og_url":"https:\/\/www.vmimixing.com\/fr\/carrieres\/","og_site_name":"VMI - Fabrication d&#039;\u00e9quipements de m\u00e9lange","article_modified_time":"2024-10-01T06:47:47+00:00","twitter_card":"summary_large_image","twitter_misc":{"Dur\u00e9e de lecture estim\u00e9e":"3 minutes"},"schema":{"@context":"https:\/\/schema.org","@graph":[{"@type":"WebPage","@id":"https:\/\/www.vmimixing.com\/fr\/carrieres\/","url":"https:\/\/www.vmimixing.com\/fr\/carrieres\/","name":"Opportunit\u00e9s de carri\u00e8res chez VMI","isPartOf":{"@id":"https:\/\/www.vmimixing.com\/#website"},"datePublished":"2021-05-18T08:47:19+00:00","dateModified":"2024-10-01T06:47:47+00:00","description":"Plus de 230 collaborateurs d\u00e9veloppent les technologies de m\u00e9lange de demain. D\u00e9couvrez les m\u00e9tiers de VMI, entreprise avec une activit\u00e9 internationale.","breadcrumb":{"@id":"https:\/\/www.vmimixing.com\/fr\/carrieres\/#breadcrumb"},"inLanguage":"fr-FR","potentialAction":[{"@type":"ReadAction","target":["https:\/\/www.vmimixing.com\/fr\/carrieres\/"]}]},{"@type":"BreadcrumbList","@id":"https:\/\/www.vmimixing.com\/fr\/carrieres\/#breadcrumb","itemListElement":[{"@type":"ListItem","position":1,"name":"Accueil","item":"https:\/\/www.vmimixing.com\/fr\/"},{"@type":"ListItem","position":2,"name":"Carri\u00e8res"}]},{"@type":"WebSite","@id":"https:\/\/www.vmimixing.com\/#website","url":"https:\/\/www.vmimixing.com\/","name":"VMI - Fabrication d&#039;\u00e9quipements de m\u00e9lange","description":"Conception, fabrication et installation de solution de m\u00e9lange","publisher":{"@id":"https:\/\/www.vmimixing.com\/#organization"},"potentialAction":[{"@type":"SearchAction","target":{"@type":"EntryPoint","urlTemplate":"https:\/\/www.vmimixing.com\/?s={search_term_string}"},"query-input":"required name=search_term_string"}],"inLanguage":"fr-FR"},{"@type":"Organization","@id":"https:\/\/www.vmimixing.com\/#organization","name":"VMI - Fabrication d&#039;\u00e9quipements de m\u00e9lange","url":"https:\/\/www.vmimixing.com\/","logo":{"@type":"ImageObject","inLanguage":"fr-FR","@id":"https:\/\/www.vmimixing.com\/#\/schema\/logo\/image\/","url":"https:\/\/www.vmimixing.com\/app\/uploads\/2025\/09\/VMI_logo_Strapline_RGB_June2025.png","contentUrl":"https:\/\/www.vmimixing.com\/app\/uploads\/2025\/09\/VMI_logo_Strapline_RGB_June2025.png","width":2180,"height":650,"caption":"VMI - Fabrication d&#039;\u00e9quipements de m\u00e9lange"},"image":{"@id":"https:\/\/www.vmimixing.com\/#\/schema\/logo\/image\/"}}]}},"_links":{"self":[{"href":"https:\/\/www.vmimixing.com\/fr\/wp-json\/wp\/v2\/pages\/100364"}],"collection":[{"href":"https:\/\/www.vmimixing.com\/fr\/wp-json\/wp\/v2\/pages"}],"about":[{"href":"https:\/\/www.vmimixing.com\/fr\/wp-json\/wp\/v2\/types\/page"}],"author":[{"embeddable":true,"href":"https:\/\/www.vmimixing.com\/fr\/wp-json\/wp\/v2\/users\/2"}],"replies":[{"embeddable":true,"href":"https:\/\/www.vmimixing.com\/fr\/wp-json\/wp\/v2\/comments?post=100364"}],"version-history":[{"count":43,"href":"https:\/\/www.vmimixing.com\/fr\/wp-json\/wp\/v2\/pages\/100364\/revisions"}],"predecessor-version":[{"id":112780,"href":"https:\/\/www.vmimixing.com\/fr\/wp-json\/wp\/v2\/pages\/100364\/revisions\/112780"}],"wp:attachment":[{"href":"https:\/\/www.vmimixing.com\/fr\/wp-json\/wp\/v2\/media?parent=100364"}],"curies":[{"name":"wp","href":"https:\/\/api.w.org\/{rel}","templated":true}]}}