{"id":100392,"date":"2021-05-18T11:16:48","date_gmt":"2021-05-18T09:16:48","guid":{"rendered":"http:\/\/www.vmimixing.com\/?page_id=100392"},"modified":"2026-01-21T10:11:34","modified_gmt":"2026-01-21T09:11:34","slug":"mission-engagements","status":"publish","type":"page","link":"https:\/\/www.vmimixing.com\/fr\/mission-engagements\/","title":{"rendered":"Notre mission et nos engagements"},"content":{"rendered":"\n<h2 class=\"has-dark-blue-color has-text-color\" id=\"demarche-rse-pour-un-engagement-et-une-performance-durables\">Notre politique QSE<\/h2>\n\n\n\n<div class=\"wp-block-media-text alignwide is-stacked-on-mobile is-image-fill\" style=\"grid-template-columns:31% auto\"><figure class=\"wp-block-media-text__media\" style=\"background-image:url(https:\/\/www.vmimixing.com\/app\/uploads\/2025\/02\/AdobeStock_60959791_reseau-scaled.jpeg);background-position:50% 50%\"><img loading=\"lazy\" width=\"2560\" height=\"1707\" src=\"https:\/\/www.vmimixing.com\/app\/uploads\/2025\/02\/AdobeStock_60959791_reseau-scaled.jpeg\" alt=\"\" class=\"wp-image-112883 size-full\"\/><\/figure><div class=\"wp-block-media-text__content\">\n<p class=\"has-normal-font-size\">Notre mission est d&rsquo;offrir \u00e0 nos clients des secteurs de l&rsquo;alimentation et de la sant\u00e9 des solutions de m\u00e9lange et des services leur permettant de d\u00e9velopper leur activit\u00e9 et d&rsquo;am\u00e9liorer leur performance. En tant que soci\u00e9t\u00e9 du groupe Hillenbrand, VMI adh\u00e8re \u00e0 ses <strong>valeurs <\/strong>et soutient sa <strong>politique de durabilit\u00e9.<\/strong><\/p>\n\n\n\n<div class=\"wp-container-1 wp-block-buttons\">\n<div class=\"wp-block-button is-style-vmi-button\"><a class=\"wp-block-button__link\" href=\"https:\/\/www.vmimixing.com\/app\/uploads\/2025\/01\/2024_Politique-QSE_VMI.pdf\" target=\"_blank\" rel=\"noreferrer noopener\">Consulter notre politique QSE<\/a><\/div>\n<\/div>\n<\/div><\/div>\n\n\n\n<h2 class=\"has-dark-blue-color has-text-color\" id=\"la-satisfaction-client-au-coeur-de-notre-organisation\">La satisfaction client au c\u0153ur de notre organisation<\/h2>\n\n\n\n<p style=\"line-height:1.4\">Nous nous engageons aupr\u00e8s de nos clients \u00e0 mener leurs projets \u00e0 bien et \u00e0 les accompagner dans leurs d\u00e9veloppements. Nos fournisseurs partenaires sont \u00e9troitement associ\u00e9s \u00e0 cette logique de performance durable.&nbsp;<\/p>\n\n\n\n<p>Depuis 2022, VMI obtient le label EcoVadis Silver, une distinction d\u00e9cern\u00e9e aux 15 % des entreprises les mieux not\u00e9es par EcoVadis. Il refl\u00e8te la qualit\u00e9 du syst\u00e8me de gestion durable de l&rsquo;entreprise et d\u00e9montre son engagement \u00e0 promouvoir la transparence tout au long de la cha\u00eene de valeur.<\/p>\n\n\n\n<p style=\"line-height:1.3\">Les scores constituant la note globale obtenue reposent sur l\u2019analyse de documents justificatifs, prouvant la performance de l\u2019entreprise dans<br>4 grandes cat\u00e9gories :&nbsp;<\/p>\n\n\n\n<ul><li>Axe Gouvernance et Ethique<\/li><li>Axe Soci\u00e9tal&nbsp;<\/li><li>Axe&nbsp;Social&nbsp;<\/li><li>Axe environnemental&nbsp;<\/li><\/ul>\n\n\n\n<div style=\"height:23px\" aria-hidden=\"true\" class=\"wp-block-spacer\"><\/div>\n\n\n\n<p>En tant que marque Coperion, une soci\u00e9t\u00e9 du groupe Hillenbrand, VMI s\u2019associe pleinement \u00e0 la <strong>politique de d\u00e9veloppement durable<\/strong> et aux <strong>valeurs<\/strong> soutenues par <strong>Hillenbrand<\/strong>.<\/p>\n\n\n\n<div class=\"wp-container-2 wp-block-buttons\">\n<div class=\"wp-block-button is-style-vmi-button\"><a class=\"wp-block-button__link\" href=\"https:\/\/hillenbrand.com\/sustainability\/\">Lire le rapport 2023 de Hillenbrand \u00ab\u00a0Shape what matters for tomorrow\u00a0\u00bb.<\/a><\/div>\n<\/div>\n\n\n\n<div class=\"wp-container-7 wp-block-columns\">\n<div class=\"wp-container-3 wp-block-column\" style=\"flex-basis:25%\"><\/div>\n\n\n\n<div class=\"wp-container-5 wp-block-column\" style=\"flex-basis:50%\">\n<div class=\"wp-container-4 wp-block-buttons\"><\/div>\n<\/div>\n\n\n\n<div class=\"wp-container-6 wp-block-column\" style=\"flex-basis:25%\"><\/div>\n<\/div>\n\n\n<div class=\"wp-block-vmi-square-image-with-text\">\n    <picture>\n        <img  srcset=\"https:\/\/www.vmimixing.com\/app\/uploads\/2021\/09\/AdobeStock_225982252_poignee-de-mains-576x0-c-default.jpeg 576w, https:\/\/www.vmimixing.com\/app\/uploads\/2021\/09\/AdobeStock_225982252_poignee-de-mains-904x0-c-default.jpeg 904w\" src=\"data:image\/gif;base64,R0lGODlhAQABAIAAAAAAAP\/\/\/yH5BAEAAAAALAAAAAABAAEAAAIBRAA7\" sizes=\"(max-width: 576px) 576px, (max-width: 1024px) 904px, 576px\" alt=\"\">\n    <\/picture>\n    <div class=\"block-content\">\n        <div>\n            \n\n<h2 class=\"has-dark-blue-color has-text-color\" id=\"gouvernance-et-ethique\">Gouvernance et Ethique<\/h2>\n\n\n\n<p>Au-del\u00e0 des r\u00e8glementations, VMI s\u2019engage \u00e0 conduire ses activit\u00e9s de fa\u00e7on saine et int\u00e8gre.&nbsp;<\/p>\n\n\n\n<p>Une gouvernance transparente et responsable couvre l\u2019ensemble des m\u00e9tiers de l\u2019entreprise et appr\u00e9hende pour chacun la gestion des risques.&nbsp;<\/p>\n\n\n\n<p>En 2021, VMI a mis en place une&nbsp;<strong>charte Fournisseurs Responsables<\/strong>, pour une&nbsp;exigence&nbsp;accrue&nbsp;et&nbsp;un engagement conjoint fort avec ses partenaires, en mati\u00e8re&nbsp;d\u2019\u00e9thique, de lutte contre la corruption et de conformit\u00e9.&nbsp;<\/p>\n\n\n        <\/div>\n    <\/div>\n<\/div>\n\n\n<div class=\"wp-block-media-text alignwide has-media-on-the-right is-stacked-on-mobile is-image-fill\" style=\"grid-template-columns:auto 40%\"><figure class=\"wp-block-media-text__media\" style=\"background-image:url(https:\/\/www.vmimixing.com\/app\/uploads\/2021\/09\/AdobeStock_253333238_engagement-societal-edited-scaled.jpeg);background-position:38% 55.00000000000001%\"><img loading=\"lazy\" width=\"2560\" height=\"1606\" src=\"https:\/\/www.vmimixing.com\/app\/uploads\/2021\/09\/AdobeStock_253333238_engagement-societal-edited-scaled.jpeg\" alt=\"\" class=\"wp-image-108682 size-full\"\/><\/figure><div class=\"wp-block-media-text__content\">\n<h2 class=\"has-dark-blue-color has-text-color\" id=\"notre-engagement-societal\">Nos engagements et partenariats<\/h2>\n\n\n\n<p>VMI s\u2019engage au niveau soci\u00e9tal en&nbsp;collaborant&nbsp;\u00e9troitement&nbsp;avec&nbsp;des entreprises locales, en contribuant \u00e0 l\u2019innovation&nbsp;et en encourageant l\u2019insertion professionnelle&nbsp;sous toutes ses formes.&nbsp;&nbsp;<br>Par ses partenariats locaux et nationaux, VMI souhaite contribuer \u00e0 la&nbsp;<strong>cr\u00e9ation d\u2019emplois&nbsp;<\/strong>dans le secteur de l\u2019industrie. Cette d\u00e9marche traduit la volont\u00e9 de l\u2019entreprise de&nbsp;<strong>d\u00e9velopper le savoir-faire fran\u00e7ais<\/strong>&nbsp;et celui du territoire dans lequel elle \u00e9volue, les Pays de la Loire.&nbsp;<\/p>\n\n\n\n<p>VMI est adh\u00e9rent de la&nbsp;<a href=\"https:\/\/www.lafrenchfab.fr\/\" target=\"_blank\" rel=\"noreferrer noopener\">French&nbsp;Fab<\/a>, label participant \u00e0 la valorisation de l\u2019industrie fran\u00e7aise.&nbsp;<\/p>\n\n\n\n<p>VMI est certifi\u00e9&nbsp;<a href=\"https:\/\/solutions-de-melange.com\/certification-origine-france-garantie\/\" target=\"_blank\" rel=\"noreferrer noopener\">Origine France Garantie<\/a>&nbsp;(AFNOR Cert. 79866)&nbsp;pour&nbsp;ses gammes de machines d\u00e9di\u00e9es \u00e0 la&nbsp;boulangerie artisanale&nbsp;&#8211;&nbsp;p\u00e9trins \u00e0 spirale,&nbsp;batteurs 10\/80l, fermenteurs et son m\u00e9langeur de laboratoire Turbotest\u00ae.&nbsp;<\/p>\n\n\n\n<p>VMI sert&nbsp;<strong>les fabricants de la boulangerie et les industries agro-alimentaires<\/strong>, ainsi que&nbsp;<strong>les industriels de la pharmacie, cosm\u00e9tique et chimie des sp\u00e9cialit\u00e9s<\/strong>.&nbsp;A ce titre l\u2019entreprise s\u2019implique&nbsp;activement&nbsp;dans les&nbsp;associations et syndicats repr\u00e9sentant ces fili\u00e8res\u202f:&nbsp;<\/p>\n\n\n\n<p>\u2022&nbsp;<a href=\"https:\/\/ekip.com\/accueil\/\" target=\"_blank\" rel=\"noreferrer noopener\">EKIP<\/a>\u202f:&nbsp;Syndicat professionnel des \u00e9quipementiers fran\u00e7ais&nbsp;pour la boulangerie-p\u00e2tisserie.&nbsp;<\/p>\n\n\n\n<p>\u2022&nbsp;<a href=\"https:\/\/www.cosmetic-valley.com\/\" target=\"_blank\" rel=\"noreferrer noopener\">COSMETIC VALLEY\u202f<\/a>:&nbsp;Association f\u00e9d\u00e9rant les acteurs cl\u00e9 de la fili\u00e8re&nbsp;cosm\u00e9tique fran\u00e7aise. VMI est membre de son conseil&nbsp;d\u2019administration.&nbsp;<\/p>\n\n\n\n<p>Par ces engagements, VMI contribue au soutien et \u00e0 la promotion du savoir-faire et de l\u2019excellence des m\u00e9tiers de la boulangerie et de la cosm\u00e9tique\/pharmacie.<\/p>\n<\/div><\/div>\n\n\n<div class=\"wp-block-vmi-square-image-with-text\">\n    <picture>\n        <img  srcset=\"https:\/\/www.vmimixing.com\/app\/uploads\/2021\/09\/AdobeStock_298685512_puzzle-576x0-c-default.jpeg 576w, https:\/\/www.vmimixing.com\/app\/uploads\/2021\/09\/AdobeStock_298685512_puzzle-904x0-c-default.jpeg 904w\" src=\"data:image\/gif;base64,R0lGODlhAQABAIAAAAAAAP\/\/\/yH5BAEAAAAALAAAAAABAAEAAAIBRAA7\" sizes=\"(max-width: 576px) 576px, (max-width: 1024px) 904px, 576px\" alt=\"\">\n    <\/picture>\n    <div class=\"block-content\">\n        <div>\n            \n\n<h2 class=\"has-dark-blue-color has-text-color\" id=\"notre-capital-humain\">Notre capital humain <\/h2>\n\n\n\n<p>Notre&nbsp;priorit\u00e9 est de veiller \u00e0 la pr\u00e9vention des risques et \u00e0 la pr\u00e9servation de&nbsp;<strong>la sant\u00e9&nbsp;de&nbsp;nos&nbsp;salari\u00e9s.<\/strong>&nbsp;<br>L\u2019entreprise \u0153uvre activement \u00e0 l\u2019am\u00e9lioration de&nbsp;<strong>la s\u00e9curit\u00e9 de ses collaborateurs<\/strong>&nbsp;travaillant sur son site de Montaigu-Vend\u00e9e, mais \u00e9galement lors d\u2019interventions&nbsp;chez ses clients.&nbsp;<\/p>\n\n\n\n<p>\u00c0 travers diff\u00e9rents accords, VMI s\u2019engage \u00e0 offrir les conditions n\u00e9cessaires au&nbsp;bien-\u00eatre de ses salari\u00e9s au travail.&nbsp;<\/p>\n\n\n\n<p>L\u2019accompagnement&nbsp;de&nbsp;nos collaborateurs&nbsp;se mat\u00e9rialise&nbsp;notamment&nbsp;par la mise en place d\u2019une GPEC&nbsp;&#8211;&nbsp;<strong>gestion des emplois et des comp\u00e9tences<\/strong>&nbsp;&#8211; depuis 2008.&nbsp;Chaque employ\u00e9&nbsp;b\u00e9n\u00e9ficie d\u2019un suivi de&nbsp;l\u2019\u00e9volution de ses comp\u00e9tences, ainsi que d\u2019un parcours de formation&nbsp;personnalis\u00e9.&nbsp;<\/p>\n\n\n\n<p>VMI s\u2019engage \u00e0 promouvoir <strong>la mixit\u00e9 entre les femmes et les hommes,<\/strong> ainsi que <strong>l\u2019\u00e9galit\u00e9 des chances<\/strong> pour chaque individu. VMI s\u2019engage \u00e9galement \u00e0 garantir une \u00e9galit\u00e9 des salaires entre deux personnes ayant les m\u00eames responsabilit\u00e9s, quel que soit leur genre. Consultez <a href=\"https:\/\/www.vmimixing.com\/fr\/index-de-legalite-professionnelle-annee-2024\/\" target=\"_blank\" rel=\"noreferrer noopener\">l\u2019index de l\u2019\u00e9galit\u00e9 professionnelle entre les femmes et les hommes<\/a> pour VMI<\/p>\n\n\n\n<p>VMI propose \u00e0 tous ses salari\u00e9s un environnement de travail s\u00e9curis\u00e9, reposant sur&nbsp;un&nbsp;<strong>dialogue social&nbsp;ouvert et&nbsp;constructif.<\/strong>&nbsp;<\/p>\n\n\n\n<p>Parmi les conditions mises en \u0153uvre ces derni\u00e8res ann\u00e9es, VMI a emm\u00e9nag\u00e9 en 2017 dans de nouveaux locaux modernes et adapt\u00e9s aux diff\u00e9rentes situations de travail, am\u00e9liorant ainsi la qualit\u00e9 de vie au travail de ses salari\u00e9s.<\/p>\n\n\n\n<p>Pour renforcer ses d\u00e9marches s\u00e9curit\u00e9, VMI a cr\u00e9\u00e9 un <strong>poste d&rsquo;animateur QSE<\/strong>. Ce r\u00f4le centralise la mise en place d\u2019un syst\u00e8me digital de remont\u00e9e des situations dangereuses et l&rsquo;animation des plans d\u2019actions. Chaque mois, VMI communique les r\u00e9sultats s\u00e9curit\u00e9 et diffuse des <strong>flashs s\u00e9curit\u00e9<\/strong> pour partager les bonnes pratiques issues des analyses d\u2019accidents et presque-accidents.<\/p>\n\n\n        <\/div>\n    <\/div>\n<\/div>\n\n\n<div class=\"wp-block-media-text alignwide has-media-on-the-right is-stacked-on-mobile is-image-fill\" style=\"grid-template-columns:auto 40%\"><figure class=\"wp-block-media-text__media\" style=\"background-image:url(https:\/\/www.vmimixing.com\/app\/uploads\/2025\/02\/AdobeStock_225881404_-scaled.jpg);background-position:50% 50%\"><img loading=\"lazy\" width=\"2560\" height=\"998\" src=\"https:\/\/www.vmimixing.com\/app\/uploads\/2025\/02\/AdobeStock_225881404_-scaled.jpg\" alt=\"\" class=\"wp-image-112874 size-full\"\/><\/figure><div class=\"wp-block-media-text__content\">\n<h2 class=\"has-dark-blue-color has-text-color\" id=\"notre-responsabilite-environnementale\">Gestion de notre impact<\/h2>\n\n\n\n<p>VMI a obtenu&nbsp;en 2015 la&nbsp;<strong>certification ISO 14001<\/strong>, qui avec la certification ISO 9001 d\u00e9j\u00e0 en place depuis 1998, atteste&nbsp;de la volont\u00e9 de l\u2019entreprise de&nbsp;<strong>r\u00e9duire son impact environnemental<\/strong>&nbsp;et de s\u2019engager&nbsp;pour le d\u00e9veloppement durable.&nbsp;<\/p>\n\n\n\n<p>L\u2019entreprise souhaite d\u00e9velopper<strong> la conscience environnementale<\/strong>&nbsp;de l\u2019ensemble de ses collaborateurs. L&rsquo;une de ces actions consiste \u00e0 assurer une <strong>gestion raisonn\u00e9e des d\u00e9chets<\/strong>, avec la mise \u00e0 disposition de poubelles de tri \u00e0 diff\u00e9rents endroits de l&rsquo;entreprise. En 2024, VMI a enregistr\u00e9<strong> 30 % de d\u00e9chets r\u00e9utilis\u00e9s <\/strong>et <strong>55 % recycl\u00e9s et valoris\u00e9s<\/strong>, selon le registre des d\u00e9chets.<\/p>\n\n\n\n<p>Dans sa strat\u00e9gie de conception de ses produits, VMI&nbsp;int\u00e8gre trois aspects pr\u00e9cis :&nbsp;<\/p>\n\n\n\n<ul><li><strong>L&rsquo;optimisation de la consommation d&rsquo;\u00e9nergie<\/strong><\/li><li><strong>Une meilleure&nbsp;nettoyabilit\u00e9&nbsp;des machines,&nbsp;associ\u00e9e \u00e0 des technologies et des process am\u00e9lior\u00e9s<\/strong>&nbsp;<\/li><li><strong>Un meilleur suivi de la consommation des \u00e9quipements&nbsp;en eau et en \u00e9lectricit\u00e9&nbsp;<\/strong>&nbsp;<\/li><\/ul>\n<\/div><\/div>\n\n\n\n<div class=\"wp-block-vmi-internal-link-list\"><p class=\"content\"><mark style=\"background-color:rgba(0, 0, 0, 0)\" class=\"has-inline-color has-main-blue-color\">Pour en savoir plus :<\/mark><\/p>\n<ul><li><a href=\"https:\/\/www.vmimixing.com\/fr\/leader-solutions-melange-petrissage\/\">Qui sommes nous ?<\/a><a href=\"https:\/\/www.vmimixing.com\/vmi\/solutions-melange-food-boulangerie-amerique-du-nord\/\"><\/a><\/li><li><a href=\"https:\/\/www.vmimixing.com\/fr\/ingenierie-accompagnement-projet\/\">Ing\u00e9nierie et accompagnement<\/a><\/li><li><a href=\"https:\/\/www.vmimixing.com\/fr\/appartenance-groupe\/\">Appartenance groupe<\/a><\/li><li><a href=\"https:\/\/www.vmimixing.com\/fr\/carrieres\/\">Carri\u00e8res<\/a><\/li><\/ul>\n<\/div>\n\n\n\n<p><\/p>\n","protected":false},"excerpt":{"rendered":"<p>Notre politique QSE La satisfaction client au c\u0153ur de notre organisation Nous nous engageons aupr\u00e8s de nos clients \u00e0 mener leurs projets \u00e0 bien et \u00e0 les accompagner dans leurs [&hellip;]<\/p>\n","protected":false},"author":2,"featured_media":0,"parent":0,"menu_order":68,"comment_status":"closed","ping_status":"closed","template":"","meta":{"page_sector":"-"},"yoast_head":"<!-- This site is optimized with the Yoast SEO plugin v19.9 - https:\/\/yoast.com\/wordpress\/plugins\/seo\/ -->\n<title>Notre mission et nos engagement<\/title>\n<meta name=\"description\" content=\"Certifi\u00e9 ISO 9001 et ISO 14001, VMI accompagne ses clients pour mener leurs projets \u00e0 bien et les accompagner dans leurs d\u00e9veloppements.\" \/>\n<meta name=\"robots\" content=\"index, follow, max-snippet:-1, max-image-preview:large, max-video-preview:-1\" \/>\n<link rel=\"canonical\" href=\"https:\/\/www.vmimixing.com\/fr\/mission-engagements\/\" \/>\n<meta property=\"og:locale\" content=\"fr_FR\" \/>\n<meta property=\"og:type\" content=\"article\" \/>\n<meta property=\"og:title\" content=\"Notre mission et nos engagement\" \/>\n<meta property=\"og:description\" content=\"Certifi\u00e9 ISO 9001 et ISO 14001, VMI accompagne ses clients pour mener leurs projets \u00e0 bien et les accompagner dans leurs d\u00e9veloppements.\" \/>\n<meta property=\"og:url\" content=\"https:\/\/www.vmimixing.com\/fr\/mission-engagements\/\" \/>\n<meta property=\"og:site_name\" content=\"VMI - Fabrication d&#039;\u00e9quipements de m\u00e9lange\" \/>\n<meta property=\"article:modified_time\" content=\"2026-01-21T09:11:34+00:00\" \/>\n<meta property=\"og:image\" content=\"https:\/\/www.vmimixing.com\/app\/uploads\/2025\/02\/AdobeStock_60959791_reseau-scaled.jpeg\" \/>\n<meta name=\"twitter:card\" content=\"summary_large_image\" \/>\n<meta name=\"twitter:label1\" content=\"Dur\u00e9e de lecture estim\u00e9e\" \/>\n\t<meta name=\"twitter:data1\" content=\"6 minutes\" \/>\n<script type=\"application\/ld+json\" class=\"yoast-schema-graph\">{\"@context\":\"https:\/\/schema.org\",\"@graph\":[{\"@type\":\"WebPage\",\"@id\":\"https:\/\/www.vmimixing.com\/fr\/mission-engagements\/\",\"url\":\"https:\/\/www.vmimixing.com\/fr\/mission-engagements\/\",\"name\":\"Notre mission et nos engagement\",\"isPartOf\":{\"@id\":\"https:\/\/www.vmimixing.com\/#website\"},\"datePublished\":\"2021-05-18T09:16:48+00:00\",\"dateModified\":\"2026-01-21T09:11:34+00:00\",\"description\":\"Certifi\u00e9 ISO 9001 et ISO 14001, VMI accompagne ses clients pour mener leurs projets \u00e0 bien et les accompagner dans leurs d\u00e9veloppements.\",\"breadcrumb\":{\"@id\":\"https:\/\/www.vmimixing.com\/fr\/mission-engagements\/#breadcrumb\"},\"inLanguage\":\"fr-FR\",\"potentialAction\":[{\"@type\":\"ReadAction\",\"target\":[\"https:\/\/www.vmimixing.com\/fr\/mission-engagements\/\"]}]},{\"@type\":\"BreadcrumbList\",\"@id\":\"https:\/\/www.vmimixing.com\/fr\/mission-engagements\/#breadcrumb\",\"itemListElement\":[{\"@type\":\"ListItem\",\"position\":1,\"name\":\"Accueil\",\"item\":\"https:\/\/www.vmimixing.com\/fr\/\"},{\"@type\":\"ListItem\",\"position\":2,\"name\":\"Notre mission et nos engagements\"}]},{\"@type\":\"WebSite\",\"@id\":\"https:\/\/www.vmimixing.com\/#website\",\"url\":\"https:\/\/www.vmimixing.com\/\",\"name\":\"VMI - Fabrication d&#039;\u00e9quipements de m\u00e9lange\",\"description\":\"Conception, fabrication et installation de solution de m\u00e9lange\",\"publisher\":{\"@id\":\"https:\/\/www.vmimixing.com\/#organization\"},\"potentialAction\":[{\"@type\":\"SearchAction\",\"target\":{\"@type\":\"EntryPoint\",\"urlTemplate\":\"https:\/\/www.vmimixing.com\/?s={search_term_string}\"},\"query-input\":\"required name=search_term_string\"}],\"inLanguage\":\"fr-FR\"},{\"@type\":\"Organization\",\"@id\":\"https:\/\/www.vmimixing.com\/#organization\",\"name\":\"VMI - Fabrication d&#039;\u00e9quipements de m\u00e9lange\",\"url\":\"https:\/\/www.vmimixing.com\/\",\"logo\":{\"@type\":\"ImageObject\",\"inLanguage\":\"fr-FR\",\"@id\":\"https:\/\/www.vmimixing.com\/#\/schema\/logo\/image\/\",\"url\":\"https:\/\/www.vmimixing.com\/app\/uploads\/2025\/09\/VMI_logo_Strapline_RGB_June2025.png\",\"contentUrl\":\"https:\/\/www.vmimixing.com\/app\/uploads\/2025\/09\/VMI_logo_Strapline_RGB_June2025.png\",\"width\":2180,\"height\":650,\"caption\":\"VMI - Fabrication d&#039;\u00e9quipements de m\u00e9lange\"},\"image\":{\"@id\":\"https:\/\/www.vmimixing.com\/#\/schema\/logo\/image\/\"}}]}<\/script>\n<!-- \/ Yoast SEO plugin. -->","yoast_head_json":{"title":"Notre mission et nos engagement","description":"Certifi\u00e9 ISO 9001 et ISO 14001, VMI accompagne ses clients pour mener leurs projets \u00e0 bien et les accompagner dans leurs d\u00e9veloppements.","robots":{"index":"index","follow":"follow","max-snippet":"max-snippet:-1","max-image-preview":"max-image-preview:large","max-video-preview":"max-video-preview:-1"},"canonical":"https:\/\/www.vmimixing.com\/fr\/mission-engagements\/","og_locale":"fr_FR","og_type":"article","og_title":"Notre mission et nos engagement","og_description":"Certifi\u00e9 ISO 9001 et ISO 14001, VMI accompagne ses clients pour mener leurs projets \u00e0 bien et les accompagner dans leurs d\u00e9veloppements.","og_url":"https:\/\/www.vmimixing.com\/fr\/mission-engagements\/","og_site_name":"VMI - Fabrication d&#039;\u00e9quipements de m\u00e9lange","article_modified_time":"2026-01-21T09:11:34+00:00","og_image":[{"url":"https:\/\/www.vmimixing.com\/app\/uploads\/2025\/02\/AdobeStock_60959791_reseau-scaled.jpeg"}],"twitter_card":"summary_large_image","twitter_misc":{"Dur\u00e9e de lecture estim\u00e9e":"6 minutes"},"schema":{"@context":"https:\/\/schema.org","@graph":[{"@type":"WebPage","@id":"https:\/\/www.vmimixing.com\/fr\/mission-engagements\/","url":"https:\/\/www.vmimixing.com\/fr\/mission-engagements\/","name":"Notre mission et nos engagement","isPartOf":{"@id":"https:\/\/www.vmimixing.com\/#website"},"datePublished":"2021-05-18T09:16:48+00:00","dateModified":"2026-01-21T09:11:34+00:00","description":"Certifi\u00e9 ISO 9001 et ISO 14001, VMI accompagne ses clients pour mener leurs projets \u00e0 bien et les accompagner dans leurs d\u00e9veloppements.","breadcrumb":{"@id":"https:\/\/www.vmimixing.com\/fr\/mission-engagements\/#breadcrumb"},"inLanguage":"fr-FR","potentialAction":[{"@type":"ReadAction","target":["https:\/\/www.vmimixing.com\/fr\/mission-engagements\/"]}]},{"@type":"BreadcrumbList","@id":"https:\/\/www.vmimixing.com\/fr\/mission-engagements\/#breadcrumb","itemListElement":[{"@type":"ListItem","position":1,"name":"Accueil","item":"https:\/\/www.vmimixing.com\/fr\/"},{"@type":"ListItem","position":2,"name":"Notre mission et nos engagements"}]},{"@type":"WebSite","@id":"https:\/\/www.vmimixing.com\/#website","url":"https:\/\/www.vmimixing.com\/","name":"VMI - Fabrication d&#039;\u00e9quipements de m\u00e9lange","description":"Conception, fabrication et installation de solution de m\u00e9lange","publisher":{"@id":"https:\/\/www.vmimixing.com\/#organization"},"potentialAction":[{"@type":"SearchAction","target":{"@type":"EntryPoint","urlTemplate":"https:\/\/www.vmimixing.com\/?s={search_term_string}"},"query-input":"required name=search_term_string"}],"inLanguage":"fr-FR"},{"@type":"Organization","@id":"https:\/\/www.vmimixing.com\/#organization","name":"VMI - Fabrication d&#039;\u00e9quipements de m\u00e9lange","url":"https:\/\/www.vmimixing.com\/","logo":{"@type":"ImageObject","inLanguage":"fr-FR","@id":"https:\/\/www.vmimixing.com\/#\/schema\/logo\/image\/","url":"https:\/\/www.vmimixing.com\/app\/uploads\/2025\/09\/VMI_logo_Strapline_RGB_June2025.png","contentUrl":"https:\/\/www.vmimixing.com\/app\/uploads\/2025\/09\/VMI_logo_Strapline_RGB_June2025.png","width":2180,"height":650,"caption":"VMI - Fabrication d&#039;\u00e9quipements de m\u00e9lange"},"image":{"@id":"https:\/\/www.vmimixing.com\/#\/schema\/logo\/image\/"}}]}},"_links":{"self":[{"href":"https:\/\/www.vmimixing.com\/fr\/wp-json\/wp\/v2\/pages\/100392"}],"collection":[{"href":"https:\/\/www.vmimixing.com\/fr\/wp-json\/wp\/v2\/pages"}],"about":[{"href":"https:\/\/www.vmimixing.com\/fr\/wp-json\/wp\/v2\/types\/page"}],"author":[{"embeddable":true,"href":"https:\/\/www.vmimixing.com\/fr\/wp-json\/wp\/v2\/users\/2"}],"replies":[{"embeddable":true,"href":"https:\/\/www.vmimixing.com\/fr\/wp-json\/wp\/v2\/comments?post=100392"}],"version-history":[{"count":55,"href":"https:\/\/www.vmimixing.com\/fr\/wp-json\/wp\/v2\/pages\/100392\/revisions"}],"predecessor-version":[{"id":113627,"href":"https:\/\/www.vmimixing.com\/fr\/wp-json\/wp\/v2\/pages\/100392\/revisions\/113627"}],"wp:attachment":[{"href":"https:\/\/www.vmimixing.com\/fr\/wp-json\/wp\/v2\/media?parent=100392"}],"curies":[{"name":"wp","href":"https:\/\/api.w.org\/{rel}","templated":true}]}}