{"id":100421,"date":"2021-05-18T11:49:19","date_gmt":"2021-05-18T09:49:19","guid":{"rendered":"http:\/\/www.vmimixing.com\/?page_id=100421"},"modified":"2024-01-19T10:07:48","modified_gmt":"2024-01-19T09:07:48","slug":"appartenance-groupe","status":"publish","type":"page","link":"https:\/\/www.vmimixing.com\/fr\/appartenance-groupe\/","title":{"rendered":"Hillenbrand: Entreprise industrielle mondiale qui fournit des \u00e9quipements et des solutions de haute technologie sur une vari\u00e9t\u00e9 de march\u00e9s finaux"},"content":{"rendered":"\n<p>Hillenbrand est une entreprise industrielle mondiale qui fournit des \u00e9quipements et des solutions de haute technologie \u00e0 des clients dans plus de 100 pays \u00e0 travers le monde. Leur portefeuille est compos\u00e9 de <strong>marques industrielles de premier plan<\/strong> qui desservent des march\u00e9s finaux et des applications vari\u00e9s, notamment les <strong>plastiques durables, l&rsquo;alimentation et le recyclage.<\/strong> Guid\u00e9s par leur objectif &#8211; Shape What Matters For Tomorrow\u2122 &#8211; ils recherchent <strong>l&rsquo;excellence, la collaboration et l&rsquo;innovation<\/strong> pour fa\u00e7onner des solutions qui r\u00e9pondent au mieux aux besoins de leurs associ\u00e9s, de leurs clients, des collectivit\u00e9s et de leurs autres partenaires. <\/p>\n\n\n\n<p>En 2022, <strong>Hillenbrand <\/strong>a officialis\u00e9 l&rsquo;acquisition de <strong>Linxis Group<\/strong>, leader dans les \u00e9quipements sp\u00e9cialis\u00e9s pour l\u2019industrie de l\u2019agroalimentaire et de la sant\u00e9. Le groupe Linxis f\u00e9d\u00e8re  7 marques, dont VMI. Linxis Group int\u00e8gre la <strong>Division Coperion Food, Health &amp; Nutrition (FHN).<\/strong> <\/p>\n\n\n\n<div class=\"wp-container-5 wp-block-columns\">\n<div class=\"wp-container-2 wp-block-column\">\n<div class=\"wp-container-1 wp-block-buttons\">\n<div class=\"wp-block-button aligncenter\"><a class=\"wp-block-button__link has-white-color has-main-blue-background-color has-text-color has-background\" href=\"https:\/\/hillenbrand.com\/\" target=\"_blank\" rel=\"noreferrer noopener\">En savoir plus sur Hillenbrand<\/a><\/div>\n<\/div>\n<\/div>\n\n\n\n<div class=\"wp-container-4 wp-block-column\">\n<div class=\"wp-container-3 wp-block-buttons\">\n<div class=\"wp-block-button aligncenter\"><a class=\"wp-block-button__link has-white-color has-main-blue-background-color has-text-color has-background\" href=\"https:\/\/www.coperion.com\/fr#nav-industries-fr\" target=\"_blank\" rel=\"noreferrer noopener\">En savoir plus sur Coperion<\/a><\/div>\n<\/div>\n<\/div>\n<\/div>\n\n\n\n<p class=\"has-white-color has-main-blue-background-color has-text-color has-background has-normal-font-size\"><a href=\"https:\/\/www.linxisgroup.com\/LINXIS_GROUP_WEB\/FR\/ACCUEIL-LINXIS-GROUP.awp\" target=\"_blank\" rel=\"noreferrer noopener\"><strong><mark style=\"background-color:rgba(0, 0, 0, 0)\" class=\"has-inline-color has-extra-light-gray-color\">Coperion et Linxis Group : <\/mark><\/strong><\/a>Les deux entreprises vont d\u00e9sormais combiner leurs forces et leur expertise en tant que fournisseurs mondiaux des industries de l\u2019alimentaire et de la sant\u00e9. Les \u00e9quipements et process \u00e0 forte valeur ajout\u00e9e propos\u00e9s par LINXIS Group et son positionnement Premium dans les m\u00e9tiers du m\u00e9lange, de l\u2019automatisation des process de traitement des ingr\u00e9dients, ou des solutions pour la mise en portion, sont en phase avec les plans de croissance de Coperion, li\u00e9s aux activit\u00e9s de manutention et d\u2019extrusion pour les industries de l\u2019agroalimentaire. Ensemble, Coperion et Linxis Group peuvent mettre \u00e0 profit leur expertise respective et leur pr\u00e9sence mondiale pour fournir des solutions encore plus adapt\u00e9es \u00e0 leurs clients.<\/p>\n\n\n\n<p>La division FHN rassemble des entreprises leaders, reconnues mondialement dans leurs domaines respectifs. La croissance du groupe est bas\u00e9e sur l&rsquo;innovation, l&rsquo;engagement et la satisfaction des clients afin de r\u00e9pondre aux besoins en constante \u00e9volution des march\u00e9s de la sant\u00e9 et de l&rsquo;alimentation.<\/p>\n\n\n\n<div class=\"wp-container-8 wp-block-columns\">\n<div class=\"wp-container-6 wp-block-column\">\n<h2 id=\"domaines-d-activite\">Domaines d\u2019activit\u00e9<\/h2>\n\n\n\n<p>Au c\u0153ur des enjeux strat\u00e9giques de nos soci\u00e9t\u00e9s, les march\u00e9s o\u00f9 op\u00e8rent les soci\u00e9t\u00e9s de FHN sont :<\/p>\n\n\n\n<ul><li>L\u2019Alimentation humaine et animale, et en particulier la boulangerie et les produits de restauration<\/li><li>La Pharmacie<\/li><li>La Cosm\u00e9tique<\/li><li>La Chimie des sp\u00e9cialit\u00e9s<\/li><\/ul>\n\n\n\n<p>Les soci\u00e9t\u00e9s du Groupe <strong>con\u00e7oivent<\/strong>, <strong>fabriquent<\/strong> et <strong>installent<\/strong> des <strong>process<\/strong> et <strong>\u00e9quipements<\/strong> \u00e0 haut niveau d\u2019expertise.<\/p>\n\n\n\n<p><a href=\"https:\/\/www.coperion.com\/en\/coperion-food-health-nutrition-division-stronger-together\" target=\"_blank\" rel=\"noreferrer noopener\">D\u00e9couvrir les soci\u00e9t\u00e9s du groupe<\/a><\/p>\n<\/div>\n\n\n\n<div class=\"wp-container-7 wp-block-column\">\n<h2 id=\"une-presence-mondiale\">Une pr\u00e9sence mondiale<\/h2>\n\n\n\n<p>Les soci\u00e9t\u00e9s du Groupe sont implant\u00e9es en France, en Allemagne, aux Pays-Bas, aux Etats-Unis et au Canada. Par l\u2019activit\u00e9 fortement exportatrice de ses filiales et de leurs r\u00e9seaux de repr\u00e9sentation, la division FHN propose un support \u00e0 tous ses clients \u00e0 travers le monde.<\/p>\n<\/div>\n<\/div>\n\n\n<div class=\"wp-block-image\">\n<figure class=\"aligncenter size-large is-resized\"><img loading=\"lazy\" src=\"https:\/\/www.vmimixing.com\/app\/uploads\/2021\/06\/Bandeau_activite_Linxis_Group.jpg\" alt=\"Activit\u00e9s de Linxis Group : gestion des ingr\u00e9dients, m\u00e9lange, transfert et dosage\" class=\"wp-image-103411\" width=\"855\" height=\"270\" srcset=\"https:\/\/www.vmimixing.com\/app\/uploads\/2021\/06\/Bandeau_activite_Linxis_Group.jpg 1140w, https:\/\/www.vmimixing.com\/app\/uploads\/2021\/06\/Bandeau_activite_Linxis_Group-700x0-c-default.jpg 700w, https:\/\/www.vmimixing.com\/app\/uploads\/2021\/06\/Bandeau_activite_Linxis_Group-960x0-c-default.jpg 960w, https:\/\/www.vmimixing.com\/app\/uploads\/2021\/06\/Bandeau_activite_Linxis_Group-0x540-c-default.jpg 1710w, https:\/\/www.vmimixing.com\/app\/uploads\/2021\/06\/Bandeau_activite_Linxis_Group-460x0-c-default.jpg 460w, https:\/\/www.vmimixing.com\/app\/uploads\/2021\/06\/Bandeau_activite_Linxis_Group-310x0-c-default.jpg 310w\" sizes=\"(max-width: 855px) 100vw, 855px\" \/><\/figure><\/div>\n\n\n<div class=\"wp-container-9 wp-block-group has-extra-light-gray-background-color has-background\"><div class=\"wp-block-group__inner-container\">\n<h2 class=\"has-text-align-center\" id=\"mission-de-linxis-group\">Raison d&rsquo;\u00eatre et valeurs de Hillenbrand<\/h2>\n\n\n\n<p class=\"has-text-align-center\">Notre Raison d\u2019\u00eatre s\u2019appuie sur les fondements de notre environnement actuel et sur l\u2019influence que nous exer\u00e7ons sur le monde.<\/p>\n\n\n\n<p class=\"has-text-align-center\"><strong>\u201cShape What\u00a0Matters\u00a0For Tomorrow\u2122\u201d<\/strong> | \u00ab\u00a0Concevoir aujourd&rsquo;hui ce qui compte pour demain\u00a0\u00bb<\/p>\n<\/div><\/div>\n\n\n\n<h2 id=\"valeurs-de-linxis-group\">Valeurs de Hillenbrand<\/h2>\n\n\n\n<ul><li>Gagner ensemble<\/li><li>D\u00e9velopper les opportunit\u00e9s<\/li><li>Donner du sens<\/li><li>L&rsquo;excellence en action<\/li><\/ul>\n\n\n\n<div style=\"height:33px\" aria-hidden=\"true\" class=\"wp-block-spacer\"><\/div>\n\n\n\n<div class=\"wp-container-12 wp-block-columns are-vertically-aligned-center\">\n<div class=\"wp-container-10 wp-block-column is-vertically-aligned-center\" style=\"flex-basis:33.33%\">\n<figure class=\"wp-block-image size-full\"><img loading=\"lazy\" width=\"1200\" height=\"750\" src=\"https:\/\/www.vmimixing.com\/app\/uploads\/2021\/06\/travail_equipe_synergies_linxis_group.jpg\" alt=\"Synergies entre les soci\u00e9t\u00e9s du groupe Linxis Group\" class=\"wp-image-103883\"\/><\/figure>\n<\/div>\n\n\n\n<div class=\"wp-container-11 wp-block-column is-vertically-aligned-center\" style=\"flex-basis:66.66%\">\n<h3 class=\"has-dark-blue-color has-text-color\" id=\"l-excellence-et-la-performance\">GAGNER ENSEMBLE<\/h3>\n\n\n\n<ul><li><strong>Collaboration : <\/strong>Nous nous encourageons \u00e0 donner le meilleur de nous-m\u00eames, tout en agissant avec respect.<\/li><li><strong>Inclusion :<\/strong> L\u2019union fait la force, et pour cela nous encourageons la diversit\u00e9 des individus, des connaissances et des cultures.<\/li><li><strong>Responsabilit\u00e9<\/strong> : Nous sommes des professionnels exigeants, responsables de nos d\u00e9cisions et de nos actes.<\/li><\/ul>\n<\/div>\n<\/div>\n\n\n\n<div class=\"wp-container-15 wp-block-columns are-vertically-aligned-center\">\n<div class=\"wp-container-13 wp-block-column is-vertically-aligned-center\" style=\"flex-basis:33.33%\">\n<figure class=\"wp-block-image size-full\"><img loading=\"lazy\" width=\"1200\" height=\"750\" src=\"https:\/\/www.vmimixing.com\/app\/uploads\/2021\/06\/relation_client_vmi_salon.jpg\" alt=\"Expertise et savoir-faire pour satisfaire les clients Linxis Group\" class=\"wp-image-103885\"\/><\/figure>\n<\/div>\n\n\n\n<div class=\"wp-container-14 wp-block-column is-vertically-aligned-center\" style=\"flex-basis:66.66%\">\n<h3 class=\"has-dark-blue-color has-text-color\" id=\"synergies-et-innovation\">D\u00c9VELOPPER LES OPPORTUNIT\u00c9S<\/h3>\n\n\n\n<ul><li><strong>Orientation client : <\/strong>Nous nous attachons \u00e0 apporter des solutions pertinentes pour nos clients.<\/li><li><strong>Expertise : <\/strong>Nous nous appuyons sur notre savoir technique sp\u00e9cifique pour faire progresser les standards de notre activit\u00e9.<\/li><li><strong>Innovation :<\/strong> Nous relevons les d\u00e9fis futurs et \u0153uvrons \u00e0 concevoir les innovations de demain.<\/li><\/ul>\n<\/div>\n<\/div>\n\n\n\n<div class=\"wp-container-18 wp-block-columns are-vertically-aligned-center\">\n<div class=\"wp-container-16 wp-block-column is-vertically-aligned-center\" style=\"flex-basis:33.33%\">\n<figure class=\"wp-block-image size-full\"><img loading=\"lazy\" width=\"1200\" height=\"750\" src=\"https:\/\/www.vmimixing.com\/app\/uploads\/2024\/01\/Make-it-Matter_vmi.jpg\" alt=\"hands_with_plant_grow\" class=\"wp-image-112173\" srcset=\"https:\/\/www.vmimixing.com\/app\/uploads\/2024\/01\/Make-it-Matter_vmi.jpg 1200w, https:\/\/www.vmimixing.com\/app\/uploads\/2024\/01\/Make-it-Matter_vmi-700x0-c-default.jpg 700w, https:\/\/www.vmimixing.com\/app\/uploads\/2024\/01\/Make-it-Matter_vmi-576x0-c-default.jpg 576w, https:\/\/www.vmimixing.com\/app\/uploads\/2024\/01\/Make-it-Matter_vmi-460x0-c-default.jpg 460w, https:\/\/www.vmimixing.com\/app\/uploads\/2024\/01\/Make-it-Matter_vmi-310x0-c-default.jpg 310w\" sizes=\"(max-width: 1200px) 100vw, 1200px\" \/><\/figure>\n<\/div>\n\n\n\n<div class=\"wp-container-17 wp-block-column is-vertically-aligned-center\" style=\"flex-basis:66.66%\">\n<h3 class=\"has-dark-blue-color has-text-color\" id=\"vers-une-mutualisation-de-l-expertise-et-du-savoir-faire\">DONNER DU SENS <\/h3>\n\n\n\n<ul><li><strong>Int\u00e9grit\u00e9 : <\/strong>Nous planifions, coop\u00e9rons et agissons avec int\u00e9grit\u00e9.\u00a0<\/li><li><strong>Essentiel \u00e0 notre mission :<\/strong> Nous concevons et fabriquons des produits s\u00fbrs, qui sont essentiels au monde d\u2019aujourd\u2019hui et de demain.\u00a0<\/li><li><strong>Durabilit\u00e9 : <\/strong>Nos solutions sont essentielles au monde. Pour cette raison, la mani\u00e8re dont nous les concevons et fabriquons est tout aussi essentielle.<\/li><\/ul>\n<\/div>\n<\/div>\n\n\n\n<div class=\"wp-container-21 wp-block-columns are-vertically-aligned-center\">\n<div class=\"wp-container-19 wp-block-column is-vertically-aligned-center\" style=\"flex-basis:33.33%\">\n<figure class=\"wp-block-image size-full\"><img loading=\"lazy\" width=\"1200\" height=\"750\" src=\"https:\/\/www.vmimixing.com\/app\/uploads\/2021\/06\/savoir-faire_equipe_vmi.jpg\" alt=\"Engagement et professionnalisme des collaborateurs Linxis Group\" class=\"wp-image-103887\"\/><\/figure>\n<\/div>\n\n\n\n<div class=\"wp-container-20 wp-block-column is-vertically-aligned-center\" style=\"flex-basis:66.66%\">\n<h3 class=\"has-dark-blue-color has-text-color\" id=\"vers-une-mutualisation-de-l-expertise-et-du-savoir-faire\">L&rsquo;EXCELLENCE EN ACTION<\/h3>\n\n\n\n<ul><li><strong>Int\u00e9grit\u00e9 : <\/strong>Nous planifions, coop\u00e9rons et agissons avec int\u00e9grit\u00e9.\u00a0<\/li><li><strong>Essentiel \u00e0 notre mission :<\/strong> Nous concevons et fabriquons des produits s\u00fbrs, qui sont essentiels au monde d\u2019aujourd\u2019hui et de demain.\u00a0<\/li><li><strong>Durabilit\u00e9 : <\/strong>Nos solutions sont essentielles au monde. Pour cette raison, la mani\u00e8re dont nous les concevons et fabriquons est tout aussi essentielle.<\/li><\/ul>\n<\/div>\n<\/div>\n\n\n\n<div class=\"wp-block-vmi-internal-link-list\"><p class=\"content\"><mark style=\"background-color:rgba(0, 0, 0, 0)\" class=\"has-inline-color has-main-blue-color\">Pour en savoir plus :<\/mark><\/p>\n<ul><li><a href=\"https:\/\/www.vmimixing.com\/fr\/leader-solutions-melange-petrissage\/\">Qui sommes nous ?<\/a><a href=\"https:\/\/www.vmimixing.com\/vmi\/solutions-melange-food-boulangerie-amerique-du-nord\/\"><\/a><\/li><li><a href=\"https:\/\/www.vmimixing.com\/fr\/ingenierie-accompagnement-projet\/\">Ing\u00e9nierie et accompagnement<\/a><\/li><li><a href=\"https:\/\/www.vmimixing.com\/fr\/nos-engagements\/\">Nos engagements<\/a><\/li><li><a href=\"https:\/\/www.vmimixing.com\/fr\/carrieres\/\">Carri\u00e8res<\/a><\/li><\/ul>\n<\/div>\n","protected":false},"excerpt":{"rendered":"<p>Hillenbrand est une entreprise industrielle mondiale qui fournit des \u00e9quipements et des solutions de haute technologie \u00e0 des clients dans plus de 100 pays \u00e0 travers le monde. Leur portefeuille [&hellip;]<\/p>\n","protected":false},"author":2,"featured_media":0,"parent":0,"menu_order":73,"comment_status":"closed","ping_status":"closed","template":"","meta":{"page_sector":"-"},"yoast_head":"<!-- This site is optimized with the Yoast SEO plugin v19.9 - https:\/\/yoast.com\/wordpress\/plugins\/seo\/ -->\n<title>VMI, Hillenbrand et la Coperion Health, Food &amp; Nutrition Division.<\/title>\n<meta name=\"description\" content=\"VMI est une OpCo de la soci\u00e9t\u00e9 Hillenbrand et fait partie de la division Alimentation, nutrition et sant\u00e9 de Coperion.\" \/>\n<meta name=\"robots\" content=\"index, follow, max-snippet:-1, max-image-preview:large, max-video-preview:-1\" \/>\n<link rel=\"canonical\" href=\"https:\/\/www.vmimixing.com\/fr\/appartenance-groupe\/\" \/>\n<meta property=\"og:locale\" content=\"fr_FR\" \/>\n<meta property=\"og:type\" content=\"article\" \/>\n<meta property=\"og:title\" content=\"VMI, Hillenbrand et la Coperion Health, Food &amp; Nutrition Division.\" \/>\n<meta property=\"og:description\" content=\"VMI est une OpCo de la soci\u00e9t\u00e9 Hillenbrand et fait partie de la division Alimentation, nutrition et sant\u00e9 de Coperion.\" \/>\n<meta property=\"og:url\" content=\"https:\/\/www.vmimixing.com\/fr\/appartenance-groupe\/\" \/>\n<meta property=\"og:site_name\" content=\"VMI - Fabrication d&#039;\u00e9quipements de m\u00e9lange\" \/>\n<meta property=\"article:modified_time\" content=\"2024-01-19T09:07:48+00:00\" \/>\n<meta property=\"og:image\" content=\"https:\/\/www.vmimixing.com\/app\/uploads\/2021\/06\/Bandeau_activite_Linxis_Group.jpg\" \/>\n<meta name=\"twitter:card\" content=\"summary_large_image\" \/>\n<meta name=\"twitter:label1\" content=\"Dur\u00e9e de lecture estim\u00e9e\" \/>\n\t<meta name=\"twitter:data1\" content=\"5 minutes\" \/>\n<script type=\"application\/ld+json\" class=\"yoast-schema-graph\">{\"@context\":\"https:\/\/schema.org\",\"@graph\":[{\"@type\":\"WebPage\",\"@id\":\"https:\/\/www.vmimixing.com\/fr\/appartenance-groupe\/\",\"url\":\"https:\/\/www.vmimixing.com\/fr\/appartenance-groupe\/\",\"name\":\"VMI, Hillenbrand et la Coperion Health, Food & Nutrition Division.\",\"isPartOf\":{\"@id\":\"https:\/\/www.vmimixing.com\/#website\"},\"datePublished\":\"2021-05-18T09:49:19+00:00\",\"dateModified\":\"2024-01-19T09:07:48+00:00\",\"description\":\"VMI est une OpCo de la soci\u00e9t\u00e9 Hillenbrand et fait partie de la division Alimentation, nutrition et sant\u00e9 de Coperion.\",\"breadcrumb\":{\"@id\":\"https:\/\/www.vmimixing.com\/fr\/appartenance-groupe\/#breadcrumb\"},\"inLanguage\":\"fr-FR\",\"potentialAction\":[{\"@type\":\"ReadAction\",\"target\":[\"https:\/\/www.vmimixing.com\/fr\/appartenance-groupe\/\"]}]},{\"@type\":\"BreadcrumbList\",\"@id\":\"https:\/\/www.vmimixing.com\/fr\/appartenance-groupe\/#breadcrumb\",\"itemListElement\":[{\"@type\":\"ListItem\",\"position\":1,\"name\":\"Accueil\",\"item\":\"https:\/\/www.vmimixing.com\/fr\/\"},{\"@type\":\"ListItem\",\"position\":2,\"name\":\"Hillenbrand: Entreprise industrielle mondiale qui fournit des \u00e9quipements et des solutions de haute technologie sur une vari\u00e9t\u00e9 de march\u00e9s finaux\"}]},{\"@type\":\"WebSite\",\"@id\":\"https:\/\/www.vmimixing.com\/#website\",\"url\":\"https:\/\/www.vmimixing.com\/\",\"name\":\"VMI - Fabrication d&#039;\u00e9quipements de m\u00e9lange\",\"description\":\"Conception, fabrication et installation de solution de m\u00e9lange\",\"publisher\":{\"@id\":\"https:\/\/www.vmimixing.com\/#organization\"},\"potentialAction\":[{\"@type\":\"SearchAction\",\"target\":{\"@type\":\"EntryPoint\",\"urlTemplate\":\"https:\/\/www.vmimixing.com\/?s={search_term_string}\"},\"query-input\":\"required name=search_term_string\"}],\"inLanguage\":\"fr-FR\"},{\"@type\":\"Organization\",\"@id\":\"https:\/\/www.vmimixing.com\/#organization\",\"name\":\"VMI - Fabrication d&#039;\u00e9quipements de m\u00e9lange\",\"url\":\"https:\/\/www.vmimixing.com\/\",\"logo\":{\"@type\":\"ImageObject\",\"inLanguage\":\"fr-FR\",\"@id\":\"https:\/\/www.vmimixing.com\/#\/schema\/logo\/image\/\",\"url\":\"https:\/\/www.vmimixing.com\/app\/uploads\/2025\/09\/VMI_logo_Strapline_RGB_June2025.png\",\"contentUrl\":\"https:\/\/www.vmimixing.com\/app\/uploads\/2025\/09\/VMI_logo_Strapline_RGB_June2025.png\",\"width\":2180,\"height\":650,\"caption\":\"VMI - Fabrication d&#039;\u00e9quipements de m\u00e9lange\"},\"image\":{\"@id\":\"https:\/\/www.vmimixing.com\/#\/schema\/logo\/image\/\"}}]}<\/script>\n<!-- \/ Yoast SEO plugin. -->","yoast_head_json":{"title":"VMI, Hillenbrand et la Coperion Health, Food & Nutrition Division.","description":"VMI est une OpCo de la soci\u00e9t\u00e9 Hillenbrand et fait partie de la division Alimentation, nutrition et sant\u00e9 de Coperion.","robots":{"index":"index","follow":"follow","max-snippet":"max-snippet:-1","max-image-preview":"max-image-preview:large","max-video-preview":"max-video-preview:-1"},"canonical":"https:\/\/www.vmimixing.com\/fr\/appartenance-groupe\/","og_locale":"fr_FR","og_type":"article","og_title":"VMI, Hillenbrand et la Coperion Health, Food & Nutrition Division.","og_description":"VMI est une OpCo de la soci\u00e9t\u00e9 Hillenbrand et fait partie de la division Alimentation, nutrition et sant\u00e9 de Coperion.","og_url":"https:\/\/www.vmimixing.com\/fr\/appartenance-groupe\/","og_site_name":"VMI - Fabrication d&#039;\u00e9quipements de m\u00e9lange","article_modified_time":"2024-01-19T09:07:48+00:00","og_image":[{"url":"https:\/\/www.vmimixing.com\/app\/uploads\/2021\/06\/Bandeau_activite_Linxis_Group.jpg"}],"twitter_card":"summary_large_image","twitter_misc":{"Dur\u00e9e de lecture estim\u00e9e":"5 minutes"},"schema":{"@context":"https:\/\/schema.org","@graph":[{"@type":"WebPage","@id":"https:\/\/www.vmimixing.com\/fr\/appartenance-groupe\/","url":"https:\/\/www.vmimixing.com\/fr\/appartenance-groupe\/","name":"VMI, Hillenbrand et la Coperion Health, Food & Nutrition Division.","isPartOf":{"@id":"https:\/\/www.vmimixing.com\/#website"},"datePublished":"2021-05-18T09:49:19+00:00","dateModified":"2024-01-19T09:07:48+00:00","description":"VMI est une OpCo de la soci\u00e9t\u00e9 Hillenbrand et fait partie de la division Alimentation, nutrition et sant\u00e9 de Coperion.","breadcrumb":{"@id":"https:\/\/www.vmimixing.com\/fr\/appartenance-groupe\/#breadcrumb"},"inLanguage":"fr-FR","potentialAction":[{"@type":"ReadAction","target":["https:\/\/www.vmimixing.com\/fr\/appartenance-groupe\/"]}]},{"@type":"BreadcrumbList","@id":"https:\/\/www.vmimixing.com\/fr\/appartenance-groupe\/#breadcrumb","itemListElement":[{"@type":"ListItem","position":1,"name":"Accueil","item":"https:\/\/www.vmimixing.com\/fr\/"},{"@type":"ListItem","position":2,"name":"Hillenbrand: Entreprise industrielle mondiale qui fournit des \u00e9quipements et des solutions de haute technologie sur une vari\u00e9t\u00e9 de march\u00e9s finaux"}]},{"@type":"WebSite","@id":"https:\/\/www.vmimixing.com\/#website","url":"https:\/\/www.vmimixing.com\/","name":"VMI - Fabrication d&#039;\u00e9quipements de m\u00e9lange","description":"Conception, fabrication et installation de solution de m\u00e9lange","publisher":{"@id":"https:\/\/www.vmimixing.com\/#organization"},"potentialAction":[{"@type":"SearchAction","target":{"@type":"EntryPoint","urlTemplate":"https:\/\/www.vmimixing.com\/?s={search_term_string}"},"query-input":"required name=search_term_string"}],"inLanguage":"fr-FR"},{"@type":"Organization","@id":"https:\/\/www.vmimixing.com\/#organization","name":"VMI - Fabrication d&#039;\u00e9quipements de m\u00e9lange","url":"https:\/\/www.vmimixing.com\/","logo":{"@type":"ImageObject","inLanguage":"fr-FR","@id":"https:\/\/www.vmimixing.com\/#\/schema\/logo\/image\/","url":"https:\/\/www.vmimixing.com\/app\/uploads\/2025\/09\/VMI_logo_Strapline_RGB_June2025.png","contentUrl":"https:\/\/www.vmimixing.com\/app\/uploads\/2025\/09\/VMI_logo_Strapline_RGB_June2025.png","width":2180,"height":650,"caption":"VMI - Fabrication d&#039;\u00e9quipements de m\u00e9lange"},"image":{"@id":"https:\/\/www.vmimixing.com\/#\/schema\/logo\/image\/"}}]}},"_links":{"self":[{"href":"https:\/\/www.vmimixing.com\/fr\/wp-json\/wp\/v2\/pages\/100421"}],"collection":[{"href":"https:\/\/www.vmimixing.com\/fr\/wp-json\/wp\/v2\/pages"}],"about":[{"href":"https:\/\/www.vmimixing.com\/fr\/wp-json\/wp\/v2\/types\/page"}],"author":[{"embeddable":true,"href":"https:\/\/www.vmimixing.com\/fr\/wp-json\/wp\/v2\/users\/2"}],"replies":[{"embeddable":true,"href":"https:\/\/www.vmimixing.com\/fr\/wp-json\/wp\/v2\/comments?post=100421"}],"version-history":[{"count":60,"href":"https:\/\/www.vmimixing.com\/fr\/wp-json\/wp\/v2\/pages\/100421\/revisions"}],"predecessor-version":[{"id":112200,"href":"https:\/\/www.vmimixing.com\/fr\/wp-json\/wp\/v2\/pages\/100421\/revisions\/112200"}],"wp:attachment":[{"href":"https:\/\/www.vmimixing.com\/fr\/wp-json\/wp\/v2\/media?parent=100421"}],"curies":[{"name":"wp","href":"https:\/\/api.w.org\/{rel}","templated":true}]}}