{"id":100605,"date":"2021-05-20T11:32:03","date_gmt":"2021-05-20T09:32:03","guid":{"rendered":"http:\/\/www.vmimixing.com\/?page_id=100605"},"modified":"2021-10-15T11:33:41","modified_gmt":"2021-10-15T09:33:41","slug":"applications-industrie-chimie-des-specialites","status":"publish","type":"page","link":"https:\/\/www.vmimixing.com\/fr\/sante-chimie-des-specialites\/applications-industrie-chimie-des-specialites\/","title":{"rendered":"Applications pour l\u2019industrie de la chimie des sp\u00e9cialit\u00e9s"},"content":{"rendered":"\n<div class=\"wp-container-1 wp-block-group has-extra-light-gray-background-color has-background\"><div class=\"wp-block-group__inner-container\">\n<p>Les m\u00e9langeurs VMI d\u00e9di\u00e9s au march\u00e9 de la chimie des sp\u00e9cialit\u00e9s assurent une <strong>performance \u00e9lev\u00e9e<\/strong> d\u2019agitation et une grande <strong>fiabilit\u00e9<\/strong>, tout en limitant la consommation \u00e9nerg\u00e9tique. Nos pratiques visent \u00e0 accompagner et optimiser sur le long terme l\u2019\u00e9volution des proc\u00e9d\u00e9s et produits de nos clients. Peinture, vernis, encre, colles, mastic, r\u00e9sine, c\u00e9ramique, bitume&nbsp;: VMI vous propose des solutions adapt\u00e9es \u00e0 chaque <strong>rh\u00e9ologie<\/strong>.<\/p>\n<\/div><\/div>\n\n\n<div class=\"wp-block-vmi-image-with-text left-direction\">\n    <div class=\"image-container\">\n        <picture>\n            <img  srcset=\"https:\/\/www.vmimixing.com\/app\/uploads\/2021\/06\/chimie-250x300-c-default.jpg 250w, https:\/\/www.vmimixing.com\/app\/uploads\/2021\/06\/chimie-280x350-c-default.jpg 280w, https:\/\/www.vmimixing.com\/app\/uploads\/2021\/06\/chimie-490x590-c-default.jpg 490w\" src=\"data:image\/gif;base64,R0lGODlhAQABAIAAAAAAAP\/\/\/yH5BAEAAAAALAAAAAABAAEAAAIBRAA7\" alt=\"M\u00e9lange pour la chimie des sp\u00e9cialit\u00e9s\">\n        <\/picture>\n        <div class=\"image-overlay has-lilac-background-color\"><\/div>\n    <\/div>\n    <div class=\"block-content\">\n        \n\n<h2>Industriel de la chimie, quels sont vos besoins ?<\/h2>\n\n\n\n<p>L\u2019<strong>industrie de la chimie fine est essentielle pour la conception de produits \u00e0 haute valeur ajout\u00e9e pour toute la fili\u00e8re industrielle, telles que les industries a\u00e9ronautiques, pharmaceutiques ou cosm\u00e9tiques.<\/strong> La transformation de mati\u00e8re par <strong>synth\u00e8se chimique contr\u00f4l\u00e9e<\/strong> intervient dans la conception d\u2019une multitude de produits, des mat\u00e9riaux de rev\u00eatement, en passant par les peintures et les polym\u00e8res.<\/p>\n\n\n\n<p>Dans un contexte de contraintes environnementales et de concurrence accrue, les professionnels du m\u00e9lange de composants chimiques doivent se diff\u00e9rencient par leur d\u00e9marche d\u2019intelligence, de <strong>recherche et de d\u00e9veloppement<\/strong>. Les innovations concernent la performance des composants, dans le but de proposer un produit final toujours plus performant.<\/p>\n\n\n\n<p>Les innovations des industries chimiques sont \u00e9galement en faveur du <strong>d\u00e9veloppement durable<\/strong> et de la protection de la <strong>sant\u00e9<\/strong>. La chimie dite \u00ab&nbsp;<strong>chimie verte<\/strong>&nbsp;\u00bb vise \u00e0 \u00e9conomiser les ressources, trouver des alternatives au produits les plus toxiques et concevoir des produits moins polluants. Pour cela, l\u2019optimisation de la cha\u00eene de production entre en jeu, de la gestion des mati\u00e8res premi\u00e8res aux proc\u00e9d\u00e9s de fabrication.<\/p>\n\n\n    <\/div>\n<\/div>\n\n\n<div class=\"wp-container-2 wp-block-group has-extra-light-gray-background-color has-background\"><div class=\"wp-block-group__inner-container\">\n<h2>Nos solutions de m\u00e9lange pour l\u2019industrie de la chimie fine<\/h2>\n\n\n\n<p>Tous nos m\u00e9langeurs d\u00e9di\u00e9s au march\u00e9 de la chimie des sp\u00e9cialit\u00e9s se caract\u00e9risent par des choix techniques intelligents. Ainsi ils assurent :<\/p>\n\n\n\n<ul><li>Une <strong>performance<\/strong> \u00e9lev\u00e9e d\u2019agitation<\/li><li>Une <strong>s\u00e9curit\u00e9<\/strong> et <strong>fiabilit\u00e9<\/strong> durable de l\u2019\u00e9quipement<\/li><li>Une <strong>consommation d\u2019\u00e9nergie<\/strong> ma\u00eetris\u00e9e<\/li><\/ul>\n<\/div><\/div>\n\n\n\n<h2>Remplissez le formulaire pour t\u00e9l\u00e9charger notre brochure<\/h2>\n\n\n\n<div class=\"wp-container-5 wp-block-columns\">\n<div class=\"wp-container-3 wp-block-column\" style=\"flex-basis:33.33%\">\n<div class=\"wp-block-image\"><figure class=\"aligncenter size-full is-resized\"><img loading=\"lazy\" src=\"https:\/\/www.vmimixing.com\/app\/uploads\/2021\/10\/Page1_plaquette_Coating_FR.jpg\" alt=\"\" class=\"wp-image-109054\" width=\"240\" height=\"338\" srcset=\"https:\/\/www.vmimixing.com\/app\/uploads\/2021\/10\/Page1_plaquette_Coating_FR.jpg 1240w, https:\/\/www.vmimixing.com\/app\/uploads\/2021\/10\/Page1_plaquette_Coating_FR-700x0-c-default.jpg 700w\" sizes=\"(max-width: 240px) 100vw, 240px\" \/><\/figure><\/div>\n<\/div>\n\n\n\n<div class=\"wp-container-4 wp-block-column is-vertically-aligned-center\" style=\"flex-basis:66.66%\"><form id=\"foss-61693393d59cbc3c4dca0936\"><\/form>\n<p><script async=\"\" src=\"https:\/\/api.plezi.co\/api\/v1\/web_forms\/scripts?tenant_id=60939e49e317a72aa548fee0&amp;form_id=60939e4ae317a72aa548ff72&amp;form_version=3&amp;content_web_form_id=61693393d59cbc3c4dca0936&amp;plz_lang=fr\"><\/script><\/p>\n<\/div>\n<\/div>\n\n\n<div class=\"wp-block-vmi-image-with-text right-direction\">\n    <div class=\"image-container\">\n        <picture>\n            <img  srcset=\"https:\/\/www.vmimixing.com\/app\/uploads\/2021\/06\/glue_colle_gel-250x300-c-default.jpg 250w, https:\/\/www.vmimixing.com\/app\/uploads\/2021\/06\/glue_colle_gel-280x350-c-default.jpg 280w, https:\/\/www.vmimixing.com\/app\/uploads\/2021\/06\/glue_colle_gel-490x590-c-default.jpg 490w\" src=\"data:image\/gif;base64,R0lGODlhAQABAIAAAAAAAP\/\/\/yH5BAEAAAAALAAAAAABAAEAAAIBRAA7\" alt=\"M\u00e9lange de gel, colle, glue\">\n        <\/picture>\n        <div class=\"image-overlay has-lilac-background-color\"><\/div>\n    <\/div>\n    <div class=\"block-content\">\n        \n\n<h2>Des \u00e9quipements adapt\u00e9s \u00e0 toutes les op\u00e9rations de m\u00e9lange<\/h2>\n\n\n\n<p>Nous concevons des <strong>m\u00e9langeurs<\/strong> adapt\u00e9s aux proc\u00e9d\u00e9s de m\u00e9lange de chaque type de <strong>rh\u00e9ologie<\/strong> :<\/p>\n\n\n\n<ul><li>Dispersion de produits <strong>fluides&nbsp;<\/strong><strong>: <\/strong>peinture, huile, lasure, vernis\u2026<\/li><li>Emp\u00e2tage de produits fortement charg\u00e9s et <strong>\u00e9pais<\/strong>&nbsp;: encre, colle, enduit, gel, \u00e9mulsion\u2026<\/li><li>Malaxage de produits \u00e0 tr\u00e8s <strong>forte<\/strong> <strong>viscosit\u00e9&nbsp;<\/strong>: r\u00e9sine, c\u00e9ramique, \u00e9mail, bitume\u2026<\/li><\/ul>\n\n\n\n<p>Les machines VMI se distinguent par leur <strong>simplicit\u00e9<\/strong> d\u2019utilisation et leur <strong>polyvalence<\/strong>. Quelle que soit la vitesse de rotation n\u00e9cessaire, elles permettent de travailler des plages importantes de volumes de cuve, de 40 \u00e0 10&nbsp;000 litres.<\/p>\n\n\n\n<p>Leur <strong>robustesse<\/strong> \u00e9prouv\u00e9e les rend particuli\u00e8rement efficaces dans des conditions op\u00e9ratoires exigeantes, complexes, tout comme \u00e0 forts enjeux de s\u00e9curit\u00e9 : m\u00e9langes \u00e0 r\u00e9aliser sous <strong>pression<\/strong>, sous <strong>vide<\/strong>, sous conditions de temp\u00e9ratures sp\u00e9ciales, en <strong>environnements explosifs<\/strong>, avec un <strong>nettoyage <\/strong>en place\u2026<\/p>\n\n\n    <\/div>\n<\/div>\n\n\n<div class=\"wp-container-11 wp-block-columns are-vertically-aligned-center\">\n<div class=\"wp-container-8 wp-block-column is-vertically-aligned-center\" style=\"flex-basis:33.33%\">\n<figure class=\"wp-container-7 wp-block-gallery-6 wp-block-gallery columns-2 is-cropped\"><ul class=\"blocks-gallery-grid\"><li class=\"blocks-gallery-item\"><figure><img loading=\"lazy\" width=\"277\" height=\"185\" src=\"https:\/\/www.vmimixing.com\/app\/uploads\/2021\/06\/peinture_coating.jpg\" alt=\"Peinture, coating \" data-id=\"103101\" data-full-url=\"https:\/\/www.vmimixing.com\/app\/uploads\/2021\/06\/peinture_coating.jpg\" data-link=\"https:\/\/www.vmimixing.com\/peinture_coating\/\" class=\"wp-image-103101\" srcset=\"https:\/\/www.vmimixing.com\/app\/uploads\/2021\/06\/peinture_coating.jpg 277w, https:\/\/www.vmimixing.com\/app\/uploads\/2021\/06\/peinture_coating-700x0-c-default.jpg 700w, https:\/\/www.vmimixing.com\/app\/uploads\/2021\/06\/peinture_coating-960x0-c-default.jpg 960w, https:\/\/www.vmimixing.com\/app\/uploads\/2021\/06\/peinture_coating-0x540-c-default.jpg 809w, https:\/\/www.vmimixing.com\/app\/uploads\/2021\/06\/peinture_coating-460x0-c-default.jpg 460w, https:\/\/www.vmimixing.com\/app\/uploads\/2021\/06\/peinture_coating-310x0-c-default.jpg 310w\" sizes=\"(max-width: 277px) 100vw, 277px\" \/><\/figure><\/li><li class=\"blocks-gallery-item\"><figure><img loading=\"lazy\" width=\"277\" height=\"185\" src=\"https:\/\/www.vmimixing.com\/app\/uploads\/2021\/06\/enduit_mural.jpg\" alt=\"Enduit mural\" data-id=\"103109\" data-full-url=\"https:\/\/www.vmimixing.com\/app\/uploads\/2021\/06\/enduit_mural.jpg\" data-link=\"https:\/\/www.vmimixing.com\/enduit_mural\/\" class=\"wp-image-103109\" srcset=\"https:\/\/www.vmimixing.com\/app\/uploads\/2021\/06\/enduit_mural.jpg 277w, https:\/\/www.vmimixing.com\/app\/uploads\/2021\/06\/enduit_mural-700x0-c-default.jpg 700w, https:\/\/www.vmimixing.com\/app\/uploads\/2021\/06\/enduit_mural-960x0-c-default.jpg 960w, https:\/\/www.vmimixing.com\/app\/uploads\/2021\/06\/enduit_mural-0x540-c-default.jpg 809w, https:\/\/www.vmimixing.com\/app\/uploads\/2021\/06\/enduit_mural-460x0-c-default.jpg 460w, https:\/\/www.vmimixing.com\/app\/uploads\/2021\/06\/enduit_mural-310x0-c-default.jpg 310w\" sizes=\"(max-width: 277px) 100vw, 277px\" \/><\/figure><\/li><li class=\"blocks-gallery-item\"><figure><img loading=\"lazy\" width=\"277\" height=\"185\" src=\"https:\/\/www.vmimixing.com\/app\/uploads\/2021\/06\/ceramique.jpg\" alt=\"C\u00e9ramique sol\" data-id=\"103105\" data-full-url=\"https:\/\/www.vmimixing.com\/app\/uploads\/2021\/06\/ceramique.jpg\" data-link=\"https:\/\/www.vmimixing.com\/ceramique\/\" class=\"wp-image-103105\" srcset=\"https:\/\/www.vmimixing.com\/app\/uploads\/2021\/06\/ceramique.jpg 277w, https:\/\/www.vmimixing.com\/app\/uploads\/2021\/06\/ceramique-700x0-c-default.jpg 700w, https:\/\/www.vmimixing.com\/app\/uploads\/2021\/06\/ceramique-960x0-c-default.jpg 960w, https:\/\/www.vmimixing.com\/app\/uploads\/2021\/06\/ceramique-0x540-c-default.jpg 809w, https:\/\/www.vmimixing.com\/app\/uploads\/2021\/06\/ceramique-460x0-c-default.jpg 460w, https:\/\/www.vmimixing.com\/app\/uploads\/2021\/06\/ceramique-310x0-c-default.jpg 310w\" sizes=\"(max-width: 277px) 100vw, 277px\" \/><\/figure><\/li><li class=\"blocks-gallery-item\"><figure><img loading=\"lazy\" width=\"277\" height=\"185\" src=\"https:\/\/www.vmimixing.com\/app\/uploads\/2021\/06\/bitume.jpg\" alt=\"Bitume\" data-id=\"103103\" data-full-url=\"https:\/\/www.vmimixing.com\/app\/uploads\/2021\/06\/bitume.jpg\" data-link=\"https:\/\/www.vmimixing.com\/bitume\/\" class=\"wp-image-103103\" srcset=\"https:\/\/www.vmimixing.com\/app\/uploads\/2021\/06\/bitume.jpg 277w, https:\/\/www.vmimixing.com\/app\/uploads\/2021\/06\/bitume-700x0-c-default.jpg 700w, https:\/\/www.vmimixing.com\/app\/uploads\/2021\/06\/bitume-960x0-c-default.jpg 960w, https:\/\/www.vmimixing.com\/app\/uploads\/2021\/06\/bitume-0x540-c-default.jpg 809w, https:\/\/www.vmimixing.com\/app\/uploads\/2021\/06\/bitume-460x0-c-default.jpg 460w, https:\/\/www.vmimixing.com\/app\/uploads\/2021\/06\/bitume-310x0-c-default.jpg 310w\" sizes=\"(max-width: 277px) 100vw, 277px\" \/><\/figure><\/li><\/ul><\/figure>\n<\/div>\n\n\n\n<div class=\"wp-container-10 wp-block-column is-vertically-aligned-center\" style=\"flex-basis:66.66%\">\n<div class=\"wp-container-9 wp-block-group has-white-color has-lilac-background-color has-text-color has-background\"><div class=\"wp-block-group__inner-container\">\n<h3>Production \u00e0 petite ou grande \u00e9chelle&nbsp;: des solutions pour tous les industriels de la chimie<\/h3>\n\n\n\n<p class=\"has-white-color has-text-color\">Pour vos besoins de laboratoire, VMI con\u00e7oit des <strong><a href=\"https:\/\/www.vmimixing.com\/fr\/equipements\/melangeurs-paillasse\/\" target=\"_blank\" rel=\"noreferrer noopener\">m\u00e9langeurs et malaxeurs de paillasse<\/a><\/strong>, dont la puissance permet le m\u00e9lange de produits \u00e0 forte viscosit\u00e9. Ces \u00e9quipements sont disponibles dans notre Process Development Center. Nos clients y r\u00e9alisent des essais de formulation, accompagn\u00e9s de nos technologues.<\/p>\n\n\n\n<p class=\"has-white-color has-text-color\">Pour des <strong>productions automatis\u00e9es<\/strong> ou semi-industrielles, nous concevons des <strong><a href=\"https:\/\/www.vmimixing.com\/les-equipements\/melangeurs-planetaires\/\" target=\"_blank\" rel=\"noreferrer noopener\">m\u00e9langeurs plan\u00e9taires<\/a><\/strong> et des <strong><a href=\"https:\/\/www.vmimixing.com\/les-equipements\/melangeurs-industriels-relevables\/\" target=\"_blank\" rel=\"noreferrer noopener\">m\u00e9langeurs industriels relevables<\/a><\/strong>, allant jusqu\u2019\u00e0 10 000 litres de volume de cuve. Selon les conditions op\u00e9ratoires et les performances \u00e0 atteindre, notre \u00e9quipe projet apporte la solution de m\u00e9lange r\u00e9pondant \u00e0 votre besoin. Notre d\u00e9marche est structur\u00e9e et est orient\u00e9e vers la satisfaction de nos clients et l\u2019am\u00e9lioration continue de nos process, certifi\u00e9s <strong>ISO 9001<\/strong>. Nos \u00e9quipes mettent en place les \u00e9tapes de qualification afin de valider la conformit\u00e9 de vos \u00e9quipements de m\u00e9lange selon vos sp\u00e9cifications (QC\/QI\/QO\/FAT\/SAT).<\/p>\n<\/div><\/div>\n<\/div>\n<\/div>\n\n\n\n<div class=\"wp-container-12 wp-block-buttons is-content-justification-center\">\n<div class=\"wp-block-button is-style-vmi-button-health\"><a class=\"wp-block-button__link\" href=\"https:\/\/www.vmimixing.com\/sante-chimie-des-specialites\/equipements-melange\/\">Voir toutes les solutions de m\u00e9lange VMI<\/a><\/div>\n<\/div>\n","protected":false},"excerpt":{"rendered":"<p>Les m\u00e9langeurs VMI d\u00e9di\u00e9s au march\u00e9 de la chimie des sp\u00e9cialit\u00e9s assurent une performance \u00e9lev\u00e9e d\u2019agitation et une grande fiabilit\u00e9, tout en limitant la consommation \u00e9nerg\u00e9tique. Nos pratiques visent \u00e0 [&hellip;]<\/p>\n","protected":false},"author":2,"featured_media":99972,"parent":13,"menu_order":41,"comment_status":"closed","ping_status":"closed","template":"","meta":{"page_sector":"-"},"yoast_head":"<!-- This site is optimized with the Yoast SEO plugin v19.9 - https:\/\/yoast.com\/wordpress\/plugins\/seo\/ -->\n<title>Solutions de m\u00e9lange pour les industries de la chimie des sp\u00e9cialit\u00e9s<\/title>\n<meta name=\"description\" content=\"Du m\u00e9langeur de paillasse aux syst\u00e8mes industrielles, d\u00e9couvrez des solutions fiables et performantes pour l&#039;industrie de la chimie\" \/>\n<meta name=\"robots\" content=\"index, follow, max-snippet:-1, max-image-preview:large, max-video-preview:-1\" \/>\n<link rel=\"canonical\" href=\"https:\/\/www.vmimixing.com\/fr\/sante-chimie-des-specialites\/applications-industrie-chimie-des-specialites\/\" \/>\n<meta property=\"og:locale\" content=\"fr_FR\" \/>\n<meta property=\"og:type\" content=\"article\" \/>\n<meta property=\"og:title\" content=\"Solutions de m\u00e9lange pour les industries de la chimie des sp\u00e9cialit\u00e9s\" \/>\n<meta property=\"og:description\" content=\"Du m\u00e9langeur de paillasse aux syst\u00e8mes industrielles, d\u00e9couvrez des solutions fiables et performantes pour l&#039;industrie de la chimie\" \/>\n<meta property=\"og:url\" content=\"https:\/\/www.vmimixing.com\/fr\/sante-chimie-des-specialites\/applications-industrie-chimie-des-specialites\/\" \/>\n<meta property=\"og:site_name\" content=\"VMI - Fabrication d&#039;\u00e9quipements de m\u00e9lange\" \/>\n<meta property=\"article:modified_time\" content=\"2021-10-15T09:33:41+00:00\" \/>\n<meta property=\"og:image\" content=\"https:\/\/www.vmimixing.com\/app\/uploads\/2021\/05\/C497_Corporate_Produits-finis_Rayneri_Tubes-de-test_Fotolia_125962874_Lv2.jpg\" \/>\n\t<meta property=\"og:image:width\" content=\"1617\" \/>\n\t<meta property=\"og:image:height\" content=\"1080\" \/>\n\t<meta property=\"og:image:type\" content=\"image\/jpeg\" \/>\n<meta name=\"twitter:card\" content=\"summary_large_image\" \/>\n<meta name=\"twitter:label1\" content=\"Dur\u00e9e de lecture estim\u00e9e\" \/>\n\t<meta name=\"twitter:data1\" content=\"4 minutes\" \/>\n<script type=\"application\/ld+json\" class=\"yoast-schema-graph\">{\"@context\":\"https:\/\/schema.org\",\"@graph\":[{\"@type\":\"WebPage\",\"@id\":\"https:\/\/www.vmimixing.com\/fr\/sante-chimie-des-specialites\/applications-industrie-chimie-des-specialites\/\",\"url\":\"https:\/\/www.vmimixing.com\/fr\/sante-chimie-des-specialites\/applications-industrie-chimie-des-specialites\/\",\"name\":\"Solutions de m\u00e9lange pour les industries de la chimie des sp\u00e9cialit\u00e9s\",\"isPartOf\":{\"@id\":\"https:\/\/www.vmimixing.com\/#website\"},\"datePublished\":\"2021-05-20T09:32:03+00:00\",\"dateModified\":\"2021-10-15T09:33:41+00:00\",\"description\":\"Du m\u00e9langeur de paillasse aux syst\u00e8mes industrielles, d\u00e9couvrez des solutions fiables et performantes pour l'industrie de la chimie\",\"breadcrumb\":{\"@id\":\"https:\/\/www.vmimixing.com\/fr\/sante-chimie-des-specialites\/applications-industrie-chimie-des-specialites\/#breadcrumb\"},\"inLanguage\":\"fr-FR\",\"potentialAction\":[{\"@type\":\"ReadAction\",\"target\":[\"https:\/\/www.vmimixing.com\/fr\/sante-chimie-des-specialites\/applications-industrie-chimie-des-specialites\/\"]}]},{\"@type\":\"BreadcrumbList\",\"@id\":\"https:\/\/www.vmimixing.com\/fr\/sante-chimie-des-specialites\/applications-industrie-chimie-des-specialites\/#breadcrumb\",\"itemListElement\":[{\"@type\":\"ListItem\",\"position\":1,\"name\":\"Accueil\",\"item\":\"https:\/\/www.vmimixing.com\/fr\/\"},{\"@type\":\"ListItem\",\"position\":2,\"name\":\"Sant\u00e9 et chimie des sp\u00e9cialit\u00e9s\",\"item\":\"https:\/\/www.vmimixing.com\/fr\/sante-chimie-des-specialites\/\"},{\"@type\":\"ListItem\",\"position\":3,\"name\":\"Applications pour l\u2019industrie de la chimie des sp\u00e9cialit\u00e9s\"}]},{\"@type\":\"WebSite\",\"@id\":\"https:\/\/www.vmimixing.com\/#website\",\"url\":\"https:\/\/www.vmimixing.com\/\",\"name\":\"VMI - Fabrication d&#039;\u00e9quipements de m\u00e9lange\",\"description\":\"Conception, fabrication et installation de solution de m\u00e9lange\",\"publisher\":{\"@id\":\"https:\/\/www.vmimixing.com\/#organization\"},\"potentialAction\":[{\"@type\":\"SearchAction\",\"target\":{\"@type\":\"EntryPoint\",\"urlTemplate\":\"https:\/\/www.vmimixing.com\/?s={search_term_string}\"},\"query-input\":\"required name=search_term_string\"}],\"inLanguage\":\"fr-FR\"},{\"@type\":\"Organization\",\"@id\":\"https:\/\/www.vmimixing.com\/#organization\",\"name\":\"VMI - Fabrication d&#039;\u00e9quipements de m\u00e9lange\",\"url\":\"https:\/\/www.vmimixing.com\/\",\"logo\":{\"@type\":\"ImageObject\",\"inLanguage\":\"fr-FR\",\"@id\":\"https:\/\/www.vmimixing.com\/#\/schema\/logo\/image\/\",\"url\":\"https:\/\/www.vmimixing.com\/app\/uploads\/2025\/09\/VMI_logo_Strapline_RGB_June2025.png\",\"contentUrl\":\"https:\/\/www.vmimixing.com\/app\/uploads\/2025\/09\/VMI_logo_Strapline_RGB_June2025.png\",\"width\":2180,\"height\":650,\"caption\":\"VMI - Fabrication d&#039;\u00e9quipements de m\u00e9lange\"},\"image\":{\"@id\":\"https:\/\/www.vmimixing.com\/#\/schema\/logo\/image\/\"}}]}<\/script>\n<!-- \/ Yoast SEO plugin. -->","yoast_head_json":{"title":"Solutions de m\u00e9lange pour les industries de la chimie des sp\u00e9cialit\u00e9s","description":"Du m\u00e9langeur de paillasse aux syst\u00e8mes industrielles, d\u00e9couvrez des solutions fiables et performantes pour l'industrie de la chimie","robots":{"index":"index","follow":"follow","max-snippet":"max-snippet:-1","max-image-preview":"max-image-preview:large","max-video-preview":"max-video-preview:-1"},"canonical":"https:\/\/www.vmimixing.com\/fr\/sante-chimie-des-specialites\/applications-industrie-chimie-des-specialites\/","og_locale":"fr_FR","og_type":"article","og_title":"Solutions de m\u00e9lange pour les industries de la chimie des sp\u00e9cialit\u00e9s","og_description":"Du m\u00e9langeur de paillasse aux syst\u00e8mes industrielles, d\u00e9couvrez des solutions fiables et performantes pour l'industrie de la chimie","og_url":"https:\/\/www.vmimixing.com\/fr\/sante-chimie-des-specialites\/applications-industrie-chimie-des-specialites\/","og_site_name":"VMI - Fabrication d&#039;\u00e9quipements de m\u00e9lange","article_modified_time":"2021-10-15T09:33:41+00:00","og_image":[{"width":1617,"height":1080,"url":"https:\/\/www.vmimixing.com\/app\/uploads\/2021\/05\/C497_Corporate_Produits-finis_Rayneri_Tubes-de-test_Fotolia_125962874_Lv2.jpg","type":"image\/jpeg"}],"twitter_card":"summary_large_image","twitter_misc":{"Dur\u00e9e de lecture estim\u00e9e":"4 minutes"},"schema":{"@context":"https:\/\/schema.org","@graph":[{"@type":"WebPage","@id":"https:\/\/www.vmimixing.com\/fr\/sante-chimie-des-specialites\/applications-industrie-chimie-des-specialites\/","url":"https:\/\/www.vmimixing.com\/fr\/sante-chimie-des-specialites\/applications-industrie-chimie-des-specialites\/","name":"Solutions de m\u00e9lange pour les industries de la chimie des sp\u00e9cialit\u00e9s","isPartOf":{"@id":"https:\/\/www.vmimixing.com\/#website"},"datePublished":"2021-05-20T09:32:03+00:00","dateModified":"2021-10-15T09:33:41+00:00","description":"Du m\u00e9langeur de paillasse aux syst\u00e8mes industrielles, d\u00e9couvrez des solutions fiables et performantes pour l'industrie de la chimie","breadcrumb":{"@id":"https:\/\/www.vmimixing.com\/fr\/sante-chimie-des-specialites\/applications-industrie-chimie-des-specialites\/#breadcrumb"},"inLanguage":"fr-FR","potentialAction":[{"@type":"ReadAction","target":["https:\/\/www.vmimixing.com\/fr\/sante-chimie-des-specialites\/applications-industrie-chimie-des-specialites\/"]}]},{"@type":"BreadcrumbList","@id":"https:\/\/www.vmimixing.com\/fr\/sante-chimie-des-specialites\/applications-industrie-chimie-des-specialites\/#breadcrumb","itemListElement":[{"@type":"ListItem","position":1,"name":"Accueil","item":"https:\/\/www.vmimixing.com\/fr\/"},{"@type":"ListItem","position":2,"name":"Sant\u00e9 et chimie des sp\u00e9cialit\u00e9s","item":"https:\/\/www.vmimixing.com\/fr\/sante-chimie-des-specialites\/"},{"@type":"ListItem","position":3,"name":"Applications pour l\u2019industrie de la chimie des sp\u00e9cialit\u00e9s"}]},{"@type":"WebSite","@id":"https:\/\/www.vmimixing.com\/#website","url":"https:\/\/www.vmimixing.com\/","name":"VMI - Fabrication d&#039;\u00e9quipements de m\u00e9lange","description":"Conception, fabrication et installation de solution de m\u00e9lange","publisher":{"@id":"https:\/\/www.vmimixing.com\/#organization"},"potentialAction":[{"@type":"SearchAction","target":{"@type":"EntryPoint","urlTemplate":"https:\/\/www.vmimixing.com\/?s={search_term_string}"},"query-input":"required name=search_term_string"}],"inLanguage":"fr-FR"},{"@type":"Organization","@id":"https:\/\/www.vmimixing.com\/#organization","name":"VMI - Fabrication d&#039;\u00e9quipements de m\u00e9lange","url":"https:\/\/www.vmimixing.com\/","logo":{"@type":"ImageObject","inLanguage":"fr-FR","@id":"https:\/\/www.vmimixing.com\/#\/schema\/logo\/image\/","url":"https:\/\/www.vmimixing.com\/app\/uploads\/2025\/09\/VMI_logo_Strapline_RGB_June2025.png","contentUrl":"https:\/\/www.vmimixing.com\/app\/uploads\/2025\/09\/VMI_logo_Strapline_RGB_June2025.png","width":2180,"height":650,"caption":"VMI - Fabrication d&#039;\u00e9quipements de m\u00e9lange"},"image":{"@id":"https:\/\/www.vmimixing.com\/#\/schema\/logo\/image\/"}}]}},"_links":{"self":[{"href":"https:\/\/www.vmimixing.com\/fr\/wp-json\/wp\/v2\/pages\/100605"}],"collection":[{"href":"https:\/\/www.vmimixing.com\/fr\/wp-json\/wp\/v2\/pages"}],"about":[{"href":"https:\/\/www.vmimixing.com\/fr\/wp-json\/wp\/v2\/types\/page"}],"author":[{"embeddable":true,"href":"https:\/\/www.vmimixing.com\/fr\/wp-json\/wp\/v2\/users\/2"}],"replies":[{"embeddable":true,"href":"https:\/\/www.vmimixing.com\/fr\/wp-json\/wp\/v2\/comments?post=100605"}],"version-history":[{"count":17,"href":"https:\/\/www.vmimixing.com\/fr\/wp-json\/wp\/v2\/pages\/100605\/revisions"}],"predecessor-version":[{"id":109088,"href":"https:\/\/www.vmimixing.com\/fr\/wp-json\/wp\/v2\/pages\/100605\/revisions\/109088"}],"up":[{"embeddable":true,"href":"https:\/\/www.vmimixing.com\/fr\/wp-json\/wp\/v2\/pages\/13"}],"wp:featuredmedia":[{"embeddable":true,"href":"https:\/\/www.vmimixing.com\/fr\/wp-json\/wp\/v2\/media\/99972"}],"wp:attachment":[{"href":"https:\/\/www.vmimixing.com\/fr\/wp-json\/wp\/v2\/media?parent=100605"}],"curies":[{"name":"wp","href":"https:\/\/api.w.org\/{rel}","templated":true}]}}