{"id":109643,"date":"2022-02-25T09:23:57","date_gmt":"2022-02-25T08:23:57","guid":{"rendered":"https:\/\/www.vmimixing.com\/?page_id=109643"},"modified":"2026-02-04T13:58:59","modified_gmt":"2026-02-04T12:58:59","slug":"index-de-legalite-professionnelle-annee-2024","status":"publish","type":"page","link":"https:\/\/www.vmimixing.com\/fr\/index-de-legalite-professionnelle-annee-2024\/","title":{"rendered":"Index de l&rsquo;\u00e9galit\u00e9 professionnelle &#8211; Ann\u00e9e 2025"},"content":{"rendered":"\n<p>La d\u00e9claration de l\u2019index de l\u2019\u00e9galit\u00e9 professionnelle entre les femmes et les hommes est calculable pour l\u2019ann\u00e9e 2026 au titre des donn\u00e9es 2025.<\/p>\n\n\n\n<p><strong>VMI a obtenu la note de 85\/100 !<\/strong><\/p>\n\n\n\n<ul><li>L\u2019indicateur <em>relatif \u00e0 l\u2019\u00e9cart de r\u00e9mun\u00e9ration<\/em>, obtient un score de 40 points sur 40. <\/li><li>L\u2019indicateur <em>relatif \u00e0 l\u2019\u00e9cart de taux d\u2019augmentations individuelles<\/em>, obtient 25 sur 35 points. L&rsquo;\u00e9cart est en faveur de la population f\u00e9minine. <\/li><li>L\u2019indicateur <em>relatif au pourcentage de salari\u00e9es ayant b\u00e9n\u00e9fici\u00e9 d\u2019une augmentation au retour de cong\u00e9 maternit\u00e9,<\/em> obtient la note de 15 points sur 15.<\/li><li>L\u2019indicateur <em>relatif au nombre de salari\u00e9s du sexe sous-repr\u00e9sent\u00e9 parmi les 10 salari\u00e9s ayant per\u00e7u les plus hautes r\u00e9mun\u00e9rations<\/em>, obtient 5 points sur 10.<\/li><\/ul>\n\n\n\n<div class=\"wp-container-5 wp-block-columns\">\n<div class=\"wp-container-2 wp-block-column\">\n<div class=\"wp-container-1 wp-block-buttons\">\n<div class=\"wp-block-button is-style-vmi-button\"><a class=\"wp-block-button__link\" href=\"https:\/\/www.vmimixing.com\/fr\/actualites\/\">Consulter nos actualit\u00e9s<\/a><\/div>\n<\/div>\n<\/div>\n\n\n\n<div class=\"wp-container-4 wp-block-column\">\n<div class=\"wp-container-3 wp-block-buttons\">\n<div class=\"wp-block-button is-style-vmi-button\"><a class=\"wp-block-button__link\" href=\"https:\/\/www.vmimixing.com\/fr\/\">Revenir \u00e0 la page d&rsquo;accueil<\/a><\/div>\n<\/div>\n<\/div>\n<\/div>\n","protected":false},"excerpt":{"rendered":"<p>La d\u00e9claration de l\u2019index de l\u2019\u00e9galit\u00e9 professionnelle entre les femmes et les hommes est calculable pour l\u2019ann\u00e9e 2026 au titre des donn\u00e9es 2025. VMI a obtenu la note de 85\/100 [&hellip;]<\/p>\n","protected":false},"author":14,"featured_media":0,"parent":0,"menu_order":96,"comment_status":"closed","ping_status":"closed","template":"","meta":{"page_sector":"-"},"yoast_head":"<!-- This site is optimized with the Yoast SEO plugin v19.9 - https:\/\/yoast.com\/wordpress\/plugins\/seo\/ -->\n<title>index de l&#039;\u00e9galit\u00e9 professionnelle<\/title>\n<meta name=\"description\" content=\"D\u00e9couvrez les indicateurs cl\u00e9s des performances de VMI au sujet de l&#039;\u00e9galit\u00e9 professionnelle, pour l&#039;ann\u00e9e 2023\" \/>\n<meta name=\"robots\" content=\"noindex, nofollow\" \/>\n<meta property=\"og:locale\" content=\"fr_FR\" \/>\n<meta property=\"og:type\" content=\"article\" \/>\n<meta property=\"og:title\" content=\"index de l&#039;\u00e9galit\u00e9 professionnelle\" \/>\n<meta property=\"og:description\" content=\"D\u00e9couvrez les indicateurs cl\u00e9s des performances de VMI au sujet de l&#039;\u00e9galit\u00e9 professionnelle, pour l&#039;ann\u00e9e 2023\" \/>\n<meta property=\"og:url\" content=\"https:\/\/www.vmimixing.com\/fr\/index-de-legalite-professionnelle-annee-2024\/\" \/>\n<meta property=\"og:site_name\" content=\"VMI - Fabrication d&#039;\u00e9quipements de m\u00e9lange\" \/>\n<meta property=\"article:modified_time\" content=\"2026-02-04T12:58:59+00:00\" \/>\n<meta name=\"twitter:card\" content=\"summary_large_image\" \/>\n<meta name=\"twitter:label1\" content=\"Dur\u00e9e de lecture estim\u00e9e\" \/>\n\t<meta name=\"twitter:data1\" content=\"1 minute\" \/>\n<script type=\"application\/ld+json\" class=\"yoast-schema-graph\">{\"@context\":\"https:\/\/schema.org\",\"@graph\":[{\"@type\":\"WebPage\",\"@id\":\"https:\/\/www.vmimixing.com\/fr\/index-de-legalite-professionnelle-annee-2024\/\",\"url\":\"https:\/\/www.vmimixing.com\/fr\/index-de-legalite-professionnelle-annee-2024\/\",\"name\":\"index de l'\u00e9galit\u00e9 professionnelle\",\"isPartOf\":{\"@id\":\"https:\/\/www.vmimixing.com\/#website\"},\"datePublished\":\"2022-02-25T08:23:57+00:00\",\"dateModified\":\"2026-02-04T12:58:59+00:00\",\"description\":\"D\u00e9couvrez les indicateurs cl\u00e9s des performances de VMI au sujet de l'\u00e9galit\u00e9 professionnelle, pour l'ann\u00e9e 2023\",\"breadcrumb\":{\"@id\":\"https:\/\/www.vmimixing.com\/fr\/index-de-legalite-professionnelle-annee-2024\/#breadcrumb\"},\"inLanguage\":\"fr-FR\",\"potentialAction\":[{\"@type\":\"ReadAction\",\"target\":[\"https:\/\/www.vmimixing.com\/fr\/index-de-legalite-professionnelle-annee-2024\/\"]}]},{\"@type\":\"BreadcrumbList\",\"@id\":\"https:\/\/www.vmimixing.com\/fr\/index-de-legalite-professionnelle-annee-2024\/#breadcrumb\",\"itemListElement\":[{\"@type\":\"ListItem\",\"position\":1,\"name\":\"Accueil\",\"item\":\"https:\/\/www.vmimixing.com\/fr\/\"},{\"@type\":\"ListItem\",\"position\":2,\"name\":\"Index de l&#8217;\u00e9galit\u00e9 professionnelle &#8211; Ann\u00e9e 2025\"}]},{\"@type\":\"WebSite\",\"@id\":\"https:\/\/www.vmimixing.com\/#website\",\"url\":\"https:\/\/www.vmimixing.com\/\",\"name\":\"VMI - Fabrication d&#039;\u00e9quipements de m\u00e9lange\",\"description\":\"Conception, fabrication et installation de solution de m\u00e9lange\",\"publisher\":{\"@id\":\"https:\/\/www.vmimixing.com\/#organization\"},\"potentialAction\":[{\"@type\":\"SearchAction\",\"target\":{\"@type\":\"EntryPoint\",\"urlTemplate\":\"https:\/\/www.vmimixing.com\/?s={search_term_string}\"},\"query-input\":\"required name=search_term_string\"}],\"inLanguage\":\"fr-FR\"},{\"@type\":\"Organization\",\"@id\":\"https:\/\/www.vmimixing.com\/#organization\",\"name\":\"VMI - Fabrication d&#039;\u00e9quipements de m\u00e9lange\",\"url\":\"https:\/\/www.vmimixing.com\/\",\"logo\":{\"@type\":\"ImageObject\",\"inLanguage\":\"fr-FR\",\"@id\":\"https:\/\/www.vmimixing.com\/#\/schema\/logo\/image\/\",\"url\":\"https:\/\/www.vmimixing.com\/app\/uploads\/2025\/09\/VMI_logo_Strapline_RGB_June2025.png\",\"contentUrl\":\"https:\/\/www.vmimixing.com\/app\/uploads\/2025\/09\/VMI_logo_Strapline_RGB_June2025.png\",\"width\":2180,\"height\":650,\"caption\":\"VMI - Fabrication d&#039;\u00e9quipements de m\u00e9lange\"},\"image\":{\"@id\":\"https:\/\/www.vmimixing.com\/#\/schema\/logo\/image\/\"}}]}<\/script>\n<!-- \/ Yoast SEO plugin. -->","yoast_head_json":{"title":"index de l'\u00e9galit\u00e9 professionnelle","description":"D\u00e9couvrez les indicateurs cl\u00e9s des performances de VMI au sujet de l'\u00e9galit\u00e9 professionnelle, pour l'ann\u00e9e 2023","robots":{"index":"noindex","follow":"nofollow"},"og_locale":"fr_FR","og_type":"article","og_title":"index de l'\u00e9galit\u00e9 professionnelle","og_description":"D\u00e9couvrez les indicateurs cl\u00e9s des performances de VMI au sujet de l'\u00e9galit\u00e9 professionnelle, pour l'ann\u00e9e 2023","og_url":"https:\/\/www.vmimixing.com\/fr\/index-de-legalite-professionnelle-annee-2024\/","og_site_name":"VMI - Fabrication d&#039;\u00e9quipements de m\u00e9lange","article_modified_time":"2026-02-04T12:58:59+00:00","twitter_card":"summary_large_image","twitter_misc":{"Dur\u00e9e de lecture estim\u00e9e":"1 minute"},"schema":{"@context":"https:\/\/schema.org","@graph":[{"@type":"WebPage","@id":"https:\/\/www.vmimixing.com\/fr\/index-de-legalite-professionnelle-annee-2024\/","url":"https:\/\/www.vmimixing.com\/fr\/index-de-legalite-professionnelle-annee-2024\/","name":"index de l'\u00e9galit\u00e9 professionnelle","isPartOf":{"@id":"https:\/\/www.vmimixing.com\/#website"},"datePublished":"2022-02-25T08:23:57+00:00","dateModified":"2026-02-04T12:58:59+00:00","description":"D\u00e9couvrez les indicateurs cl\u00e9s des performances de VMI au sujet de l'\u00e9galit\u00e9 professionnelle, pour l'ann\u00e9e 2023","breadcrumb":{"@id":"https:\/\/www.vmimixing.com\/fr\/index-de-legalite-professionnelle-annee-2024\/#breadcrumb"},"inLanguage":"fr-FR","potentialAction":[{"@type":"ReadAction","target":["https:\/\/www.vmimixing.com\/fr\/index-de-legalite-professionnelle-annee-2024\/"]}]},{"@type":"BreadcrumbList","@id":"https:\/\/www.vmimixing.com\/fr\/index-de-legalite-professionnelle-annee-2024\/#breadcrumb","itemListElement":[{"@type":"ListItem","position":1,"name":"Accueil","item":"https:\/\/www.vmimixing.com\/fr\/"},{"@type":"ListItem","position":2,"name":"Index de l&#8217;\u00e9galit\u00e9 professionnelle &#8211; Ann\u00e9e 2025"}]},{"@type":"WebSite","@id":"https:\/\/www.vmimixing.com\/#website","url":"https:\/\/www.vmimixing.com\/","name":"VMI - Fabrication d&#039;\u00e9quipements de m\u00e9lange","description":"Conception, fabrication et installation de solution de m\u00e9lange","publisher":{"@id":"https:\/\/www.vmimixing.com\/#organization"},"potentialAction":[{"@type":"SearchAction","target":{"@type":"EntryPoint","urlTemplate":"https:\/\/www.vmimixing.com\/?s={search_term_string}"},"query-input":"required name=search_term_string"}],"inLanguage":"fr-FR"},{"@type":"Organization","@id":"https:\/\/www.vmimixing.com\/#organization","name":"VMI - Fabrication d&#039;\u00e9quipements de m\u00e9lange","url":"https:\/\/www.vmimixing.com\/","logo":{"@type":"ImageObject","inLanguage":"fr-FR","@id":"https:\/\/www.vmimixing.com\/#\/schema\/logo\/image\/","url":"https:\/\/www.vmimixing.com\/app\/uploads\/2025\/09\/VMI_logo_Strapline_RGB_June2025.png","contentUrl":"https:\/\/www.vmimixing.com\/app\/uploads\/2025\/09\/VMI_logo_Strapline_RGB_June2025.png","width":2180,"height":650,"caption":"VMI - Fabrication d&#039;\u00e9quipements de m\u00e9lange"},"image":{"@id":"https:\/\/www.vmimixing.com\/#\/schema\/logo\/image\/"}}]}},"_links":{"self":[{"href":"https:\/\/www.vmimixing.com\/fr\/wp-json\/wp\/v2\/pages\/109643"}],"collection":[{"href":"https:\/\/www.vmimixing.com\/fr\/wp-json\/wp\/v2\/pages"}],"about":[{"href":"https:\/\/www.vmimixing.com\/fr\/wp-json\/wp\/v2\/types\/page"}],"author":[{"embeddable":true,"href":"https:\/\/www.vmimixing.com\/fr\/wp-json\/wp\/v2\/users\/14"}],"replies":[{"embeddable":true,"href":"https:\/\/www.vmimixing.com\/fr\/wp-json\/wp\/v2\/comments?post=109643"}],"version-history":[{"count":9,"href":"https:\/\/www.vmimixing.com\/fr\/wp-json\/wp\/v2\/pages\/109643\/revisions"}],"predecessor-version":[{"id":113638,"href":"https:\/\/www.vmimixing.com\/fr\/wp-json\/wp\/v2\/pages\/109643\/revisions\/113638"}],"wp:attachment":[{"href":"https:\/\/www.vmimixing.com\/fr\/wp-json\/wp\/v2\/media?parent=109643"}],"curies":[{"name":"wp","href":"https:\/\/api.w.org\/{rel}","templated":true}]}}