{"id":112053,"date":"2023-12-21T11:10:04","date_gmt":"2023-12-21T10:10:04","guid":{"rendered":"https:\/\/www.vmimixing.com\/?page_id=112053"},"modified":"2024-01-19T18:25:30","modified_gmt":"2024-01-19T17:25:30","slug":"jeu-concours-vmi-le-partenaire-des-champions","status":"publish","type":"page","link":"https:\/\/www.vmimixing.com\/fr\/jeu-concours-vmi-le-partenaire-des-champions\/","title":{"rendered":"Jeu concours : VMI, le partenaire des champions"},"content":{"rendered":"\n<p>Dans l&rsquo;univers du sport comme dans votre fournil, la performance, les d\u00e9fis et le challenge sont au c\u0153ur de l&rsquo;action. <strong>Pr\u00eat \u00e0 relever notre d\u00e9fi &#8211; VMI, le partenaire des champions<\/strong>? <\/p>\n\n\n\n<p>VMI vous offre la possibilit\u00e9 de remporter des places exclusives et vibrer au rythme d&rsquo;une comp\u00e9tition sportive qui s&rsquo;annonce \u00e9pique.<\/p>\n\n\n\n<div class=\"wp-container-3 wp-block-columns are-vertically-aligned-center\">\n<div class=\"wp-container-1 wp-block-column is-vertically-aligned-center\" style=\"flex-basis:33.33%\">\n<figure class=\"wp-block-image size-full\"><img loading=\"lazy\" width=\"400\" height=\"400\" src=\"https:\/\/www.vmimixing.com\/app\/uploads\/2024\/01\/Prenez-une-photo-dun-equiment-VMI-Publiez-la-sur-les-reseaux-Tentez-de-gagner-un-lot-exceptionnel-1.jpg\" alt=\"\" class=\"wp-image-112094\" srcset=\"https:\/\/www.vmimixing.com\/app\/uploads\/2024\/01\/Prenez-une-photo-dun-equiment-VMI-Publiez-la-sur-les-reseaux-Tentez-de-gagner-un-lot-exceptionnel-1.jpg 400w, https:\/\/www.vmimixing.com\/app\/uploads\/2024\/01\/Prenez-une-photo-dun-equiment-VMI-Publiez-la-sur-les-reseaux-Tentez-de-gagner-un-lot-exceptionnel-1-80x80-c-default.jpg 80w, https:\/\/www.vmimixing.com\/app\/uploads\/2024\/01\/Prenez-une-photo-dun-equiment-VMI-Publiez-la-sur-les-reseaux-Tentez-de-gagner-un-lot-exceptionnel-1-150x150-c-default.jpg 150w, https:\/\/www.vmimixing.com\/app\/uploads\/2024\/01\/Prenez-une-photo-dun-equiment-VMI-Publiez-la-sur-les-reseaux-Tentez-de-gagner-un-lot-exceptionnel-1-700x0-c-default.jpg 700w, https:\/\/www.vmimixing.com\/app\/uploads\/2024\/01\/Prenez-une-photo-dun-equiment-VMI-Publiez-la-sur-les-reseaux-Tentez-de-gagner-un-lot-exceptionnel-1-1100x1100-c-default.jpg 1100w, https:\/\/www.vmimixing.com\/app\/uploads\/2024\/01\/Prenez-une-photo-dun-equiment-VMI-Publiez-la-sur-les-reseaux-Tentez-de-gagner-un-lot-exceptionnel-1-50x50-c-default.jpg 50w, https:\/\/www.vmimixing.com\/app\/uploads\/2024\/01\/Prenez-une-photo-dun-equiment-VMI-Publiez-la-sur-les-reseaux-Tentez-de-gagner-un-lot-exceptionnel-1-576x0-c-default.jpg 576w, https:\/\/www.vmimixing.com\/app\/uploads\/2024\/01\/Prenez-une-photo-dun-equiment-VMI-Publiez-la-sur-les-reseaux-Tentez-de-gagner-un-lot-exceptionnel-1-460x0-c-default.jpg 460w, https:\/\/www.vmimixing.com\/app\/uploads\/2024\/01\/Prenez-une-photo-dun-equiment-VMI-Publiez-la-sur-les-reseaux-Tentez-de-gagner-un-lot-exceptionnel-1-156x156-c-default.jpg 156w, https:\/\/www.vmimixing.com\/app\/uploads\/2024\/01\/Prenez-une-photo-dun-equiment-VMI-Publiez-la-sur-les-reseaux-Tentez-de-gagner-un-lot-exceptionnel-1-310x0-c-default.jpg 310w\" sizes=\"(max-width: 400px) 100vw, 400px\" \/><\/figure>\n<\/div>\n\n\n\n<div class=\"wp-container-2 wp-block-column is-vertically-aligned-center\" style=\"flex-basis:66.66%\">\n<h3 class=\"has-main-blue-color has-text-color\">Pour participer, c&rsquo;est tr\u00e8s simple :<\/h3>\n\n\n\n<ul><li>Prenez <strong>une photo d&rsquo;un \u00e9quipement VMI<\/strong> : dans votre fournil, sur un salon, dans un showroom&#8230; l&rsquo;\u00e9quipement doit \u00eatre propre, en bon \u00e9tat avec le logo visible.<\/li><li><strong>Partagez-la sur vos r\u00e9seaux sociaux<\/strong> : Instagram | Facebook | Linkedin. Vous pouvez indiquer le message \u00ab\u00a0Je partage une photo de mon p\u00e9trin\/batteur VMI et participe au concours<em> VMI, le partenaire des champions<\/em>\u00a0\u00bb <\/li><li><strong>Taguez <\/strong>la page VMI MIXING SOLUTIONS et <strong>suivez <\/strong>nous !<\/li><li>Multipliez vos chances en publiant plusieurs photos &#8211; jusqu&rsquo;\u00e0 5 participations possibles ! <\/li><\/ul>\n\n\n\n<div class=\"wp-block-vmi-icon-with-text\"><div class=\"svg-icon has-null-color\"><svg class=\"sprite-icon icon-youtube\" aria-hidden=\"true\">\n    <use xlink:href=\"https:\/\/www.vmimixing.com\/app\/themes\/vmiv2-theme\/public\/icons\/sprite-icon.svg#icon-youtube\"><\/use>\n<\/svg><\/div><p class=\"content\">Consultez notre <strong><a href=\"https:\/\/www.youtube.com\/watch?v=YCImp4ycjUI\" target=\"_blank\" rel=\"noreferrer noopener\">tutoriel vid\u00e9o<\/a> <\/strong>pour savoir comment participer<\/p><\/div>\n\n\n\n<p>Nos r\u00e9seaux sociaux :<\/p>\n\n\n\n<div class=\"wp-block-vmi-icon-with-text\"><div class=\"svg-icon has-null-color\"><svg class=\"sprite-icon icon-instagram\" aria-hidden=\"true\">\n    <use xlink:href=\"https:\/\/www.vmimixing.com\/app\/themes\/vmiv2-theme\/public\/icons\/sprite-icon.svg#icon-instagram\"><\/use>\n<\/svg><\/div><p class=\"content\"><a href=\"https:\/\/www.instagram.com\/vmimixing\/\" target=\"_blank\" rel=\"noreferrer noopener\">https:\/\/www.instagram.com\/vmimixing\/ <\/a><\/p><\/div>\n\n\n\n<div class=\"wp-block-vmi-icon-with-text\"><div class=\"svg-icon has-null-color\"><svg class=\"sprite-icon icon-facebook\" aria-hidden=\"true\">\n    <use xlink:href=\"https:\/\/www.vmimixing.com\/app\/themes\/vmiv2-theme\/public\/icons\/sprite-icon.svg#icon-facebook\"><\/use>\n<\/svg><\/div><p class=\"content\"><a href=\"https:\/\/www.facebook.com\/vmi.mixing.solutions\" target=\"_blank\" rel=\"noreferrer noopener\">https:\/\/www.facebook.com\/vmi.mixing.solutions <\/a><\/p><\/div>\n\n\n\n<div class=\"wp-block-vmi-icon-with-text\"><div class=\"svg-icon has-null-color\"><svg class=\"sprite-icon icon-linkedin\" aria-hidden=\"true\">\n    <use xlink:href=\"https:\/\/www.vmimixing.com\/app\/themes\/vmiv2-theme\/public\/icons\/sprite-icon.svg#icon-linkedin\"><\/use>\n<\/svg><\/div><p class=\"content\"><a href=\"https:\/\/www.linkedin.com\/company\/vmi-mixing-solutions\" target=\"_blank\" rel=\"noreferrer noopener\">https:\/\/www.linkedin.com\/company\/vmi-mixing-solutions<\/a><\/p><\/div>\n<\/div>\n<\/div>\n\n\n\n<p>Vous pouvez participer du <strong>21 janvier au 31 mai 2024.<\/strong> Un tirage au sort sera effectu\u00e9 pour d\u00e9signer les <strong>3 vainqueurs <\/strong>qui gagneront un package unique : 2 places pour assister \u00e0 une \u00e9preuve sensationnelle \u00e0 Paris, avec un forfait repas et une nuit d&rsquo;h\u00f4tel. <\/p>\n\n\n<div class=\"wp-block-image\">\n<figure class=\"aligncenter size-full\"><img loading=\"lazy\" width=\"800\" height=\"200\" src=\"https:\/\/www.vmimixing.com\/app\/uploads\/2024\/01\/Design-sans-titre.png\" alt=\"\" class=\"wp-image-112091\" srcset=\"https:\/\/www.vmimixing.com\/app\/uploads\/2024\/01\/Design-sans-titre.png 800w, https:\/\/www.vmimixing.com\/app\/uploads\/2024\/01\/Design-sans-titre-700x0-c-default.png 700w, https:\/\/www.vmimixing.com\/app\/uploads\/2024\/01\/Design-sans-titre-576x0-c-default.png 576w, https:\/\/www.vmimixing.com\/app\/uploads\/2024\/01\/Design-sans-titre-460x0-c-default.png 460w, https:\/\/www.vmimixing.com\/app\/uploads\/2024\/01\/Design-sans-titre-310x0-c-default.png 310w\" sizes=\"(max-width: 800px) 100vw, 800px\" \/><\/figure><\/div>\n\n\n<h2 class=\"has-text-align-center has-main-blue-color has-text-color\">D\u00e9couvrez les lots<\/h2>\n\n\n\n<div class=\"wp-container-6 wp-block-columns has-extra-light-gray-color has-main-blue-background-color has-text-color has-background\">\n<div class=\"wp-container-4 wp-block-column is-vertically-aligned-center\" style=\"flex-basis:33.33%\">\n<p>Chaque lot comprend<strong>&nbsp;2 places<\/strong>&nbsp;pour assister \u00e0 l\u2019\u00e9preuve ainsi qu\u2019une nuit d\u2019h\u00f4tel et un package restauration*<\/p>\n<\/div>\n\n\n\n<div class=\"wp-container-5 wp-block-column is-vertically-aligned-center\" style=\"flex-basis:66.66%\">\n<ul><li>Escrime, Hommes, Sabre &#8211; Grand Palais le 31\/07\/2024<br>Places cat\u00e9gorie A \u2013 Menu international pr\u00e9par\u00e9 par un chef et boissons<br>H\u00f4tel : Elys\u00e9e Secret **** (2 lots)<\/li><li><\/li><li>Beach Volley \u2013 3 matchs de poule &#8211; Tour Eiffel le 31\/07\/2024<br>Places cat\u00e9gorie A \u2013 Menu international pr\u00e9par\u00e9 par un chef et boissons<br>H\u00f4tel : Eiffel Seine *** ( 1 lot)<\/li><li><\/li><li>Athl\u00e9tisme soir\u00e9e sur la session de finale &#8211; Stade de France le 03\/08\/2024<br>Places cat\u00e9gorie C \u2013 restauration moderne et boissons<br>H\u00f4tel : The Remix Hotel **** ( 1 lot )<\/li><li><\/li><li>Para natation \u2013 finales &#8211; Paris la D\u00e9fense Arena le 30\/08\/2024<br>Places cat\u00e9gorie C \u2013 snacking et fan kit<br>H\u00f4tel : Pullman Hotel la D\u00e9fense Arena<strong>*<\/strong>**** (2 lots)<\/li><\/ul>\n<\/div>\n<\/div>\n\n\n\n<div class=\"wp-container-11 wp-block-columns\">\n<div class=\"wp-container-8 wp-block-column\">\n<div class=\"wp-container-7 wp-block-buttons\">\n<div class=\"wp-block-button aligncenter is-style-vmi-button\"><a class=\"wp-block-button__link\" href=\"mailto: communication@vmi.fr\">Contactez VMI pour plus d&rsquo;informations<\/a><\/div>\n<\/div>\n<\/div>\n\n\n\n<div class=\"wp-container-10 wp-block-column\">\n<div class=\"wp-container-9 wp-block-buttons\">\n<div class=\"wp-block-button aligncenter is-style-vmi-button\"><a class=\"wp-block-button__link\" href=\"https:\/\/www.vmimixing.com\/app\/uploads\/2024\/01\/Reglement_Jeu-concours_VMI_Reseaux.pdf\" target=\"_blank\" rel=\"noreferrer noopener\">Consultez le r\u00e8glement du concours<\/a><\/div>\n<\/div>\n<\/div>\n<\/div>\n\n\n\n<p class=\"has-small-font-size\">*VMI n\u2019est pas partenaire officiel des Jeux Olympiques ou Paralympiques, ne pr\u00e9tend pas l&rsquo;\u00eatre, et ce concours est organis\u00e9 ind\u00e9pendamment de tout partenariat avec le Comit\u00e9 International Olympique ou tout autre organisme olympique. Les places offertes sont un simple lot, et ce concours n&rsquo;implique aucune affiliation officielle avec les Jeux Olympiques.<\/p>\n","protected":false},"excerpt":{"rendered":"<p>Dans l&rsquo;univers du sport comme dans votre fournil, la performance, les d\u00e9fis et le challenge sont au c\u0153ur de l&rsquo;action. Pr\u00eat \u00e0 relever notre d\u00e9fi &#8211; VMI, le partenaire des [&hellip;]<\/p>\n","protected":false},"author":14,"featured_media":0,"parent":0,"menu_order":5,"comment_status":"closed","ping_status":"closed","template":"","meta":{"page_sector":"-"},"yoast_head":"<!-- This site is optimized with the Yoast SEO plugin v19.9 - https:\/\/yoast.com\/wordpress\/plugins\/seo\/ -->\n<title>Jeu concours : VMI, le partenaire des champions - VMI - Fabrication d&#039;\u00e9quipements de m\u00e9lange<\/title>\n<meta name=\"description\" content=\"VMI accompagne les boulangers pour atteindre leur meilleure performance et relevez tous leurs d\u00e9fis.\" \/>\n<meta name=\"robots\" content=\"noindex, nofollow\" \/>\n<meta property=\"og:locale\" content=\"fr_FR\" \/>\n<meta property=\"og:type\" content=\"article\" \/>\n<meta property=\"og:title\" content=\"Jeu concours : VMI, le partenaire des champions - VMI - Fabrication d&#039;\u00e9quipements de m\u00e9lange\" \/>\n<meta property=\"og:description\" content=\"VMI accompagne les boulangers pour atteindre leur meilleure performance et relevez tous leurs d\u00e9fis.\" \/>\n<meta property=\"og:url\" content=\"https:\/\/www.vmimixing.com\/fr\/jeu-concours-vmi-le-partenaire-des-champions\/\" \/>\n<meta property=\"og:site_name\" content=\"VMI - Fabrication d&#039;\u00e9quipements de m\u00e9lange\" \/>\n<meta property=\"article:modified_time\" content=\"2024-01-19T17:25:30+00:00\" \/>\n<meta property=\"og:image\" content=\"https:\/\/www.vmimixing.com\/app\/uploads\/2024\/01\/Prenez-une-photo-dun-equiment-VMI-Publiez-la-sur-les-reseaux-Tentez-de-gagner-un-lot-exceptionnel-1.jpg\" \/>\n<meta name=\"twitter:card\" content=\"summary_large_image\" \/>\n<meta name=\"twitter:label1\" content=\"Dur\u00e9e de lecture estim\u00e9e\" \/>\n\t<meta name=\"twitter:data1\" content=\"3 minutes\" \/>\n<script type=\"application\/ld+json\" class=\"yoast-schema-graph\">{\"@context\":\"https:\/\/schema.org\",\"@graph\":[{\"@type\":\"WebPage\",\"@id\":\"https:\/\/www.vmimixing.com\/fr\/jeu-concours-vmi-le-partenaire-des-champions\/\",\"url\":\"https:\/\/www.vmimixing.com\/fr\/jeu-concours-vmi-le-partenaire-des-champions\/\",\"name\":\"Jeu concours : VMI, le partenaire des champions - VMI - Fabrication d&#039;\u00e9quipements de m\u00e9lange\",\"isPartOf\":{\"@id\":\"https:\/\/www.vmimixing.com\/#website\"},\"datePublished\":\"2023-12-21T10:10:04+00:00\",\"dateModified\":\"2024-01-19T17:25:30+00:00\",\"description\":\"VMI accompagne les boulangers pour atteindre leur meilleure performance et relevez tous leurs d\u00e9fis.\",\"breadcrumb\":{\"@id\":\"https:\/\/www.vmimixing.com\/fr\/jeu-concours-vmi-le-partenaire-des-champions\/#breadcrumb\"},\"inLanguage\":\"fr-FR\",\"potentialAction\":[{\"@type\":\"ReadAction\",\"target\":[\"https:\/\/www.vmimixing.com\/fr\/jeu-concours-vmi-le-partenaire-des-champions\/\"]}]},{\"@type\":\"BreadcrumbList\",\"@id\":\"https:\/\/www.vmimixing.com\/fr\/jeu-concours-vmi-le-partenaire-des-champions\/#breadcrumb\",\"itemListElement\":[{\"@type\":\"ListItem\",\"position\":1,\"name\":\"Accueil\",\"item\":\"https:\/\/www.vmimixing.com\/fr\/\"},{\"@type\":\"ListItem\",\"position\":2,\"name\":\"Jeu concours : VMI, le partenaire des champions\"}]},{\"@type\":\"WebSite\",\"@id\":\"https:\/\/www.vmimixing.com\/#website\",\"url\":\"https:\/\/www.vmimixing.com\/\",\"name\":\"VMI - Fabrication d&#039;\u00e9quipements de m\u00e9lange\",\"description\":\"Conception, fabrication et installation de solution de m\u00e9lange\",\"publisher\":{\"@id\":\"https:\/\/www.vmimixing.com\/#organization\"},\"potentialAction\":[{\"@type\":\"SearchAction\",\"target\":{\"@type\":\"EntryPoint\",\"urlTemplate\":\"https:\/\/www.vmimixing.com\/?s={search_term_string}\"},\"query-input\":\"required name=search_term_string\"}],\"inLanguage\":\"fr-FR\"},{\"@type\":\"Organization\",\"@id\":\"https:\/\/www.vmimixing.com\/#organization\",\"name\":\"VMI - Fabrication d&#039;\u00e9quipements de m\u00e9lange\",\"url\":\"https:\/\/www.vmimixing.com\/\",\"logo\":{\"@type\":\"ImageObject\",\"inLanguage\":\"fr-FR\",\"@id\":\"https:\/\/www.vmimixing.com\/#\/schema\/logo\/image\/\",\"url\":\"https:\/\/www.vmimixing.com\/app\/uploads\/2025\/09\/VMI_logo_Strapline_RGB_June2025.png\",\"contentUrl\":\"https:\/\/www.vmimixing.com\/app\/uploads\/2025\/09\/VMI_logo_Strapline_RGB_June2025.png\",\"width\":2180,\"height\":650,\"caption\":\"VMI - Fabrication d&#039;\u00e9quipements de m\u00e9lange\"},\"image\":{\"@id\":\"https:\/\/www.vmimixing.com\/#\/schema\/logo\/image\/\"}}]}<\/script>\n<!-- \/ Yoast SEO plugin. -->","yoast_head_json":{"title":"Jeu concours : VMI, le partenaire des champions - VMI - Fabrication d&#039;\u00e9quipements de m\u00e9lange","description":"VMI accompagne les boulangers pour atteindre leur meilleure performance et relevez tous leurs d\u00e9fis.","robots":{"index":"noindex","follow":"nofollow"},"og_locale":"fr_FR","og_type":"article","og_title":"Jeu concours : VMI, le partenaire des champions - VMI - Fabrication d&#039;\u00e9quipements de m\u00e9lange","og_description":"VMI accompagne les boulangers pour atteindre leur meilleure performance et relevez tous leurs d\u00e9fis.","og_url":"https:\/\/www.vmimixing.com\/fr\/jeu-concours-vmi-le-partenaire-des-champions\/","og_site_name":"VMI - Fabrication d&#039;\u00e9quipements de m\u00e9lange","article_modified_time":"2024-01-19T17:25:30+00:00","og_image":[{"url":"https:\/\/www.vmimixing.com\/app\/uploads\/2024\/01\/Prenez-une-photo-dun-equiment-VMI-Publiez-la-sur-les-reseaux-Tentez-de-gagner-un-lot-exceptionnel-1.jpg"}],"twitter_card":"summary_large_image","twitter_misc":{"Dur\u00e9e de lecture estim\u00e9e":"3 minutes"},"schema":{"@context":"https:\/\/schema.org","@graph":[{"@type":"WebPage","@id":"https:\/\/www.vmimixing.com\/fr\/jeu-concours-vmi-le-partenaire-des-champions\/","url":"https:\/\/www.vmimixing.com\/fr\/jeu-concours-vmi-le-partenaire-des-champions\/","name":"Jeu concours : VMI, le partenaire des champions - VMI - Fabrication d&#039;\u00e9quipements de m\u00e9lange","isPartOf":{"@id":"https:\/\/www.vmimixing.com\/#website"},"datePublished":"2023-12-21T10:10:04+00:00","dateModified":"2024-01-19T17:25:30+00:00","description":"VMI accompagne les boulangers pour atteindre leur meilleure performance et relevez tous leurs d\u00e9fis.","breadcrumb":{"@id":"https:\/\/www.vmimixing.com\/fr\/jeu-concours-vmi-le-partenaire-des-champions\/#breadcrumb"},"inLanguage":"fr-FR","potentialAction":[{"@type":"ReadAction","target":["https:\/\/www.vmimixing.com\/fr\/jeu-concours-vmi-le-partenaire-des-champions\/"]}]},{"@type":"BreadcrumbList","@id":"https:\/\/www.vmimixing.com\/fr\/jeu-concours-vmi-le-partenaire-des-champions\/#breadcrumb","itemListElement":[{"@type":"ListItem","position":1,"name":"Accueil","item":"https:\/\/www.vmimixing.com\/fr\/"},{"@type":"ListItem","position":2,"name":"Jeu concours : VMI, le partenaire des champions"}]},{"@type":"WebSite","@id":"https:\/\/www.vmimixing.com\/#website","url":"https:\/\/www.vmimixing.com\/","name":"VMI - Fabrication d&#039;\u00e9quipements de m\u00e9lange","description":"Conception, fabrication et installation de solution de m\u00e9lange","publisher":{"@id":"https:\/\/www.vmimixing.com\/#organization"},"potentialAction":[{"@type":"SearchAction","target":{"@type":"EntryPoint","urlTemplate":"https:\/\/www.vmimixing.com\/?s={search_term_string}"},"query-input":"required name=search_term_string"}],"inLanguage":"fr-FR"},{"@type":"Organization","@id":"https:\/\/www.vmimixing.com\/#organization","name":"VMI - Fabrication d&#039;\u00e9quipements de m\u00e9lange","url":"https:\/\/www.vmimixing.com\/","logo":{"@type":"ImageObject","inLanguage":"fr-FR","@id":"https:\/\/www.vmimixing.com\/#\/schema\/logo\/image\/","url":"https:\/\/www.vmimixing.com\/app\/uploads\/2025\/09\/VMI_logo_Strapline_RGB_June2025.png","contentUrl":"https:\/\/www.vmimixing.com\/app\/uploads\/2025\/09\/VMI_logo_Strapline_RGB_June2025.png","width":2180,"height":650,"caption":"VMI - Fabrication d&#039;\u00e9quipements de m\u00e9lange"},"image":{"@id":"https:\/\/www.vmimixing.com\/#\/schema\/logo\/image\/"}}]}},"_links":{"self":[{"href":"https:\/\/www.vmimixing.com\/fr\/wp-json\/wp\/v2\/pages\/112053"}],"collection":[{"href":"https:\/\/www.vmimixing.com\/fr\/wp-json\/wp\/v2\/pages"}],"about":[{"href":"https:\/\/www.vmimixing.com\/fr\/wp-json\/wp\/v2\/types\/page"}],"author":[{"embeddable":true,"href":"https:\/\/www.vmimixing.com\/fr\/wp-json\/wp\/v2\/users\/14"}],"replies":[{"embeddable":true,"href":"https:\/\/www.vmimixing.com\/fr\/wp-json\/wp\/v2\/comments?post=112053"}],"version-history":[{"count":13,"href":"https:\/\/www.vmimixing.com\/fr\/wp-json\/wp\/v2\/pages\/112053\/revisions"}],"predecessor-version":[{"id":112248,"href":"https:\/\/www.vmimixing.com\/fr\/wp-json\/wp\/v2\/pages\/112053\/revisions\/112248"}],"wp:attachment":[{"href":"https:\/\/www.vmimixing.com\/fr\/wp-json\/wp\/v2\/media?parent=112053"}],"curies":[{"name":"wp","href":"https:\/\/api.w.org\/{rel}","templated":true}]}}