{"id":112128,"date":"2024-01-11T18:30:46","date_gmt":"2024-01-11T17:30:46","guid":{"rendered":"https:\/\/www.vmimixing.com\/?page_id=112128"},"modified":"2024-01-19T18:28:11","modified_gmt":"2024-01-19T17:28:11","slug":"challenge-distributeurs-vmi-le-podium-des-pros","status":"publish","type":"page","link":"https:\/\/www.vmimixing.com\/fr\/challenge-distributeurs-vmi-le-podium-des-pros\/","title":{"rendered":"Challenge distributeurs : VMI, le podium des pros"},"content":{"rendered":"\n<p>Dans l&rsquo;univers du sport comme dans votre fournil, la performance, les d\u00e9fis et le challenge sont au c\u0153ur de l&rsquo;action. <strong>Pr\u00eat \u00e0 relever notre d\u00e9fi &#8211; VMI, le podium des pros <\/strong>?<\/p>\n\n\n\n<p>VMI vous offre la possibilit\u00e9 de remporter des places exclusives et vibrer au rythme d&rsquo;une comp\u00e9tition sportive qui s&rsquo;annonce \u00e9pique.<\/p>\n\n\n\n<div class=\"wp-container-3 wp-block-columns\">\n<div class=\"wp-container-1 wp-block-column\" style=\"flex-basis:33.33%\">\n<figure class=\"wp-block-image size-full\"><img loading=\"lazy\" width=\"400\" height=\"400\" src=\"https:\/\/www.vmimixing.com\/app\/uploads\/2024\/01\/Challenge-distributeurs-le-podium-des-pros.jpg\" alt=\"\" class=\"wp-image-112130\" srcset=\"https:\/\/www.vmimixing.com\/app\/uploads\/2024\/01\/Challenge-distributeurs-le-podium-des-pros.jpg 400w, https:\/\/www.vmimixing.com\/app\/uploads\/2024\/01\/Challenge-distributeurs-le-podium-des-pros-80x80-c-default.jpg 80w, https:\/\/www.vmimixing.com\/app\/uploads\/2024\/01\/Challenge-distributeurs-le-podium-des-pros-150x150-c-default.jpg 150w, https:\/\/www.vmimixing.com\/app\/uploads\/2024\/01\/Challenge-distributeurs-le-podium-des-pros-700x0-c-default.jpg 700w, https:\/\/www.vmimixing.com\/app\/uploads\/2024\/01\/Challenge-distributeurs-le-podium-des-pros-1100x1100-c-default.jpg 1100w, https:\/\/www.vmimixing.com\/app\/uploads\/2024\/01\/Challenge-distributeurs-le-podium-des-pros-50x50-c-default.jpg 50w, https:\/\/www.vmimixing.com\/app\/uploads\/2024\/01\/Challenge-distributeurs-le-podium-des-pros-576x0-c-default.jpg 576w, https:\/\/www.vmimixing.com\/app\/uploads\/2024\/01\/Challenge-distributeurs-le-podium-des-pros-460x0-c-default.jpg 460w, https:\/\/www.vmimixing.com\/app\/uploads\/2024\/01\/Challenge-distributeurs-le-podium-des-pros-156x156-c-default.jpg 156w, https:\/\/www.vmimixing.com\/app\/uploads\/2024\/01\/Challenge-distributeurs-le-podium-des-pros-310x0-c-default.jpg 310w\" sizes=\"(max-width: 400px) 100vw, 400px\" \/><\/figure>\n<\/div>\n\n\n\n<div class=\"wp-container-2 wp-block-column\" style=\"flex-basis:66.66%\">\n<h3 class=\"has-main-blue-color has-text-color\">Pour participer, c&rsquo;est tr\u00e8s simple :<\/h3>\n\n\n\n<ul><li>Cumulez des points en passant des commandes aupr\u00e8s de VMI.<\/li><\/ul>\n\n\n\n<p>&nbsp;Les points seront attribu\u00e9s comme suit :<\/p>\n\n\n\n<ul><li><strong>Accessoire int\u00e9gr\u00e9 \u00e0 une commande machine : <\/strong>5 points par accessoire.<\/li><li><strong>Commande contenant au moins deux machines : <\/strong>10 points pour chaque commande.<\/li><li><strong>\u00c9quipements sp\u00e9cifiques :<\/strong><ul><li>20 points par \u00e9quipement pour les gammes suivantes : <ul><li>BV12\/22, 1032, MAG-ECO, Batteur PH Digy, SPI 53-63 S\/Digy, Serie 2000 cuve fixe, Axoplus.<\/li><\/ul><\/li><\/ul><ul><li>30 points par \u00e9quipement pour les gammes suivantes : <ul><li>SPI 63 Digy Snacking, Genius, MAG-R, 2330 MAL, AF100.<\/li><\/ul><\/li><\/ul><ul><li>40 points par \u00e9quipement pour les gammes suivantes : <ul><li>SPI ACCESS, Batteur Phebus, Mahot (hors labo 25), \u00c9l\u00e9vateurs batteurs\/p\u00e9trins.<\/li><\/ul><\/li><\/ul><\/li><\/ul>\n\n\n\n<ul><li>Les 3 distributeurs ayant accumul\u00e9 le plus de points \u00e0 la fin de la p\u00e9riode seront d\u00e9clar\u00e9s <strong>vainqueurs<\/strong><\/li><\/ul>\n<\/div>\n<\/div>\n\n\n\n<p>Vous pouvez participer du <strong>21 janvier au 31 mai 2024.<\/strong> Les 3 distributeurs ayant cumul\u00e9 le plus de points seront d\u00e9clar\u00e9s <strong>vainqueurs <\/strong>et gagneront un package unique : 2 places pour assister \u00e0 une \u00e9preuve sensationnelle \u00e0 Paris, avec un forfait repas et une nuit d&rsquo;h\u00f4tel. <\/p>\n\n\n<div class=\"wp-block-image\">\n<figure class=\"aligncenter size-full\"><img loading=\"lazy\" width=\"800\" height=\"200\" src=\"https:\/\/www.vmimixing.com\/app\/uploads\/2024\/01\/Design-sans-titre.png\" alt=\"\" class=\"wp-image-112091\" srcset=\"https:\/\/www.vmimixing.com\/app\/uploads\/2024\/01\/Design-sans-titre.png 800w, https:\/\/www.vmimixing.com\/app\/uploads\/2024\/01\/Design-sans-titre-700x0-c-default.png 700w, https:\/\/www.vmimixing.com\/app\/uploads\/2024\/01\/Design-sans-titre-576x0-c-default.png 576w, https:\/\/www.vmimixing.com\/app\/uploads\/2024\/01\/Design-sans-titre-460x0-c-default.png 460w, https:\/\/www.vmimixing.com\/app\/uploads\/2024\/01\/Design-sans-titre-310x0-c-default.png 310w\" sizes=\"(max-width: 800px) 100vw, 800px\" \/><\/figure><\/div>\n\n\n<h2 class=\"has-text-align-center has-main-blue-color has-text-color\">D\u00e9couvrez les lots <\/h2>\n\n\n\n<div class=\"wp-container-6 wp-block-columns has-extra-light-gray-color has-main-blue-background-color has-text-color has-background\">\n<div class=\"wp-container-4 wp-block-column is-vertically-aligned-center\" style=\"flex-basis:33.33%\">\n<p class=\"has-text-align-left\">Chaque lot comprend<strong> 2 places<\/strong> pour assister \u00e0 l\u2019\u00e9preuve ainsi qu\u2019une nuit d\u2019h\u00f4tel et un package restauration*<\/p>\n<\/div>\n\n\n\n<div class=\"wp-container-5 wp-block-column is-vertically-aligned-center\" style=\"flex-basis:66.66%\">\n<ul><li>Escrime, Hommes, Sabre par \u00e9quipe &#8211; Grand Palais le 31\/07\/2024<br>Places cat\u00e9gorie A &#8211; Menu international pr\u00e9par\u00e9 par un chef et boissons<br>H\u00f4tel : Elys\u00e9e Secret ****   (2 lots)<\/li><\/ul>\n\n\n\n<ul><li>Beach Volley &#8211; 3 matchs de poule &#8211; Tour Eiffel le 31\/07\/2024<br>Places cat\u00e9gorie A &#8211; Menu international pr\u00e9par\u00e9 par un chef et boissons<br>H\u00f4tel : Eiffel Seine ***  ( 1 lot) <\/li><\/ul>\n\n\n\n<ul><li>Athl\u00e9tisme soir\u00e9e sur la session de finale &#8211; Stade de France le 03\/08\/2024<br>Places cat\u00e9gorie C &#8211; restauration moderne et boissons<br>H\u00f4tel : The Remix Hotel **** ( 1 lot ) <\/li><\/ul>\n\n\n\n<ul><li>Para natation &#8211; finales &#8211; Paris la D\u00e9fense Arena le 30\/08\/2024<br>Places cat\u00e9gorie C &#8211; snacking et fan kit<br>H\u00f4tel : Pullman Paris La D\u00e9fense <strong>*<\/strong>**** (2 lots)<\/li><\/ul>\n<\/div>\n<\/div>\n\n\n\n<div class=\"wp-container-11 wp-block-columns\">\n<div class=\"wp-container-8 wp-block-column\">\n<div class=\"wp-container-7 wp-block-buttons\">\n<div class=\"wp-block-button aligncenter is-style-vmi-button\"><a class=\"wp-block-button__link\" href=\"mailto: communication@vmi.fr\">Contactez VMI pour plus d&rsquo;informations<\/a><\/div>\n<\/div>\n<\/div>\n\n\n\n<div class=\"wp-container-10 wp-block-column\">\n<div class=\"wp-container-9 wp-block-buttons\">\n<div class=\"wp-block-button aligncenter is-style-vmi-button\"><a class=\"wp-block-button__link\" href=\"https:\/\/www.vmimixing.com\/app\/uploads\/2024\/01\/Reglement_Challenge_VMI_Distributeurs.pdf\" target=\"_blank\" rel=\"noreferrer noopener\">Consultez le r\u00e8glement du challenge<\/a><\/div>\n<\/div>\n<\/div>\n<\/div>\n\n\n\n<p class=\"has-small-font-size\">*VMI n\u2019est pas partenaire officiel des Jeux Olympiques ou Paralympiques, ne pr\u00e9tend pas l&rsquo;\u00eatre, et ce concours est organis\u00e9 ind\u00e9pendamment de tout partenariat avec le Comit\u00e9 International Olympique ou tout autre organisme olympique. Les places offertes sont un simple lot, et ce concours n&rsquo;implique aucune affiliation officielle avec les Jeux Olympiques.<\/p>\n","protected":false},"excerpt":{"rendered":"<p>Dans l&rsquo;univers du sport comme dans votre fournil, la performance, les d\u00e9fis et le challenge sont au c\u0153ur de l&rsquo;action. Pr\u00eat \u00e0 relever notre d\u00e9fi &#8211; VMI, le podium des [&hellip;]<\/p>\n","protected":false},"author":14,"featured_media":0,"parent":0,"menu_order":4,"comment_status":"closed","ping_status":"closed","template":"","meta":{"page_sector":"-"},"yoast_head":"<!-- This site is optimized with the Yoast SEO plugin v19.9 - https:\/\/yoast.com\/wordpress\/plugins\/seo\/ -->\n<title>Challenge distributeurs : VMI, le podium des pros - VMI - Fabrication d&#039;\u00e9quipements de m\u00e9lange<\/title>\n<meta name=\"robots\" content=\"noindex, nofollow\" \/>\n<meta property=\"og:locale\" content=\"fr_FR\" \/>\n<meta property=\"og:type\" content=\"article\" \/>\n<meta property=\"og:title\" content=\"Challenge distributeurs : VMI, le podium des pros - VMI - Fabrication d&#039;\u00e9quipements de m\u00e9lange\" \/>\n<meta property=\"og:description\" content=\"Dans l&rsquo;univers du sport comme dans votre fournil, la performance, les d\u00e9fis et le challenge sont au c\u0153ur de l&rsquo;action. Pr\u00eat \u00e0 relever notre d\u00e9fi &#8211; VMI, le podium des [&hellip;]\" \/>\n<meta property=\"og:url\" content=\"https:\/\/www.vmimixing.com\/fr\/challenge-distributeurs-vmi-le-podium-des-pros\/\" \/>\n<meta property=\"og:site_name\" content=\"VMI - Fabrication d&#039;\u00e9quipements de m\u00e9lange\" \/>\n<meta property=\"article:modified_time\" content=\"2024-01-19T17:28:11+00:00\" \/>\n<meta property=\"og:image\" content=\"https:\/\/www.vmimixing.com\/app\/uploads\/2024\/01\/Challenge-distributeurs-le-podium-des-pros.jpg\" \/>\n<meta name=\"twitter:card\" content=\"summary_large_image\" \/>\n<meta name=\"twitter:label1\" content=\"Dur\u00e9e de lecture estim\u00e9e\" \/>\n\t<meta name=\"twitter:data1\" content=\"3 minutes\" \/>\n<script type=\"application\/ld+json\" class=\"yoast-schema-graph\">{\"@context\":\"https:\/\/schema.org\",\"@graph\":[{\"@type\":\"WebPage\",\"@id\":\"https:\/\/www.vmimixing.com\/fr\/challenge-distributeurs-vmi-le-podium-des-pros\/\",\"url\":\"https:\/\/www.vmimixing.com\/fr\/challenge-distributeurs-vmi-le-podium-des-pros\/\",\"name\":\"Challenge distributeurs : VMI, le podium des pros - VMI - Fabrication d&#039;\u00e9quipements de m\u00e9lange\",\"isPartOf\":{\"@id\":\"https:\/\/www.vmimixing.com\/#website\"},\"datePublished\":\"2024-01-11T17:30:46+00:00\",\"dateModified\":\"2024-01-19T17:28:11+00:00\",\"breadcrumb\":{\"@id\":\"https:\/\/www.vmimixing.com\/fr\/challenge-distributeurs-vmi-le-podium-des-pros\/#breadcrumb\"},\"inLanguage\":\"fr-FR\",\"potentialAction\":[{\"@type\":\"ReadAction\",\"target\":[\"https:\/\/www.vmimixing.com\/fr\/challenge-distributeurs-vmi-le-podium-des-pros\/\"]}]},{\"@type\":\"BreadcrumbList\",\"@id\":\"https:\/\/www.vmimixing.com\/fr\/challenge-distributeurs-vmi-le-podium-des-pros\/#breadcrumb\",\"itemListElement\":[{\"@type\":\"ListItem\",\"position\":1,\"name\":\"Accueil\",\"item\":\"https:\/\/www.vmimixing.com\/fr\/\"},{\"@type\":\"ListItem\",\"position\":2,\"name\":\"Challenge distributeurs : VMI, le podium des pros\"}]},{\"@type\":\"WebSite\",\"@id\":\"https:\/\/www.vmimixing.com\/#website\",\"url\":\"https:\/\/www.vmimixing.com\/\",\"name\":\"VMI - Fabrication d&#039;\u00e9quipements de m\u00e9lange\",\"description\":\"Conception, fabrication et installation de solution de m\u00e9lange\",\"publisher\":{\"@id\":\"https:\/\/www.vmimixing.com\/#organization\"},\"potentialAction\":[{\"@type\":\"SearchAction\",\"target\":{\"@type\":\"EntryPoint\",\"urlTemplate\":\"https:\/\/www.vmimixing.com\/?s={search_term_string}\"},\"query-input\":\"required name=search_term_string\"}],\"inLanguage\":\"fr-FR\"},{\"@type\":\"Organization\",\"@id\":\"https:\/\/www.vmimixing.com\/#organization\",\"name\":\"VMI - Fabrication d&#039;\u00e9quipements de m\u00e9lange\",\"url\":\"https:\/\/www.vmimixing.com\/\",\"logo\":{\"@type\":\"ImageObject\",\"inLanguage\":\"fr-FR\",\"@id\":\"https:\/\/www.vmimixing.com\/#\/schema\/logo\/image\/\",\"url\":\"https:\/\/www.vmimixing.com\/app\/uploads\/2025\/09\/VMI_logo_Strapline_RGB_June2025.png\",\"contentUrl\":\"https:\/\/www.vmimixing.com\/app\/uploads\/2025\/09\/VMI_logo_Strapline_RGB_June2025.png\",\"width\":2180,\"height\":650,\"caption\":\"VMI - Fabrication d&#039;\u00e9quipements de m\u00e9lange\"},\"image\":{\"@id\":\"https:\/\/www.vmimixing.com\/#\/schema\/logo\/image\/\"}}]}<\/script>\n<!-- \/ Yoast SEO plugin. -->","yoast_head_json":{"title":"Challenge distributeurs : VMI, le podium des pros - VMI - Fabrication d&#039;\u00e9quipements de m\u00e9lange","robots":{"index":"noindex","follow":"nofollow"},"og_locale":"fr_FR","og_type":"article","og_title":"Challenge distributeurs : VMI, le podium des pros - VMI - Fabrication d&#039;\u00e9quipements de m\u00e9lange","og_description":"Dans l&rsquo;univers du sport comme dans votre fournil, la performance, les d\u00e9fis et le challenge sont au c\u0153ur de l&rsquo;action. Pr\u00eat \u00e0 relever notre d\u00e9fi &#8211; VMI, le podium des [&hellip;]","og_url":"https:\/\/www.vmimixing.com\/fr\/challenge-distributeurs-vmi-le-podium-des-pros\/","og_site_name":"VMI - Fabrication d&#039;\u00e9quipements de m\u00e9lange","article_modified_time":"2024-01-19T17:28:11+00:00","og_image":[{"url":"https:\/\/www.vmimixing.com\/app\/uploads\/2024\/01\/Challenge-distributeurs-le-podium-des-pros.jpg"}],"twitter_card":"summary_large_image","twitter_misc":{"Dur\u00e9e de lecture estim\u00e9e":"3 minutes"},"schema":{"@context":"https:\/\/schema.org","@graph":[{"@type":"WebPage","@id":"https:\/\/www.vmimixing.com\/fr\/challenge-distributeurs-vmi-le-podium-des-pros\/","url":"https:\/\/www.vmimixing.com\/fr\/challenge-distributeurs-vmi-le-podium-des-pros\/","name":"Challenge distributeurs : VMI, le podium des pros - VMI - Fabrication d&#039;\u00e9quipements de m\u00e9lange","isPartOf":{"@id":"https:\/\/www.vmimixing.com\/#website"},"datePublished":"2024-01-11T17:30:46+00:00","dateModified":"2024-01-19T17:28:11+00:00","breadcrumb":{"@id":"https:\/\/www.vmimixing.com\/fr\/challenge-distributeurs-vmi-le-podium-des-pros\/#breadcrumb"},"inLanguage":"fr-FR","potentialAction":[{"@type":"ReadAction","target":["https:\/\/www.vmimixing.com\/fr\/challenge-distributeurs-vmi-le-podium-des-pros\/"]}]},{"@type":"BreadcrumbList","@id":"https:\/\/www.vmimixing.com\/fr\/challenge-distributeurs-vmi-le-podium-des-pros\/#breadcrumb","itemListElement":[{"@type":"ListItem","position":1,"name":"Accueil","item":"https:\/\/www.vmimixing.com\/fr\/"},{"@type":"ListItem","position":2,"name":"Challenge distributeurs : VMI, le podium des pros"}]},{"@type":"WebSite","@id":"https:\/\/www.vmimixing.com\/#website","url":"https:\/\/www.vmimixing.com\/","name":"VMI - Fabrication d&#039;\u00e9quipements de m\u00e9lange","description":"Conception, fabrication et installation de solution de m\u00e9lange","publisher":{"@id":"https:\/\/www.vmimixing.com\/#organization"},"potentialAction":[{"@type":"SearchAction","target":{"@type":"EntryPoint","urlTemplate":"https:\/\/www.vmimixing.com\/?s={search_term_string}"},"query-input":"required name=search_term_string"}],"inLanguage":"fr-FR"},{"@type":"Organization","@id":"https:\/\/www.vmimixing.com\/#organization","name":"VMI - Fabrication d&#039;\u00e9quipements de m\u00e9lange","url":"https:\/\/www.vmimixing.com\/","logo":{"@type":"ImageObject","inLanguage":"fr-FR","@id":"https:\/\/www.vmimixing.com\/#\/schema\/logo\/image\/","url":"https:\/\/www.vmimixing.com\/app\/uploads\/2025\/09\/VMI_logo_Strapline_RGB_June2025.png","contentUrl":"https:\/\/www.vmimixing.com\/app\/uploads\/2025\/09\/VMI_logo_Strapline_RGB_June2025.png","width":2180,"height":650,"caption":"VMI - Fabrication d&#039;\u00e9quipements de m\u00e9lange"},"image":{"@id":"https:\/\/www.vmimixing.com\/#\/schema\/logo\/image\/"}}]}},"_links":{"self":[{"href":"https:\/\/www.vmimixing.com\/fr\/wp-json\/wp\/v2\/pages\/112128"}],"collection":[{"href":"https:\/\/www.vmimixing.com\/fr\/wp-json\/wp\/v2\/pages"}],"about":[{"href":"https:\/\/www.vmimixing.com\/fr\/wp-json\/wp\/v2\/types\/page"}],"author":[{"embeddable":true,"href":"https:\/\/www.vmimixing.com\/fr\/wp-json\/wp\/v2\/users\/14"}],"replies":[{"embeddable":true,"href":"https:\/\/www.vmimixing.com\/fr\/wp-json\/wp\/v2\/comments?post=112128"}],"version-history":[{"count":9,"href":"https:\/\/www.vmimixing.com\/fr\/wp-json\/wp\/v2\/pages\/112128\/revisions"}],"predecessor-version":[{"id":112250,"href":"https:\/\/www.vmimixing.com\/fr\/wp-json\/wp\/v2\/pages\/112128\/revisions\/112250"}],"wp:attachment":[{"href":"https:\/\/www.vmimixing.com\/fr\/wp-json\/wp\/v2\/media?parent=112128"}],"curies":[{"name":"wp","href":"https:\/\/api.w.org\/{rel}","templated":true}]}}