{"id":16,"date":"2021-04-16T14:27:55","date_gmt":"2021-04-16T12:27:55","guid":{"rendered":"http:\/\/www.vmimixing.com\/?page_id=16"},"modified":"2022-02-15T17:47:46","modified_gmt":"2022-02-15T16:47:46","slug":"equipements-melange","status":"publish","type":"page","link":"https:\/\/www.vmimixing.com\/fr\/sante-chimie-des-specialites\/equipements-melange\/","title":{"rendered":"Equipements et technologies"},"content":{"rendered":"","protected":false},"excerpt":{"rendered":"","protected":false},"author":1,"featured_media":0,"parent":13,"menu_order":47,"comment_status":"closed","ping_status":"closed","template":"product-list.php","meta":{"page_sector":"health"},"yoast_head":"<!-- This site is optimized with the Yoast SEO plugin v19.9 - https:\/\/yoast.com\/wordpress\/plugins\/seo\/ -->\n<title>Les \u00e9quipements de m\u00e9lange pour la cosmeto-pharma et chimie fine<\/title>\n<meta name=\"description\" content=\"M\u00e9langeurs, agitateurs et homog\u00e9n\u00e9iseurs pour les industries de la cosm\u00e9tique, pharmacie et chimie. Solutions automatis\u00e9es personnalis\u00e9es et cl\u00e9 en main.\" \/>\n<meta name=\"robots\" content=\"index, follow, max-snippet:-1, max-image-preview:large, max-video-preview:-1\" \/>\n<link rel=\"canonical\" href=\"https:\/\/www.vmimixing.com\/fr\/sante-chimie-des-specialites\/equipements-melange\/\" \/>\n<meta property=\"og:locale\" content=\"fr_FR\" \/>\n<meta property=\"og:type\" content=\"article\" \/>\n<meta property=\"og:title\" content=\"Les \u00e9quipements de m\u00e9lange pour la cosmeto-pharma et chimie fine\" \/>\n<meta property=\"og:description\" content=\"M\u00e9langeurs, agitateurs et homog\u00e9n\u00e9iseurs pour les industries de la cosm\u00e9tique, pharmacie et chimie. Solutions automatis\u00e9es personnalis\u00e9es et cl\u00e9 en main.\" \/>\n<meta property=\"og:url\" content=\"https:\/\/www.vmimixing.com\/fr\/sante-chimie-des-specialites\/equipements-melange\/\" \/>\n<meta property=\"og:site_name\" content=\"VMI - Fabrication d&#039;\u00e9quipements de m\u00e9lange\" \/>\n<meta property=\"article:modified_time\" content=\"2022-02-15T16:47:46+00:00\" \/>\n<meta name=\"twitter:card\" content=\"summary_large_image\" \/>\n<script type=\"application\/ld+json\" class=\"yoast-schema-graph\">{\"@context\":\"https:\/\/schema.org\",\"@graph\":[{\"@type\":\"WebPage\",\"@id\":\"https:\/\/www.vmimixing.com\/fr\/sante-chimie-des-specialites\/equipements-melange\/\",\"url\":\"https:\/\/www.vmimixing.com\/fr\/sante-chimie-des-specialites\/equipements-melange\/\",\"name\":\"Les \u00e9quipements de m\u00e9lange pour la cosmeto-pharma et chimie fine\",\"isPartOf\":{\"@id\":\"https:\/\/www.vmimixing.com\/#website\"},\"datePublished\":\"2021-04-16T12:27:55+00:00\",\"dateModified\":\"2022-02-15T16:47:46+00:00\",\"description\":\"M\u00e9langeurs, agitateurs et homog\u00e9n\u00e9iseurs pour les industries de la cosm\u00e9tique, pharmacie et chimie. Solutions automatis\u00e9es personnalis\u00e9es et cl\u00e9 en main.\",\"breadcrumb\":{\"@id\":\"https:\/\/www.vmimixing.com\/fr\/sante-chimie-des-specialites\/equipements-melange\/#breadcrumb\"},\"inLanguage\":\"fr-FR\",\"potentialAction\":[{\"@type\":\"ReadAction\",\"target\":[\"https:\/\/www.vmimixing.com\/fr\/sante-chimie-des-specialites\/equipements-melange\/\"]}]},{\"@type\":\"BreadcrumbList\",\"@id\":\"https:\/\/www.vmimixing.com\/fr\/sante-chimie-des-specialites\/equipements-melange\/#breadcrumb\",\"itemListElement\":[{\"@type\":\"ListItem\",\"position\":1,\"name\":\"Accueil\",\"item\":\"https:\/\/www.vmimixing.com\/fr\/\"},{\"@type\":\"ListItem\",\"position\":2,\"name\":\"Sant\u00e9 et chimie des sp\u00e9cialit\u00e9s\",\"item\":\"https:\/\/www.vmimixing.com\/fr\/sante-chimie-des-specialites\/\"},{\"@type\":\"ListItem\",\"position\":3,\"name\":\"Equipements et technologies\"}]},{\"@type\":\"WebSite\",\"@id\":\"https:\/\/www.vmimixing.com\/#website\",\"url\":\"https:\/\/www.vmimixing.com\/\",\"name\":\"VMI - Fabrication d&#039;\u00e9quipements de m\u00e9lange\",\"description\":\"Conception, fabrication et installation de solution de m\u00e9lange\",\"publisher\":{\"@id\":\"https:\/\/www.vmimixing.com\/#organization\"},\"potentialAction\":[{\"@type\":\"SearchAction\",\"target\":{\"@type\":\"EntryPoint\",\"urlTemplate\":\"https:\/\/www.vmimixing.com\/?s={search_term_string}\"},\"query-input\":\"required name=search_term_string\"}],\"inLanguage\":\"fr-FR\"},{\"@type\":\"Organization\",\"@id\":\"https:\/\/www.vmimixing.com\/#organization\",\"name\":\"VMI - Fabrication d&#039;\u00e9quipements de m\u00e9lange\",\"url\":\"https:\/\/www.vmimixing.com\/\",\"logo\":{\"@type\":\"ImageObject\",\"inLanguage\":\"fr-FR\",\"@id\":\"https:\/\/www.vmimixing.com\/#\/schema\/logo\/image\/\",\"url\":\"https:\/\/www.vmimixing.com\/app\/uploads\/2025\/09\/VMI_logo_Strapline_RGB_June2025.png\",\"contentUrl\":\"https:\/\/www.vmimixing.com\/app\/uploads\/2025\/09\/VMI_logo_Strapline_RGB_June2025.png\",\"width\":2180,\"height\":650,\"caption\":\"VMI - Fabrication d&#039;\u00e9quipements de m\u00e9lange\"},\"image\":{\"@id\":\"https:\/\/www.vmimixing.com\/#\/schema\/logo\/image\/\"}}]}<\/script>\n<!-- \/ Yoast SEO plugin. -->","yoast_head_json":{"title":"Les \u00e9quipements de m\u00e9lange pour la cosmeto-pharma et chimie fine","description":"M\u00e9langeurs, agitateurs et homog\u00e9n\u00e9iseurs pour les industries de la cosm\u00e9tique, pharmacie et chimie. Solutions automatis\u00e9es personnalis\u00e9es et cl\u00e9 en main.","robots":{"index":"index","follow":"follow","max-snippet":"max-snippet:-1","max-image-preview":"max-image-preview:large","max-video-preview":"max-video-preview:-1"},"canonical":"https:\/\/www.vmimixing.com\/fr\/sante-chimie-des-specialites\/equipements-melange\/","og_locale":"fr_FR","og_type":"article","og_title":"Les \u00e9quipements de m\u00e9lange pour la cosmeto-pharma et chimie fine","og_description":"M\u00e9langeurs, agitateurs et homog\u00e9n\u00e9iseurs pour les industries de la cosm\u00e9tique, pharmacie et chimie. Solutions automatis\u00e9es personnalis\u00e9es et cl\u00e9 en main.","og_url":"https:\/\/www.vmimixing.com\/fr\/sante-chimie-des-specialites\/equipements-melange\/","og_site_name":"VMI - Fabrication d&#039;\u00e9quipements de m\u00e9lange","article_modified_time":"2022-02-15T16:47:46+00:00","twitter_card":"summary_large_image","schema":{"@context":"https:\/\/schema.org","@graph":[{"@type":"WebPage","@id":"https:\/\/www.vmimixing.com\/fr\/sante-chimie-des-specialites\/equipements-melange\/","url":"https:\/\/www.vmimixing.com\/fr\/sante-chimie-des-specialites\/equipements-melange\/","name":"Les \u00e9quipements de m\u00e9lange pour la cosmeto-pharma et chimie fine","isPartOf":{"@id":"https:\/\/www.vmimixing.com\/#website"},"datePublished":"2021-04-16T12:27:55+00:00","dateModified":"2022-02-15T16:47:46+00:00","description":"M\u00e9langeurs, agitateurs et homog\u00e9n\u00e9iseurs pour les industries de la cosm\u00e9tique, pharmacie et chimie. Solutions automatis\u00e9es personnalis\u00e9es et cl\u00e9 en main.","breadcrumb":{"@id":"https:\/\/www.vmimixing.com\/fr\/sante-chimie-des-specialites\/equipements-melange\/#breadcrumb"},"inLanguage":"fr-FR","potentialAction":[{"@type":"ReadAction","target":["https:\/\/www.vmimixing.com\/fr\/sante-chimie-des-specialites\/equipements-melange\/"]}]},{"@type":"BreadcrumbList","@id":"https:\/\/www.vmimixing.com\/fr\/sante-chimie-des-specialites\/equipements-melange\/#breadcrumb","itemListElement":[{"@type":"ListItem","position":1,"name":"Accueil","item":"https:\/\/www.vmimixing.com\/fr\/"},{"@type":"ListItem","position":2,"name":"Sant\u00e9 et chimie des sp\u00e9cialit\u00e9s","item":"https:\/\/www.vmimixing.com\/fr\/sante-chimie-des-specialites\/"},{"@type":"ListItem","position":3,"name":"Equipements et technologies"}]},{"@type":"WebSite","@id":"https:\/\/www.vmimixing.com\/#website","url":"https:\/\/www.vmimixing.com\/","name":"VMI - Fabrication d&#039;\u00e9quipements de m\u00e9lange","description":"Conception, fabrication et installation de solution de m\u00e9lange","publisher":{"@id":"https:\/\/www.vmimixing.com\/#organization"},"potentialAction":[{"@type":"SearchAction","target":{"@type":"EntryPoint","urlTemplate":"https:\/\/www.vmimixing.com\/?s={search_term_string}"},"query-input":"required name=search_term_string"}],"inLanguage":"fr-FR"},{"@type":"Organization","@id":"https:\/\/www.vmimixing.com\/#organization","name":"VMI - Fabrication d&#039;\u00e9quipements de m\u00e9lange","url":"https:\/\/www.vmimixing.com\/","logo":{"@type":"ImageObject","inLanguage":"fr-FR","@id":"https:\/\/www.vmimixing.com\/#\/schema\/logo\/image\/","url":"https:\/\/www.vmimixing.com\/app\/uploads\/2025\/09\/VMI_logo_Strapline_RGB_June2025.png","contentUrl":"https:\/\/www.vmimixing.com\/app\/uploads\/2025\/09\/VMI_logo_Strapline_RGB_June2025.png","width":2180,"height":650,"caption":"VMI - Fabrication d&#039;\u00e9quipements de m\u00e9lange"},"image":{"@id":"https:\/\/www.vmimixing.com\/#\/schema\/logo\/image\/"}}]}},"_links":{"self":[{"href":"https:\/\/www.vmimixing.com\/fr\/wp-json\/wp\/v2\/pages\/16"}],"collection":[{"href":"https:\/\/www.vmimixing.com\/fr\/wp-json\/wp\/v2\/pages"}],"about":[{"href":"https:\/\/www.vmimixing.com\/fr\/wp-json\/wp\/v2\/types\/page"}],"author":[{"embeddable":true,"href":"https:\/\/www.vmimixing.com\/fr\/wp-json\/wp\/v2\/users\/1"}],"replies":[{"embeddable":true,"href":"https:\/\/www.vmimixing.com\/fr\/wp-json\/wp\/v2\/comments?post=16"}],"version-history":[{"count":2,"href":"https:\/\/www.vmimixing.com\/fr\/wp-json\/wp\/v2\/pages\/16\/revisions"}],"predecessor-version":[{"id":109629,"href":"https:\/\/www.vmimixing.com\/fr\/wp-json\/wp\/v2\/pages\/16\/revisions\/109629"}],"up":[{"embeddable":true,"href":"https:\/\/www.vmimixing.com\/fr\/wp-json\/wp\/v2\/pages\/13"}],"wp:attachment":[{"href":"https:\/\/www.vmimixing.com\/fr\/wp-json\/wp\/v2\/media?parent=16"}],"curies":[{"name":"wp","href":"https:\/\/api.w.org\/{rel}","templated":true}]}}